{"id":17,"date":"2021-09-10T18:12:09","date_gmt":"2021-09-10T15:12:09","guid":{"rendered":"https:\/\/bokslukaren.org\/?page_id=17"},"modified":"2025-08-20T15:43:38","modified_gmt":"2025-08-20T12:43:38","slug":"forside","status":"publish","type":"page","link":"https:\/\/bokslukaren.org\/da\/","title":{"rendered":"Den nordiske bogsluger"},"content":{"rendered":"<div class=\"wp-bootstrap-blocks-container container mb-5\">\n\t\n<div class=\"wp-bootstrap-blocks-row row justify-content-center align-items-center\">\n\t\n\n<div class=\"col-12 col-md-8 col-lg-7 col-xxl-6\">\n\t\t\t<div class=\"h-100 d-flex flex-column justify-content-center p-3\">\n\t\t\t\n<div class=\"wp-block-image\">\n<figure class=\"aligncenter size-full\"><img loading=\"lazy\" decoding=\"async\" width=\"1000\" height=\"400\" src=\"https:\/\/bokslukaren.org\/wp-content\/uploads\/2022\/02\/Bogbananen_nukkuu_optim.gif\" alt=\"\" class=\"wp-image-1681\"\/><\/figure>\n<\/div>\n\t\t<\/div>\n\t<\/div>\n\n<\/div>\n\n\n<div class=\"wp-bootstrap-blocks-row row justify-content-center align-items-center\">\n\t\n\n<div class=\"col-12 col-md-10 col-xxl-8\">\n\t\t\t<div class=\"h-100 d-flex flex-column justify-content-center\">\n\t\t\t\n\n<h1 class=\"wp-block-heading has-text-align-center\" id=\"den-nordiske-bogsluger\"><strong>Den nordiske bogsluger<\/strong><\/h1>\n\n\n\n<h3 style=\"text-align: center;\"><strong>\u2013 din genvej til bogsamtaler med b\u00f8rn<br \/>om billedb\u00f8ger p\u00e5 andre nordiske sprog!<\/strong><\/h3>\n<p style=\"text-align: center;\"><span class=\"TextRun SCXW257104089 BCX0\" lang=\"DA-DK\" xml:lang=\"DA-DK\" data-contrast=\"auto\"><span class=\"NormalTextRun SCXW257104089 BCX0\">Den nordiske bogsluger skaber p\u00e6dagogisk<\/span> <span class=\"NormalTextRun SCXW257104089 BCX0\">hj\u00e6lpe<\/span><span class=\"NormalTextRun SCXW257104089 BCX0\">mater<\/span><span class=\"NormalTextRun SCXW257104089 BCX0\">iale <\/span><span class=\"NormalTextRun SCXW257104089 BCX0\">til billedb\u00f8ger fra alle de nordiske lande, gratis og p\u00e5<\/span><span class=\"NormalTextRun SCXW257104089 BCX0\"> alle de nordiske sprog. <\/span><span class=\"NormalTextRun SCXW257104089 BCX0\">Materialet kan benyttes frit som diskussionsopl\u00e6g i bog<\/span><span class=\"NormalTextRun SCXW257104089 BCX0\">samtaler b\u00e5de <\/span><span class=\"NormalTextRun SCXW257104089 BCX0\">i skolen, p\u00e5 biblioteket og hjemme i sofaen. Materialet <\/span><span class=\"NormalTextRun SCXW257104089 BCX0\">er skabt omkring billedb\u00f8ger<\/span><span class=\"NormalTextRun SCXW257104089 BCX0\">,<\/span><span class=\"NormalTextRun SCXW257104089 BCX0\"> der har v\u00e6ret nominerede til Nordisk r\u00e5ds b\u00f8rne- og ungdomslitteraturpris.<\/span><\/span><\/p>\n<\/p>\n\n\n\n<h4 style=\"text-align: center;\"><strong><span class=\"TextRun MacChromeBold SCXW151896820 BCX0\" lang=\"DA-DK\" xml:lang=\"DA-DK\" data-contrast=\"auto\"><span class=\"NormalTextRun SCXW151896820 BCX0\">Hvorfor Den nordiske bogsluger?<\/span><\/span><span class=\"EOP SCXW151896820 BCX0\" data-ccp-props=\"{&quot;335551550&quot;:2,&quot;335551620&quot;:2,&quot;335559685&quot;:-180,&quot;335559737&quot;:-180,&quot;335559739&quot;:240}\">\u00a0<\/span><\/strong><\/h4>\n<p style=\"text-align: center;\"><span data-contrast=\"auto\">Vi vil n\u00e5 ud til voksne, der l\u00e6ser med b\u00f8rn, men som savner noget mere inspiration og st\u00f8tte til deres l\u00e6sefremmende arbejde. Materialet er ogs\u00e5 en hj\u00e6lp til dig, der \u00f8nsker at l\u00e6se billedb\u00f8ger p\u00e5 andre nordiske sprog sammen med b\u00f8rn. P\u00e5 denne m\u00e5de \u00f8ger vi kendskaben til vores allesammens nordiske billedbogsskat og skaber en nordisk samh\u00f8righed gennem l\u00e6sning.\u00a0<\/span><span data-ccp-props=\"{&quot;335551550&quot;:2,&quot;335551620&quot;:2,&quot;335559685&quot;:-180,&quot;335559737&quot;:-180,&quot;335559739&quot;:240}\">\u00a0<\/span><\/p>\n<p style=\"text-align: center;\"><span data-contrast=\"auto\">Hj\u00e6lpematerialet udarbejdes af en nordisk arbejdsgruppe best\u00e5ende af b\u00f8rnebibliotekarer, illustratorer, forfattere, p\u00e6dagoger og andre l\u00e6sefremmere. Nordisk kulturkontakt i Helsingfors har initieret og ledet projektet, som finansieres af Nordisk ministerr\u00e5d.<\/span><\/p>\n<h4>\u00a0<\/h4>\n<h4 style=\"text-align: center;\"><strong><span class=\"TextRun MacChromeBold SCXW87147603 BCX0\" lang=\"DA-DK\" xml:lang=\"DA-DK\" data-contrast=\"auto\"><span class=\"NormalTextRun SCXW87147603 BCX0\">Velkommen ind og lad d<\/span><span class=\"NormalTextRun SCXW87147603 BCX0\">ig inspirere!<\/span><\/span><span class=\"EOP SCXW87147603 BCX0\" data-ccp-props=\"{&quot;335551550&quot;:2,&quot;335551620&quot;:2,&quot;335559685&quot;:-180,&quot;335559737&quot;:-180,&quot;335559739&quot;:240}\">\u00a0<\/span><\/strong><\/h4>\n\n\t\t<\/div>\n\t<\/div>\n\n<\/div>\n\n<\/div>\n\n\n<div class=\"wp-bootstrap-blocks-container container-fluid mb-5\">\n\t\n<div class=\"wp-bootstrap-blocks-row row gx-0 gy-3\">\n\t\n\n<div class=\"col-12\">\n\t\t\t\n<div class=\"wp-block-image left-over\">\n<figure class=\"alignleft size-full\"><img loading=\"lazy\" decoding=\"async\" width=\"1107\" height=\"229\" src=\"https:\/\/bokslukaren.org\/wp-content\/uploads\/2021\/09\/kyna-2.png\" alt=\"\" class=\"wp-image-134\" srcset=\"https:\/\/bokslukaren.org\/wp-content\/uploads\/2021\/09\/kyna-2.png 1107w, https:\/\/bokslukaren.org\/wp-content\/uploads\/2021\/09\/kyna-2-300x62.png 300w, https:\/\/bokslukaren.org\/wp-content\/uploads\/2021\/09\/kyna-2-1024x212.png 1024w, https:\/\/bokslukaren.org\/wp-content\/uploads\/2021\/09\/kyna-2-768x159.png 768w\" sizes=\"auto, (max-width: 1107px) 100vw, 1107px\" \/><\/figure>\n<\/div>\n\t<\/div>\n\n<\/div>\n\n<\/div>\n","protected":false},"excerpt":{"rendered":"","protected":false},"author":1,"featured_media":471,"parent":0,"menu_order":0,"comment_status":"closed","ping_status":"closed","template":"","meta":{"_acf_changed":false,"_monsterinsights_skip_tracking":false,"_monsterinsights_sitenote_active":false,"_monsterinsights_sitenote_note":"","_monsterinsights_sitenote_category":0,"footnotes":""},"class_list":["post-17","page","type-page","status-publish","has-post-thumbnail","hentry"],"acf":[],"yoast_head":"<!-- This site is optimized with the Yoast SEO plugin v27.3 - https:\/\/yoast.com\/product\/yoast-seo-wordpress\/ -->\n<title>Den nordiske bogsluger - Bokslukaren<\/title>\n<meta name=\"robots\" content=\"index, follow, max-snippet:-1, max-image-preview:large, max-video-preview:-1\" \/>\n<link rel=\"canonical\" href=\"https:\/\/bokslukaren.org\/da\/\" \/>\n<meta property=\"og:locale\" content=\"da_DK\" \/>\n<meta property=\"og:type\" content=\"article\" \/>\n<meta property=\"og:title\" content=\"Den nordiske bogsluger - Bokslukaren\" \/>\n<meta property=\"og:url\" content=\"https:\/\/bokslukaren.org\/da\/\" \/>\n<meta property=\"og:site_name\" content=\"Bokslukaren\" \/>\n<meta property=\"article:publisher\" content=\"https:\/\/www.facebook.com\/nordiskkulturkontakt\/\" \/>\n<meta property=\"article:modified_time\" content=\"2025-08-20T12:43:38+00:00\" \/>\n<meta property=\"og:image\" content=\"https:\/\/bokslukaren.org\/wp-content\/uploads\/2021\/09\/bokslukaren-og.png\" \/>\n\t<meta property=\"og:image:width\" content=\"1200\" \/>\n\t<meta property=\"og:image:height\" content=\"630\" \/>\n\t<meta property=\"og:image:type\" content=\"image\/png\" \/>\n<meta name=\"twitter:card\" content=\"summary_large_image\" \/>\n<meta name=\"twitter:label1\" content=\"Estimeret l\u00e6setid\" \/>\n\t<meta name=\"twitter:data1\" content=\"2 minutter\" \/>\n<script type=\"application\/ld+json\" class=\"yoast-schema-graph\">{\"@context\":\"https:\\\/\\\/schema.org\",\"@graph\":[{\"@type\":\"WebPage\",\"@id\":\"https:\\\/\\\/bokslukaren.org\\\/da\\\/\",\"url\":\"https:\\\/\\\/bokslukaren.org\\\/da\\\/\",\"name\":\"Den nordiske bogsluger - Bokslukaren\",\"isPartOf\":{\"@id\":\"https:\\\/\\\/bokslukaren.org\\\/#website\"},\"primaryImageOfPage\":{\"@id\":\"https:\\\/\\\/bokslukaren.org\\\/da\\\/#primaryimage\"},\"image\":{\"@id\":\"https:\\\/\\\/bokslukaren.org\\\/da\\\/#primaryimage\"},\"thumbnailUrl\":\"https:\\\/\\\/bokslukaren.org\\\/wp-content\\\/uploads\\\/2021\\\/09\\\/bokslukaren-og.png\",\"datePublished\":\"2021-09-10T15:12:09+00:00\",\"dateModified\":\"2025-08-20T12:43:38+00:00\",\"inLanguage\":\"da-DK\",\"potentialAction\":[{\"@type\":\"ReadAction\",\"target\":[\"https:\\\/\\\/bokslukaren.org\\\/da\\\/\"]}]},{\"@type\":\"ImageObject\",\"inLanguage\":\"da-DK\",\"@id\":\"https:\\\/\\\/bokslukaren.org\\\/da\\\/#primaryimage\",\"url\":\"https:\\\/\\\/bokslukaren.org\\\/wp-content\\\/uploads\\\/2021\\\/09\\\/bokslukaren-og.png\",\"contentUrl\":\"https:\\\/\\\/bokslukaren.org\\\/wp-content\\\/uploads\\\/2021\\\/09\\\/bokslukaren-og.png\",\"width\":1200,\"height\":630},{\"@type\":\"WebSite\",\"@id\":\"https:\\\/\\\/bokslukaren.org\\\/#website\",\"url\":\"https:\\\/\\\/bokslukaren.org\\\/\",\"name\":\"Bokslukaren\",\"description\":\"Test\",\"potentialAction\":[{\"@type\":\"SearchAction\",\"target\":{\"@type\":\"EntryPoint\",\"urlTemplate\":\"https:\\\/\\\/bokslukaren.org\\\/?s={search_term_string}\"},\"query-input\":{\"@type\":\"PropertyValueSpecification\",\"valueRequired\":true,\"valueName\":\"search_term_string\"}}],\"inLanguage\":\"da-DK\"}]}<\/script>\n<!-- \/ Yoast SEO plugin. -->","yoast_head_json":{"title":"Den nordiske bogsluger - Bokslukaren","robots":{"index":"index","follow":"follow","max-snippet":"max-snippet:-1","max-image-preview":"max-image-preview:large","max-video-preview":"max-video-preview:-1"},"canonical":"https:\/\/bokslukaren.org\/da\/","og_locale":"da_DK","og_type":"article","og_title":"Den nordiske bogsluger - Bokslukaren","og_url":"https:\/\/bokslukaren.org\/da\/","og_site_name":"Bokslukaren","article_publisher":"https:\/\/www.facebook.com\/nordiskkulturkontakt\/","article_modified_time":"2025-08-20T12:43:38+00:00","og_image":[{"width":1200,"height":630,"url":"https:\/\/bokslukaren.org\/wp-content\/uploads\/2021\/09\/bokslukaren-og.png","type":"image\/png"}],"twitter_card":"summary_large_image","twitter_misc":{"Estimeret l\u00e6setid":"2 minutter"},"schema":{"@context":"https:\/\/schema.org","@graph":[{"@type":"WebPage","@id":"https:\/\/bokslukaren.org\/da\/","url":"https:\/\/bokslukaren.org\/da\/","name":"Den nordiske bogsluger - Bokslukaren","isPartOf":{"@id":"https:\/\/bokslukaren.org\/#website"},"primaryImageOfPage":{"@id":"https:\/\/bokslukaren.org\/da\/#primaryimage"},"image":{"@id":"https:\/\/bokslukaren.org\/da\/#primaryimage"},"thumbnailUrl":"https:\/\/bokslukaren.org\/wp-content\/uploads\/2021\/09\/bokslukaren-og.png","datePublished":"2021-09-10T15:12:09+00:00","dateModified":"2025-08-20T12:43:38+00:00","inLanguage":"da-DK","potentialAction":[{"@type":"ReadAction","target":["https:\/\/bokslukaren.org\/da\/"]}]},{"@type":"ImageObject","inLanguage":"da-DK","@id":"https:\/\/bokslukaren.org\/da\/#primaryimage","url":"https:\/\/bokslukaren.org\/wp-content\/uploads\/2021\/09\/bokslukaren-og.png","contentUrl":"https:\/\/bokslukaren.org\/wp-content\/uploads\/2021\/09\/bokslukaren-og.png","width":1200,"height":630},{"@type":"WebSite","@id":"https:\/\/bokslukaren.org\/#website","url":"https:\/\/bokslukaren.org\/","name":"Bokslukaren","description":"Test","potentialAction":[{"@type":"SearchAction","target":{"@type":"EntryPoint","urlTemplate":"https:\/\/bokslukaren.org\/?s={search_term_string}"},"query-input":{"@type":"PropertyValueSpecification","valueRequired":true,"valueName":"search_term_string"}}],"inLanguage":"da-DK"}]}},"_links":{"self":[{"href":"https:\/\/bokslukaren.org\/da\/wp-json\/wp\/v2\/pages\/17","targetHints":{"allow":["GET"]}}],"collection":[{"href":"https:\/\/bokslukaren.org\/da\/wp-json\/wp\/v2\/pages"}],"about":[{"href":"https:\/\/bokslukaren.org\/da\/wp-json\/wp\/v2\/types\/page"}],"author":[{"embeddable":true,"href":"https:\/\/bokslukaren.org\/da\/wp-json\/wp\/v2\/users\/1"}],"replies":[{"embeddable":true,"href":"https:\/\/bokslukaren.org\/da\/wp-json\/wp\/v2\/comments?post=17"}],"version-history":[{"count":28,"href":"https:\/\/bokslukaren.org\/da\/wp-json\/wp\/v2\/pages\/17\/revisions"}],"predecessor-version":[{"id":5068,"href":"https:\/\/bokslukaren.org\/da\/wp-json\/wp\/v2\/pages\/17\/revisions\/5068"}],"wp:featuredmedia":[{"embeddable":true,"href":"https:\/\/bokslukaren.org\/da\/wp-json\/wp\/v2\/media\/471"}],"wp:attachment":[{"href":"https:\/\/bokslukaren.org\/da\/wp-json\/wp\/v2\/media?parent=17"}],"curies":[{"name":"wp","href":"https:\/\/api.w.org\/{rel}","templated":true}]}}