{"id":2046,"date":"2022-08-08T13:57:39","date_gmt":"2022-08-08T10:57:39","guid":{"rendered":"https:\/\/bokslukaren.org\/?page_id=2046"},"modified":"2026-02-02T13:43:30","modified_gmt":"2026-02-02T11:43:30","slug":"samarbejde","status":"publish","type":"page","link":"https:\/\/bokslukaren.org\/da\/samarbejde\/","title":{"rendered":"Samarbejde"},"content":{"rendered":"<div class=\"wp-bootstrap-blocks-row row align-items-start\">\n\t\n\n<div class=\"col-12\">\n\t\t\t\n<div class=\"wp-bootstrap-blocks-row row\">\n\t\n\n<div class=\"col-12 col-md-4\">\n\t\t\t\t<\/div>\n\n\n\n<div class=\"col-12 col-md-4\">\n\t\t\t\n\n<h2 class=\"wp-block-heading has-text-align-center\"><strong>Vil du samarbejde med Den nordiske bogsluger?<\/strong><\/h2>\n\n\t<\/div>\n\n\n\n<div class=\"col-12 col-md-4\">\n\t\t\t\t<\/div>\n\n<\/div>\n\n\t<\/div>\n\n<\/div>\n\n\n<div class=\"wp-bootstrap-blocks-container container mb-5\">\n\t\n<div class=\"wp-bootstrap-blocks-row row justify-content-center align-items-center\">\n\t\n\n<div class=\"col-12 col-sm-6 col-md-4 col-lg-4\">\n\t\t\t<div class=\"p-2\">\n\t\t\t\n\n<p class=\"has-text-align-center\"><\/p>\n\n\t\t<\/div>\n\t<\/div>\n\n\n\n<div class=\"col-12 col-md-4\">\n\t\t\t\n\n<p class=\"has-text-align-center\">Vi ordner gerne workshops for l\u00e6sefremmere &#8211; kontakt os hvis du kender en m\u00e5lgruppe, som gerne vil l\u00e6re mere om Den nordiske bogsluger!<\/p>\n\n\n\n<p class=\"has-text-align-center\"><strong>Marie Busck-Nielsen<\/strong>, projektmedarbetare<br><strong><a href=\"mailto:marie.busck-nielsen@nkk.org\">marie.busck-nielsen@nkk.org<\/a><\/strong><\/p>\n\n\n\n<p class=\"has-text-align-center\"><strong>Pressekontakt:<\/strong><br><strong>Heidi Orava<\/strong>, kommunikationschef p\u00e5 Nordisk kulturkontakt<br><strong><a href=\"mailto:heidi.orava@nkk.org\">heidi.orava@nkk.org<\/a><\/strong><\/p>\n\n\n\n<p class=\"has-text-align-center\">Vi laver l\u00f8bende workshops og h\u00f8jtl\u00e6sninger med Den nordiske bogsluger hos Nordisk kulturkontakt i Helsingfors og Nordens hus i Reykjavik.&nbsp;<\/p>\n\n\n\n<figure class=\"wp-block-image size-large\"><img loading=\"lazy\" decoding=\"async\" width=\"1445\" height=\"1157\" src=\"https:\/\/bokslukaren.org\/wp-content\/uploads\/2025\/08\/Bogbanan-9-3-1445x1157.png\" alt=\"\" class=\"wp-image-4988\" srcset=\"https:\/\/bokslukaren.org\/wp-content\/uploads\/2025\/08\/Bogbanan-9-3-1445x1157.png 1445w, https:\/\/bokslukaren.org\/wp-content\/uploads\/2025\/08\/Bogbanan-9-3-300x240.png 300w, https:\/\/bokslukaren.org\/wp-content\/uploads\/2025\/08\/Bogbanan-9-3-768x615.png 768w, https:\/\/bokslukaren.org\/wp-content\/uploads\/2025\/08\/Bogbanan-9-3-1536x1230.png 1536w, https:\/\/bokslukaren.org\/wp-content\/uploads\/2025\/08\/Bogbanan-9-3-2048x1640.png 2048w, https:\/\/bokslukaren.org\/wp-content\/uploads\/2025\/08\/Bogbanan-9-3-1920x1537.png 1920w\" sizes=\"auto, (max-width: 1445px) 100vw, 1445px\" \/><\/figure>\n\n\t<\/div>\n\n\n\n<div class=\"col-12 col-md-4\">\n\t\t\t\t<\/div>\n\n<\/div>\n\n\n<div class=\"wp-bootstrap-blocks-row row justify-content-center align-items-center\">\n\t\n\n<div class=\"col-12 col-sm-6 col-md-4 col-lg-4\">\n\t\t\t<div class=\"p-2\">\n\t\t\t\n\n<h2 class=\"wp-block-heading has-text-align-center\"><\/h2>\n\n\n\n<p><\/p>\n\n\n\n<p class=\"has-text-align-center\"><\/p>\n\n\t\t<\/div>\n\t<\/div>\n\n\n\n<div class=\"col-12 col-md-4\">\n\t\t\t\n\n<h2 class=\"wp-block-heading has-text-align-center\"><strong>Arbejdsgruppen&nbsp;<\/strong>&nbsp;<\/h2>\n\n\n\n<p class=\"has-text-align-center\">Den nordiske bogslugers arbejdsgruppe best\u00e5r af kompetente medlemmer fra alle nordiske sprogomr\u00e5der. Arbejdsgruppen skaber det p\u00e6dagogiske materiale og fungerer som ambassad\u00f8rer for Den nordiske bogsluger i de nordiske regioner.<\/p>\n\n\n\n<p class=\"has-text-align-center\"><strong>Anna H\u00e4llgren,&nbsp;<\/strong>l\u00e6sefremmer (SE)<\/p>\n\n\n\n<p class=\"has-text-align-center\"><strong>Anni Ag\u00e9lii<\/strong>, skolebibliotekskoordinator (SE)<\/p>\n\n\n\n<p class=\"has-text-align-center\"><strong>Drifa Gudmundsd\u00f3ttir<\/strong>, b\u00f8rne- og ungdomsbibliotekar (NO)<\/p>\n\n\n\n<p class=\"has-text-align-center\"><strong>Eilen<\/strong>&nbsp;<strong>Anthoniussen<\/strong>, projektleder F\u00f8royar lesa (FO)<\/p>\n\n\n\n<p class=\"has-text-align-center\"><strong>Hrafnhildur Gissurard\u00f3ttir<\/strong>, kunst- og kulturproducent (IS)<\/p>\n\n\n\n<p class=\"has-text-align-center\"><strong>Jens Olesen<\/strong>, journalist og kulturr\u00e5dgiver om b\u00f8rns sprogudvikling (DK)<\/p>\n\n\n\n<p class=\"has-text-align-center\"><strong>Karen Anne Buljo<\/strong>, forfatter (S\u00c1)<\/p>\n\n\n\n<p class=\"has-text-align-center\"><strong>Michelle Mattfolk<\/strong>, specialbiblioteksmedarbejder (FI)<\/p>\n\n\n\n<p class=\"has-text-align-center\"><strong>Mikaela Wickstr\u00f6m<\/strong>, l\u00e6sefremmer, \u00c8n af initiativtagerne til \u201dDen nordiske bogslugeren (FI)<\/p>\n\n\n\n<p class=\"has-text-align-center\"><strong>Nina Nordal R\u00f6nne<\/strong>, forfatter og illustrator (NO)<\/p>\n\n\n\n<p class=\"has-text-align-center\"><strong>Sara Gollander<\/strong>, b\u00f8rneformidler (DK)<\/p>\n\n\n\n<p class=\"has-text-align-center\"><strong>Tina Sedin<\/strong>, sm\u00e5b\u00f8rnsp\u00e6dagog (FI)<\/p>\n\n\n\n<p class=\"has-text-align-center\"><strong>Troels Posselt<\/strong>, l\u00e6rer,&nbsp;cand.mag i litteratur (NO) <\/p>\n\n\n\n<p class=\"has-text-align-center\">Hvis du er interesseret, fort\u00e6ller projektlederne gerne mere om, hvad arbejdsgruppen g\u00f8r og om muligt samarbejde.<\/p>\n\n\t<\/div>\n\n\n\n<div class=\"col-12 col-md-4\">\n\t\t\t\t<\/div>\n\n<\/div>\n\n\n<div class=\"wp-bootstrap-blocks-row row justify-content-center\">\n\t\n\n<div class=\"col-12 col-lg-8\">\n\t\t\t<div class=\"h-100 d-flex flex-column justify-content-center p-2\">\n\t\t\t\n\n<h2 class=\"wp-block-heading has-text-align-center\"><strong>Vores tidligere samarbejder<\/strong>&nbsp;<\/h2>\n\n\n\n<p class=\"has-text-align-center\">Den nordiske bogsluger er initeret &#8211; og ledes dagligt af Nordisk kulturkontakt. Nordens hus p\u00e5 F\u00e6r\u00f8erne, Nordens hus i Reykjavik, Nordens institut p\u00e5 Gr\u00f8nland samt Nordens institut p\u00e5 \u00c5land er samarbejspartnere i projektet.&nbsp;&nbsp;<\/p>\n\n\n\n<p class=\"has-text-align-center\">Vi har samarbejdet med Norden i Skolen, Sydkustens ordskunstskole og linjen for sm\u00e5b\u00f8rnsp\u00e6dagogik ved Helsingfors Universitet. &nbsp;Projektet samarbejder ogs\u00e5 med forlag rundtomkring i norden. Forlagene forsyner arbejdsgruppen med arbejdseksemplarer af b\u00f8gerne, som der laves p\u00e6dagogisk hj\u00e6lpemateriale til.&nbsp;&nbsp;<\/p>\n\n\n\n<p><\/p>\n\n\n\n<p class=\"has-text-align-center\">I forl\u00e6ngelse af projektets pilotfase, blev der skabt f\u00f8lgende forskningspublikation: <a href=\"https:\/\/pub.nkk.org\/nordiskabilderbocker\/\" target=\"_blank\" rel=\"noreferrer noopener\">\u201dS\u00e5 uppt\u00e4cker barnen de nordiska bilderb\u00f6ckerna \u2013 kvalitativa effekter av st\u00f6dresurser till l\u00e4sfr\u00e4mjare\u201d<\/a>.&nbsp;<\/p>\n\n\t\t<\/div>\n\t<\/div>\n\n<\/div>\n\n<\/div>\n\n\n\n<div class=\"wp-block-columns is-layout-flex wp-container-core-columns-is-layout-9d6595d7 wp-block-columns-is-layout-flex\">\n<div class=\"wp-block-column is-layout-flow wp-block-column-is-layout-flow\" style=\"flex-basis:100%\"><\/div>\n<\/div>\n","protected":false},"excerpt":{"rendered":"","protected":false},"author":1,"featured_media":0,"parent":0,"menu_order":0,"comment_status":"closed","ping_status":"closed","template":"","meta":{"_acf_changed":false,"_monsterinsights_skip_tracking":false,"_monsterinsights_sitenote_active":false,"_monsterinsights_sitenote_note":"","_monsterinsights_sitenote_category":0,"footnotes":""},"class_list":["post-2046","page","type-page","status-publish","hentry"],"acf":[],"yoast_head":"<!-- This site is optimized with the Yoast SEO plugin v27.3 - https:\/\/yoast.com\/product\/yoast-seo-wordpress\/ -->\n<title>Samarbejde - Bokslukaren<\/title>\n<meta name=\"robots\" content=\"index, follow, max-snippet:-1, max-image-preview:large, max-video-preview:-1\" \/>\n<link rel=\"canonical\" href=\"https:\/\/bokslukaren.org\/da\/samarbejde\/\" \/>\n<meta property=\"og:locale\" content=\"da_DK\" \/>\n<meta property=\"og:type\" content=\"article\" \/>\n<meta property=\"og:title\" content=\"Samarbejde - Bokslukaren\" \/>\n<meta property=\"og:url\" content=\"https:\/\/bokslukaren.org\/da\/samarbejde\/\" \/>\n<meta property=\"og:site_name\" content=\"Bokslukaren\" \/>\n<meta property=\"article:publisher\" content=\"https:\/\/www.facebook.com\/nordiskkulturkontakt\/\" \/>\n<meta property=\"article:modified_time\" content=\"2026-02-02T11:43:30+00:00\" \/>\n<meta property=\"og:image\" content=\"https:\/\/bokslukaren.org\/wp-content\/uploads\/2025\/08\/Bogbanan-9-3-1445x1157.png\" \/>\n\t<meta property=\"og:image:width\" content=\"1445\" \/>\n\t<meta property=\"og:image:height\" content=\"1157\" \/>\n\t<meta property=\"og:image:type\" content=\"image\/png\" \/>\n<meta name=\"twitter:card\" content=\"summary_large_image\" \/>\n<meta name=\"twitter:label1\" content=\"Estimeret l\u00e6setid\" \/>\n\t<meta name=\"twitter:data1\" content=\"2 minutter\" \/>\n<script type=\"application\/ld+json\" class=\"yoast-schema-graph\">{\"@context\":\"https:\\\/\\\/schema.org\",\"@graph\":[{\"@type\":\"WebPage\",\"@id\":\"https:\\\/\\\/bokslukaren.org\\\/da\\\/samarbejde\\\/\",\"url\":\"https:\\\/\\\/bokslukaren.org\\\/da\\\/samarbejde\\\/\",\"name\":\"Samarbejde - Bokslukaren\",\"isPartOf\":{\"@id\":\"https:\\\/\\\/bokslukaren.org\\\/#website\"},\"primaryImageOfPage\":{\"@id\":\"https:\\\/\\\/bokslukaren.org\\\/da\\\/samarbejde\\\/#primaryimage\"},\"image\":{\"@id\":\"https:\\\/\\\/bokslukaren.org\\\/da\\\/samarbejde\\\/#primaryimage\"},\"thumbnailUrl\":\"https:\\\/\\\/bokslukaren.org\\\/wp-content\\\/uploads\\\/2025\\\/08\\\/Bogbanan-9-3-1445x1157.png\",\"datePublished\":\"2022-08-08T10:57:39+00:00\",\"dateModified\":\"2026-02-02T11:43:30+00:00\",\"inLanguage\":\"da-DK\",\"potentialAction\":[{\"@type\":\"ReadAction\",\"target\":[\"https:\\\/\\\/bokslukaren.org\\\/da\\\/samarbejde\\\/\"]}]},{\"@type\":\"ImageObject\",\"inLanguage\":\"da-DK\",\"@id\":\"https:\\\/\\\/bokslukaren.org\\\/da\\\/samarbejde\\\/#primaryimage\",\"url\":\"https:\\\/\\\/bokslukaren.org\\\/wp-content\\\/uploads\\\/2025\\\/08\\\/Bogbanan-9-3-1445x1157.png\",\"contentUrl\":\"https:\\\/\\\/bokslukaren.org\\\/wp-content\\\/uploads\\\/2025\\\/08\\\/Bogbanan-9-3-1445x1157.png\"},{\"@type\":\"WebSite\",\"@id\":\"https:\\\/\\\/bokslukaren.org\\\/#website\",\"url\":\"https:\\\/\\\/bokslukaren.org\\\/\",\"name\":\"Bokslukaren\",\"description\":\"Test\",\"potentialAction\":[{\"@type\":\"SearchAction\",\"target\":{\"@type\":\"EntryPoint\",\"urlTemplate\":\"https:\\\/\\\/bokslukaren.org\\\/?s={search_term_string}\"},\"query-input\":{\"@type\":\"PropertyValueSpecification\",\"valueRequired\":true,\"valueName\":\"search_term_string\"}}],\"inLanguage\":\"da-DK\"}]}<\/script>\n<!-- \/ Yoast SEO plugin. -->","yoast_head_json":{"title":"Samarbejde - Bokslukaren","robots":{"index":"index","follow":"follow","max-snippet":"max-snippet:-1","max-image-preview":"max-image-preview:large","max-video-preview":"max-video-preview:-1"},"canonical":"https:\/\/bokslukaren.org\/da\/samarbejde\/","og_locale":"da_DK","og_type":"article","og_title":"Samarbejde - Bokslukaren","og_url":"https:\/\/bokslukaren.org\/da\/samarbejde\/","og_site_name":"Bokslukaren","article_publisher":"https:\/\/www.facebook.com\/nordiskkulturkontakt\/","article_modified_time":"2026-02-02T11:43:30+00:00","og_image":[{"width":1445,"height":1157,"url":"https:\/\/bokslukaren.org\/wp-content\/uploads\/2025\/08\/Bogbanan-9-3-1445x1157.png","type":"image\/png"}],"twitter_card":"summary_large_image","twitter_misc":{"Estimeret l\u00e6setid":"2 minutter"},"schema":{"@context":"https:\/\/schema.org","@graph":[{"@type":"WebPage","@id":"https:\/\/bokslukaren.org\/da\/samarbejde\/","url":"https:\/\/bokslukaren.org\/da\/samarbejde\/","name":"Samarbejde - Bokslukaren","isPartOf":{"@id":"https:\/\/bokslukaren.org\/#website"},"primaryImageOfPage":{"@id":"https:\/\/bokslukaren.org\/da\/samarbejde\/#primaryimage"},"image":{"@id":"https:\/\/bokslukaren.org\/da\/samarbejde\/#primaryimage"},"thumbnailUrl":"https:\/\/bokslukaren.org\/wp-content\/uploads\/2025\/08\/Bogbanan-9-3-1445x1157.png","datePublished":"2022-08-08T10:57:39+00:00","dateModified":"2026-02-02T11:43:30+00:00","inLanguage":"da-DK","potentialAction":[{"@type":"ReadAction","target":["https:\/\/bokslukaren.org\/da\/samarbejde\/"]}]},{"@type":"ImageObject","inLanguage":"da-DK","@id":"https:\/\/bokslukaren.org\/da\/samarbejde\/#primaryimage","url":"https:\/\/bokslukaren.org\/wp-content\/uploads\/2025\/08\/Bogbanan-9-3-1445x1157.png","contentUrl":"https:\/\/bokslukaren.org\/wp-content\/uploads\/2025\/08\/Bogbanan-9-3-1445x1157.png"},{"@type":"WebSite","@id":"https:\/\/bokslukaren.org\/#website","url":"https:\/\/bokslukaren.org\/","name":"Bokslukaren","description":"Test","potentialAction":[{"@type":"SearchAction","target":{"@type":"EntryPoint","urlTemplate":"https:\/\/bokslukaren.org\/?s={search_term_string}"},"query-input":{"@type":"PropertyValueSpecification","valueRequired":true,"valueName":"search_term_string"}}],"inLanguage":"da-DK"}]}},"_links":{"self":[{"href":"https:\/\/bokslukaren.org\/da\/wp-json\/wp\/v2\/pages\/2046","targetHints":{"allow":["GET"]}}],"collection":[{"href":"https:\/\/bokslukaren.org\/da\/wp-json\/wp\/v2\/pages"}],"about":[{"href":"https:\/\/bokslukaren.org\/da\/wp-json\/wp\/v2\/types\/page"}],"author":[{"embeddable":true,"href":"https:\/\/bokslukaren.org\/da\/wp-json\/wp\/v2\/users\/1"}],"replies":[{"embeddable":true,"href":"https:\/\/bokslukaren.org\/da\/wp-json\/wp\/v2\/comments?post=2046"}],"version-history":[{"count":19,"href":"https:\/\/bokslukaren.org\/da\/wp-json\/wp\/v2\/pages\/2046\/revisions"}],"predecessor-version":[{"id":5360,"href":"https:\/\/bokslukaren.org\/da\/wp-json\/wp\/v2\/pages\/2046\/revisions\/5360"}],"wp:attachment":[{"href":"https:\/\/bokslukaren.org\/da\/wp-json\/wp\/v2\/media?parent=2046"}],"curies":[{"name":"wp","href":"https:\/\/api.w.org\/{rel}","templated":true}]}}