{"id":411,"date":"2021-09-14T00:35:44","date_gmt":"2021-09-13T21:35:44","guid":{"rendered":"https:\/\/bokslukaren.org\/tietoa-hankkeesta\/"},"modified":"2025-09-09T10:47:05","modified_gmt":"2025-09-09T07:47:05","slug":"kom-i-gang","status":"publish","type":"page","link":"https:\/\/bokslukaren.org\/da\/kom-i-gang\/","title":{"rendered":"Kom i gang"},"content":{"rendered":"<div class=\"wp-bootstrap-blocks-container container mb-5\">\n\t\n<div class=\"wp-bootstrap-blocks-row row justify-content-center align-items-center\">\n\t\n\n<div class=\"col-12 col-lg-10 col-xxl-8\">\n\t\t\t<div class=\"h-100 d-flex flex-column justify-content-center\">\n\t\t\t\n\n<h1 class=\"wp-block-heading has-text-align-center\" id=\"om-projektet\"><strong><strong>Kom i gang<\/strong><\/strong><\/h1>\n\n\t\t<\/div>\n\t<\/div>\n\n<\/div>\n\n\n<div class=\"wp-bootstrap-blocks-row row justify-content-center align-items-center\">\n\t\n\n<div class=\"col-12 col-sm-6 col-lg-4\">\n\t\t\t<div class=\"h-100 d-flex flex-column justify-content-center p-2\">\n\t\t\t\n\n<h3 class=\"wp-block-heading has-text-align-center\"><strong>Introducer din arbejdsplads til Den nordiske bogsluger gennem samtalekort!<\/strong><\/h3>\n\n\n\n<p style=\"text-align: center;\"><span class=\"TextRun MacChromeBold SCXW83425630 BCX0\" lang=\"DA-DK\" xml:lang=\"DA-DK\" data-contrast=\"auto\"><span class=\"NormalTextRun SCXW83425630 BCX0\"><span class=\"TextRun SCXW110633964 BCX0\" lang=\"DA-DK\" xml:lang=\"DA-DK\" data-contrast=\"auto\"><span class=\"NormalTextRun SCXW110633964 BCX0\">Vi har designet et s\u00e6<\/span><span class=\"NormalTextRun SCXW110633964 BCX0\">t samtalekort, der kan bruges til at skabe dialog og refleksion omkring billedb\u00f8ger og deres demokratiske potentiale.\u00a0<\/span><\/span><span class=\"EOP SCXW110633964 BCX0\" data-ccp-props=\"{&quot;335551550&quot;:2,&quot;335551620&quot;:2}\">\u00a0<\/span><\/span><\/span><\/p>\n<p style=\"text-align: center;\"><a href=\"https:\/\/bokslukaren.org\/wp-content\/uploads\/2025\/09\/Samtalekort.pdf\"><em>Link til kortene<\/em><\/a><\/p>\n<p><span class=\"TextRun SCXW193242396 BCX0\" lang=\"DA-DK\" xml:lang=\"DA-DK\" data-contrast=\"auto\"><span class=\"NormalTextRun SCXW193242396 BCX0\">Download kortene, print dem ud<\/span><span class=\"NormalTextRun SCXW193242396 BCX0\"> og brug dem til at igangs\u00e6tte de voksnes samtale omkring billedb\u00f8ger og mulighederne i Den nordiske bogsluger.\u00a0<\/span><\/span><span class=\"EOP SCXW193242396 BCX0\" data-ccp-props=\"{&quot;335551550&quot;:2,&quot;335551620&quot;:2}\">\u00a0<\/span><\/p>\n\n\t\t<\/div>\n\t<\/div>\n\n\n\n<div class=\"col-12 col-sm-6 col-lg-4\">\n\t\t\t<div class=\"h-100 d-flex flex-column justify-content-center p-3\">\n\t\t\t\n<div class=\"wp-block-image\">\n<figure class=\"aligncenter size-full\"><img loading=\"lazy\" decoding=\"async\" width=\"1000\" height=\"800\" src=\"https:\/\/bokslukaren.org\/wp-content\/uploads\/2022\/02\/Bogbanan_boken_optim.gif\" alt=\"\" class=\"wp-image-1738\"\/><\/figure>\n<\/div>\n\t\t<\/div>\n\t<\/div>\n\n<\/div>\n\n\n<div class=\"wp-bootstrap-blocks-row row justify-content-center align-items-center\">\n\t\n\n<div class=\"col-12 col-sm-6 col-lg-4\">\n\t\t\t<div class=\"h-100 d-flex flex-column justify-content-center p-3\">\n\t\t\t\n<div class=\"wp-block-image\">\n<figure class=\"aligncenter size-full is-resized\"><img loading=\"lazy\" decoding=\"async\" width=\"410\" height=\"974\" src=\"https:\/\/bokslukaren.org\/wp-content\/uploads\/2022\/02\/Bogbanan-8.png\" alt=\"\" class=\"wp-image-1727\" style=\"width:190px;height:487px\" srcset=\"https:\/\/bokslukaren.org\/wp-content\/uploads\/2022\/02\/Bogbanan-8.png 410w, https:\/\/bokslukaren.org\/wp-content\/uploads\/2022\/02\/Bogbanan-8-126x300.png 126w\" sizes=\"auto, (max-width: 410px) 100vw, 410px\" \/><\/figure>\n<\/div>\n\t\t<\/div>\n\t<\/div>\n\n\n\n<div class=\"col-12 col-sm-6 col-lg-4\">\n\t\t\t<div class=\"h-100 d-flex flex-column justify-content-center p-2\">\n\t\t\t\n\n<h3 class=\"wp-block-heading\"><strong>Skal du til at bruge Den nordiske bogsluger for f\u00f8rste gang?<\/strong>&nbsp;<\/h3>\n\n\n\n<p style=\"text-align: center;\"><span class=\"TextRun SCXW8241402 BCX0\" lang=\"DA-DK\" xml:lang=\"DA-DK\" data-contrast=\"auto\"><span class=\"NormalTextRun SCXW8241402 BCX0\">Inden du g\u00e5r i gang med at bruge Den nordiske bogsluger kan det v\u00e6re en god id\u00e9 at have gjort dig bekendt med materialet. Brug s\u00f8gefunktionen til at unders\u00f8ge, hvilke titler du kunne t\u00e6nke dig at arbejde med. Download materialet og gennemg\u00e5 det eventuelt sammen med en kollega. Overvej hvordan du ville bruge materialet med en b\u00f8rnegruppe. <\/span><\/span><span class=\"LineBreakBlob BlobObject DragDrop SCXW8241402 BCX0\"><span class=\"SCXW8241402 BCX0\">\u00a0<\/span><br class=\"SCXW8241402 BCX0\" \/><\/span><\/p>\n<p style=\"text-align: center;\"><span class=\"TextRun SCXW8241402 BCX0\" lang=\"DA-DK\" xml:lang=\"DA-DK\" data-contrast=\"auto\"><span class=\"NormalTextRun SCXW8241402 BCX0\">Den nordiske bogsluger er t\u00e6nkt som et <\/span><\/span><strong><span class=\"TextRun MacChromeBold SCXW8241402 BCX0\" lang=\"DA-DK\" xml:lang=\"DA-DK\" data-contrast=\"auto\"><span class=\"NormalTextRun SCXW8241402 BCX0\">inspirations<\/span><\/span><\/strong><span class=\"TextRun SCXW8241402 BCX0\" lang=\"DA-DK\" xml:lang=\"DA-DK\" data-contrast=\"auto\"><span class=\"NormalTextRun SCXW8241402 BCX0\">materiale<\/span><span class=\"NormalTextRun SCXW8241402 BCX0\"> &#8211;<\/span><span class=\"NormalTextRun SCXW8241402 BCX0\"> det er op til dig, hvordan du vil bruge det.<\/span><\/span><\/p>\n<p style=\"text-align: center;\">L\u00e6s mere om <a class=\"Hyperlink SCXW257104089 BCX0\" href=\"https:\/\/www.norden.org\/da\/bulitpris\" target=\"_blank\" rel=\"noreferrer noopener\"><span class=\"TextRun Underlined SCXW257104089 BCX0\" lang=\"DA-DK\" xml:lang=\"DA-DK\" data-contrast=\"none\"><span class=\"NormalTextRun SCXW257104089 BCX0\" data-ccp-charstyle=\"Hyperlink\">Nordisk r\u00e5ds b\u00f8rne\u2013 og ungdomslitteraturpris<\/span><\/span><\/a><span class=\"EOP SCXW257104089 BCX0\" data-ccp-props=\"{&quot;335551550&quot;:2,&quot;335551620&quot;:2,&quot;335559685&quot;:-180,&quot;335559737&quot;:-180,&quot;335559739&quot;:240}\"> her.<\/span><\/p>\n\n\t\t<\/div>\n\t<\/div>\n\n<\/div>\n\n<\/div>\n\n\n<div class=\"wp-bootstrap-blocks-container container-fluid mb-5\">\n\t\n<div class=\"wp-bootstrap-blocks-row row\">\n\t\n\n<div class=\"col-12\">\n\t\t\t<div class=\"h-100 d-flex flex-column justify-content-start\">\n\t\t\t\n<div class=\"wp-block-image right-up\">\n<figure class=\"alignright size-full\"><img loading=\"lazy\" decoding=\"async\" width=\"996\" height=\"310\" src=\"https:\/\/bokslukaren.org\/wp-content\/uploads\/2021\/09\/pen-right.png\" alt=\"\" class=\"wp-image-220\" srcset=\"https:\/\/bokslukaren.org\/wp-content\/uploads\/2021\/09\/pen-right.png 996w, https:\/\/bokslukaren.org\/wp-content\/uploads\/2021\/09\/pen-right-300x93.png 300w, https:\/\/bokslukaren.org\/wp-content\/uploads\/2021\/09\/pen-right-768x239.png 768w\" sizes=\"auto, (max-width: 996px) 100vw, 996px\" \/><\/figure>\n<\/div>\n\t\t<\/div>\n\t<\/div>\n\n<\/div>\n\n<\/div>\n","protected":false},"excerpt":{"rendered":"","protected":false},"author":1,"featured_media":471,"parent":0,"menu_order":0,"comment_status":"closed","ping_status":"closed","template":"","meta":{"_acf_changed":false,"_monsterinsights_skip_tracking":false,"_monsterinsights_sitenote_active":false,"_monsterinsights_sitenote_note":"","_monsterinsights_sitenote_category":0,"footnotes":""},"class_list":["post-411","page","type-page","status-publish","has-post-thumbnail","hentry"],"acf":[],"yoast_head":"<!-- This site is optimized with the Yoast SEO plugin v27.4 - https:\/\/yoast.com\/product\/yoast-seo-wordpress\/ -->\n<title>Kom i gang - Bokslukaren<\/title>\n<meta name=\"robots\" content=\"index, follow, max-snippet:-1, max-image-preview:large, max-video-preview:-1\" \/>\n<link rel=\"canonical\" href=\"https:\/\/bokslukaren.org\/da\/kom-i-gang\/\" \/>\n<meta property=\"og:locale\" content=\"da_DK\" \/>\n<meta property=\"og:type\" content=\"article\" \/>\n<meta property=\"og:title\" content=\"Kom i gang - Bokslukaren\" \/>\n<meta property=\"og:url\" content=\"https:\/\/bokslukaren.org\/da\/kom-i-gang\/\" \/>\n<meta property=\"og:site_name\" content=\"Bokslukaren\" \/>\n<meta property=\"article:publisher\" content=\"https:\/\/www.facebook.com\/nordiskkulturkontakt\/\" \/>\n<meta property=\"article:modified_time\" content=\"2025-09-09T07:47:05+00:00\" \/>\n<meta property=\"og:image\" content=\"https:\/\/bokslukaren.org\/wp-content\/uploads\/2021\/09\/bokslukaren-og.png\" \/>\n\t<meta property=\"og:image:width\" content=\"1200\" \/>\n\t<meta property=\"og:image:height\" content=\"630\" \/>\n\t<meta property=\"og:image:type\" content=\"image\/png\" \/>\n<meta name=\"twitter:card\" content=\"summary_large_image\" \/>\n<meta name=\"twitter:label1\" content=\"Estimeret l\u00e6setid\" \/>\n\t<meta name=\"twitter:data1\" content=\"2 minutter\" \/>\n<script type=\"application\/ld+json\" class=\"yoast-schema-graph\">{\"@context\":\"https:\\\/\\\/schema.org\",\"@graph\":[{\"@type\":\"WebPage\",\"@id\":\"https:\\\/\\\/bokslukaren.org\\\/da\\\/kom-i-gang\\\/\",\"url\":\"https:\\\/\\\/bokslukaren.org\\\/da\\\/kom-i-gang\\\/\",\"name\":\"Kom i gang - Bokslukaren\",\"isPartOf\":{\"@id\":\"https:\\\/\\\/bokslukaren.org\\\/#website\"},\"primaryImageOfPage\":{\"@id\":\"https:\\\/\\\/bokslukaren.org\\\/da\\\/kom-i-gang\\\/#primaryimage\"},\"image\":{\"@id\":\"https:\\\/\\\/bokslukaren.org\\\/da\\\/kom-i-gang\\\/#primaryimage\"},\"thumbnailUrl\":\"https:\\\/\\\/bokslukaren.org\\\/wp-content\\\/uploads\\\/2021\\\/09\\\/bokslukaren-og.png\",\"datePublished\":\"2021-09-13T21:35:44+00:00\",\"dateModified\":\"2025-09-09T07:47:05+00:00\",\"inLanguage\":\"da-DK\",\"potentialAction\":[{\"@type\":\"ReadAction\",\"target\":[\"https:\\\/\\\/bokslukaren.org\\\/da\\\/kom-i-gang\\\/\"]}]},{\"@type\":\"ImageObject\",\"inLanguage\":\"da-DK\",\"@id\":\"https:\\\/\\\/bokslukaren.org\\\/da\\\/kom-i-gang\\\/#primaryimage\",\"url\":\"https:\\\/\\\/bokslukaren.org\\\/wp-content\\\/uploads\\\/2021\\\/09\\\/bokslukaren-og.png\",\"contentUrl\":\"https:\\\/\\\/bokslukaren.org\\\/wp-content\\\/uploads\\\/2021\\\/09\\\/bokslukaren-og.png\",\"width\":1200,\"height\":630},{\"@type\":\"WebSite\",\"@id\":\"https:\\\/\\\/bokslukaren.org\\\/#website\",\"url\":\"https:\\\/\\\/bokslukaren.org\\\/\",\"name\":\"Bokslukaren\",\"description\":\"Test\",\"potentialAction\":[{\"@type\":\"SearchAction\",\"target\":{\"@type\":\"EntryPoint\",\"urlTemplate\":\"https:\\\/\\\/bokslukaren.org\\\/?s={search_term_string}\"},\"query-input\":{\"@type\":\"PropertyValueSpecification\",\"valueRequired\":true,\"valueName\":\"search_term_string\"}}],\"inLanguage\":\"da-DK\"}]}<\/script>\n<!-- \/ Yoast SEO plugin. -->","yoast_head_json":{"title":"Kom i gang - Bokslukaren","robots":{"index":"index","follow":"follow","max-snippet":"max-snippet:-1","max-image-preview":"max-image-preview:large","max-video-preview":"max-video-preview:-1"},"canonical":"https:\/\/bokslukaren.org\/da\/kom-i-gang\/","og_locale":"da_DK","og_type":"article","og_title":"Kom i gang - Bokslukaren","og_url":"https:\/\/bokslukaren.org\/da\/kom-i-gang\/","og_site_name":"Bokslukaren","article_publisher":"https:\/\/www.facebook.com\/nordiskkulturkontakt\/","article_modified_time":"2025-09-09T07:47:05+00:00","og_image":[{"width":1200,"height":630,"url":"https:\/\/bokslukaren.org\/wp-content\/uploads\/2021\/09\/bokslukaren-og.png","type":"image\/png"}],"twitter_card":"summary_large_image","twitter_misc":{"Estimeret l\u00e6setid":"2 minutter"},"schema":{"@context":"https:\/\/schema.org","@graph":[{"@type":"WebPage","@id":"https:\/\/bokslukaren.org\/da\/kom-i-gang\/","url":"https:\/\/bokslukaren.org\/da\/kom-i-gang\/","name":"Kom i gang - Bokslukaren","isPartOf":{"@id":"https:\/\/bokslukaren.org\/#website"},"primaryImageOfPage":{"@id":"https:\/\/bokslukaren.org\/da\/kom-i-gang\/#primaryimage"},"image":{"@id":"https:\/\/bokslukaren.org\/da\/kom-i-gang\/#primaryimage"},"thumbnailUrl":"https:\/\/bokslukaren.org\/wp-content\/uploads\/2021\/09\/bokslukaren-og.png","datePublished":"2021-09-13T21:35:44+00:00","dateModified":"2025-09-09T07:47:05+00:00","inLanguage":"da-DK","potentialAction":[{"@type":"ReadAction","target":["https:\/\/bokslukaren.org\/da\/kom-i-gang\/"]}]},{"@type":"ImageObject","inLanguage":"da-DK","@id":"https:\/\/bokslukaren.org\/da\/kom-i-gang\/#primaryimage","url":"https:\/\/bokslukaren.org\/wp-content\/uploads\/2021\/09\/bokslukaren-og.png","contentUrl":"https:\/\/bokslukaren.org\/wp-content\/uploads\/2021\/09\/bokslukaren-og.png","width":1200,"height":630},{"@type":"WebSite","@id":"https:\/\/bokslukaren.org\/#website","url":"https:\/\/bokslukaren.org\/","name":"Bokslukaren","description":"Test","potentialAction":[{"@type":"SearchAction","target":{"@type":"EntryPoint","urlTemplate":"https:\/\/bokslukaren.org\/?s={search_term_string}"},"query-input":{"@type":"PropertyValueSpecification","valueRequired":true,"valueName":"search_term_string"}}],"inLanguage":"da-DK"}]}},"_links":{"self":[{"href":"https:\/\/bokslukaren.org\/da\/wp-json\/wp\/v2\/pages\/411","targetHints":{"allow":["GET"]}}],"collection":[{"href":"https:\/\/bokslukaren.org\/da\/wp-json\/wp\/v2\/pages"}],"about":[{"href":"https:\/\/bokslukaren.org\/da\/wp-json\/wp\/v2\/types\/page"}],"author":[{"embeddable":true,"href":"https:\/\/bokslukaren.org\/da\/wp-json\/wp\/v2\/users\/1"}],"replies":[{"embeddable":true,"href":"https:\/\/bokslukaren.org\/da\/wp-json\/wp\/v2\/comments?post=411"}],"version-history":[{"count":40,"href":"https:\/\/bokslukaren.org\/da\/wp-json\/wp\/v2\/pages\/411\/revisions"}],"predecessor-version":[{"id":5326,"href":"https:\/\/bokslukaren.org\/da\/wp-json\/wp\/v2\/pages\/411\/revisions\/5326"}],"wp:featuredmedia":[{"embeddable":true,"href":"https:\/\/bokslukaren.org\/da\/wp-json\/wp\/v2\/media\/471"}],"wp:attachment":[{"href":"https:\/\/bokslukaren.org\/da\/wp-json\/wp\/v2\/media?parent=411"}],"curies":[{"name":"wp","href":"https:\/\/api.w.org\/{rel}","templated":true}]}}