{"id":192,"date":"2021-09-14T00:35:44","date_gmt":"2021-09-13T21:35:44","guid":{"rendered":"https:\/\/bokslukaren.org\/?page_id=192"},"modified":"2025-09-09T10:47:45","modified_gmt":"2025-09-09T07:47:45","slug":"nain-paaset-alkuun","status":"publish","type":"page","link":"https:\/\/bokslukaren.org\/fi\/nain-paaset-alkuun\/","title":{"rendered":"N\u00e4in p\u00e4\u00e4set alkuun"},"content":{"rendered":"<div class=\"wp-bootstrap-blocks-container container mb-5\">\n\t\n<div class=\"wp-bootstrap-blocks-row row justify-content-center align-items-center\">\n\t\n\n<div class=\"col-12 col-lg-10 col-xxl-8\">\n\t\t\t<div class=\"h-100 d-flex flex-column justify-content-center\">\n\t\t\t\n\n<h1 class=\"wp-block-heading has-text-align-center\" id=\"tietoa-hankkeesta\"><strong><strong>N\u00e4in p\u00e4\u00e4set alkuun<\/strong><\/strong><\/h1>\n\n\t\t<\/div>\n\t<\/div>\n\n<\/div>\n\n\n<div class=\"wp-bootstrap-blocks-row row justify-content-center align-items-center\">\n\t\n\n<div class=\"col-12 col-sm-6 col-md-4 col-lg-4\">\n\t\t\t<div class=\"h-100 d-flex flex-column justify-content-center p-2\">\n\t\t\t\n\n<h3 style=\"text-align: center;\"><strong>Esittele Pohjoismainen kirja-ahmatti ty\u00f6paikallasi k\u00e4ytt\u00e4m\u00e4ll\u00e4 apuna keskustelukortteja.\u00a0<\/strong><\/h3>\n<p style=\"text-align: center;\"><span data-contrast=\"auto\">Olemme suunnitelleet keskustelukortteja, joiden avulla voit edist\u00e4\u00e4 vuoropuhelua ja pohdintoja kuvakirjoista ja niiden demokraattisesta potentiaalista.\u00a0<\/span><span data-ccp-props=\"{&quot;335551550&quot;:2,&quot;335551620&quot;:2}\">\u00a0<\/span><\/p>\n<p style=\"text-align: center;\"><a href=\"https:\/\/bokslukaren.org\/wp-content\/uploads\/2025\/09\/Samtalekort.pdf\"><i>Linkki kortteihin<\/i><\/a><\/p>\n<p style=\"text-align: center;\"><span data-contrast=\"auto\">Lataa ja tulosta kortit ja her\u00e4ttele aikuisten kesken keskustelua kuvakirjoista ja Pohjoismaisen kirja-ahmatin mahdollisuuksista.<\/span><span data-ccp-props=\"{&quot;335551550&quot;:2,&quot;335551620&quot;:2}\">\u00a0<\/span><\/p>\n\n\t\t<\/div>\n\t<\/div>\n\n\n\n<div class=\"col-12 col-sm-6 col-md-4 col-lg-4\">\n\t\t\t<div class=\"h-100 d-flex flex-column justify-content-center p-3\">\n\t\t\t\n<div class=\"wp-block-image\">\n<figure class=\"aligncenter size-full\"><img loading=\"lazy\" decoding=\"async\" width=\"1000\" height=\"800\" src=\"https:\/\/bokslukaren.org\/wp-content\/uploads\/2022\/02\/Bogbanan_boken_optim.gif\" alt=\"\" class=\"wp-image-1737\"\/><\/figure>\n<\/div>\n\t\t<\/div>\n\t<\/div>\n\n<\/div>\n\n\n<div class=\"wp-bootstrap-blocks-row row justify-content-center align-items-center\">\n\t\n\n<div class=\"col-12 col-sm-6 col-lg-4\">\n\t\t\t<div class=\"h-100 d-flex flex-column justify-content-center p-3\">\n\t\t\t\n<div class=\"wp-block-image\">\n<figure class=\"aligncenter size-full is-resized\"><img loading=\"lazy\" decoding=\"async\" width=\"410\" height=\"974\" src=\"https:\/\/bokslukaren.org\/wp-content\/uploads\/2022\/02\/Bogbanan-8.png\" alt=\"\" class=\"wp-image-1726\" style=\"width:190px;height:487px\" srcset=\"https:\/\/bokslukaren.org\/wp-content\/uploads\/2022\/02\/Bogbanan-8.png 410w, https:\/\/bokslukaren.org\/wp-content\/uploads\/2022\/02\/Bogbanan-8-126x300.png 126w\" sizes=\"auto, (max-width: 410px) 100vw, 410px\" \/><\/figure>\n<\/div>\n\t\t<\/div>\n\t<\/div>\n\n\n\n<div class=\"col-12 col-sm-6 col-lg-4\">\n\t\t\t<div class=\"h-100 d-flex flex-column justify-content-center p-2\">\n\t\t\t\n\n<h3 style=\"text-align: center;\"><b><span data-contrast=\"auto\">K\u00e4yt\u00e4tk\u00f6 Pohjoismaista kirja-ahmattia ensimm\u00e4ist\u00e4 kertaa?<\/span><\/b><span data-ccp-props=\"{&quot;335551550&quot;:2,&quot;335551620&quot;:2}\">\u00a0<\/span><\/h3>\n<p style=\"text-align: center;\"><span data-contrast=\"auto\">Pohjoismaisen kirja-ahmatin k\u00e4ytt\u00f6 kannattaa aloittaa tutustumalla materiaaliin. Hy\u00f6dynn\u00e4 hakutoimintoa ja pohdi, mink\u00e4 tyyppisiin nimikkeisiin haluat keskitty\u00e4. Lataa materiaali ja k\u00e4y se l\u00e4pi, mahdollisesti yhdess\u00e4 kollegan kanssa. Pohdi, miten voisit k\u00e4ytt\u00e4\u00e4 materiaalia omassa lapsiryhm\u00e4ss\u00e4si. Pohjoismainen kirja-ahmatti on tarkoitettu <strong>inspiraation<\/strong> l\u00e4hteeksi \u2013 voit itse p\u00e4\u00e4tt\u00e4\u00e4, miten sit\u00e4 k\u00e4yt\u00e4t!<\/span><\/p>\n<p style=\"text-align: center;\">Lue lis\u00e4\u00e4 <a href=\"https:\/\/www.norden.org\/fi\/pohjoismaiden-neuvoston-lasten-ja-nuortenkirjallisuuspalkinto\">Pohjoismaiden neuvoston lasten- ja nuortenkirjallisuuspalkinnosta<\/a>.<\/p>\n\n\t\t<\/div>\n\t<\/div>\n\n<\/div>\n\n<\/div>\n\n\n<div class=\"wp-bootstrap-blocks-container container-fluid mb-5\">\n\t\n<div class=\"wp-bootstrap-blocks-row row\">\n\t\n\n<div class=\"col-12\">\n\t\t\t<div class=\"h-100 d-flex flex-column justify-content-start\">\n\t\t\t\n<div class=\"wp-block-image right-up\">\n<figure class=\"alignright size-full\"><img loading=\"lazy\" decoding=\"async\" width=\"996\" height=\"310\" src=\"https:\/\/bokslukaren.org\/wp-content\/uploads\/2021\/09\/pen-right.png\" alt=\"\" class=\"wp-image-219\" srcset=\"https:\/\/bokslukaren.org\/wp-content\/uploads\/2021\/09\/pen-right.png 996w, https:\/\/bokslukaren.org\/wp-content\/uploads\/2021\/09\/pen-right-300x93.png 300w, https:\/\/bokslukaren.org\/wp-content\/uploads\/2021\/09\/pen-right-768x239.png 768w\" sizes=\"auto, (max-width: 996px) 100vw, 996px\" \/><\/figure>\n<\/div>\n\t\t<\/div>\n\t<\/div>\n\n<\/div>\n\n<\/div>\n","protected":false},"excerpt":{"rendered":"","protected":false},"author":1,"featured_media":472,"parent":0,"menu_order":0,"comment_status":"closed","ping_status":"closed","template":"","meta":{"_acf_changed":false,"_monsterinsights_skip_tracking":false,"_monsterinsights_sitenote_active":false,"_monsterinsights_sitenote_note":"","_monsterinsights_sitenote_category":0,"footnotes":""},"class_list":["post-192","page","type-page","status-publish","has-post-thumbnail","hentry"],"acf":[],"yoast_head":"<!-- This site is optimized with the Yoast SEO plugin v27.4 - https:\/\/yoast.com\/product\/yoast-seo-wordpress\/ -->\n<title>N\u00e4in p\u00e4\u00e4set alkuun - Bokslukaren<\/title>\n<meta name=\"robots\" content=\"index, follow, max-snippet:-1, max-image-preview:large, max-video-preview:-1\" \/>\n<link rel=\"canonical\" href=\"https:\/\/bokslukaren.org\/fi\/nain-paaset-alkuun\/\" \/>\n<meta property=\"og:locale\" content=\"fi_FI\" \/>\n<meta property=\"og:type\" content=\"article\" \/>\n<meta property=\"og:title\" content=\"N\u00e4in p\u00e4\u00e4set alkuun - Bokslukaren\" \/>\n<meta property=\"og:url\" content=\"https:\/\/bokslukaren.org\/fi\/nain-paaset-alkuun\/\" \/>\n<meta property=\"og:site_name\" content=\"Bokslukaren\" \/>\n<meta property=\"article:publisher\" content=\"https:\/\/www.facebook.com\/nordiskkulturkontakt\/\" \/>\n<meta property=\"article:modified_time\" content=\"2025-09-09T07:47:45+00:00\" \/>\n<meta property=\"og:image\" content=\"https:\/\/bokslukaren.org\/wp-content\/uploads\/2021\/09\/bokslukaren-og.png\" \/>\n\t<meta property=\"og:image:width\" content=\"1200\" \/>\n\t<meta property=\"og:image:height\" content=\"630\" \/>\n\t<meta property=\"og:image:type\" content=\"image\/png\" \/>\n<meta name=\"twitter:card\" content=\"summary_large_image\" \/>\n<meta name=\"twitter:label1\" content=\"Arvioitu lukuaika\" \/>\n\t<meta name=\"twitter:data1\" content=\"2 minuuttia\" \/>\n<script type=\"application\/ld+json\" class=\"yoast-schema-graph\">{\"@context\":\"https:\\\/\\\/schema.org\",\"@graph\":[{\"@type\":\"WebPage\",\"@id\":\"https:\\\/\\\/bokslukaren.org\\\/fi\\\/nain-paaset-alkuun\\\/\",\"url\":\"https:\\\/\\\/bokslukaren.org\\\/fi\\\/nain-paaset-alkuun\\\/\",\"name\":\"N\u00e4in p\u00e4\u00e4set alkuun - Bokslukaren\",\"isPartOf\":{\"@id\":\"https:\\\/\\\/bokslukaren.org\\\/#website\"},\"primaryImageOfPage\":{\"@id\":\"https:\\\/\\\/bokslukaren.org\\\/fi\\\/nain-paaset-alkuun\\\/#primaryimage\"},\"image\":{\"@id\":\"https:\\\/\\\/bokslukaren.org\\\/fi\\\/nain-paaset-alkuun\\\/#primaryimage\"},\"thumbnailUrl\":\"https:\\\/\\\/bokslukaren.org\\\/wp-content\\\/uploads\\\/2021\\\/09\\\/bokslukaren-og.png\",\"datePublished\":\"2021-09-13T21:35:44+00:00\",\"dateModified\":\"2025-09-09T07:47:45+00:00\",\"inLanguage\":\"fi\",\"potentialAction\":[{\"@type\":\"ReadAction\",\"target\":[\"https:\\\/\\\/bokslukaren.org\\\/fi\\\/nain-paaset-alkuun\\\/\"]}]},{\"@type\":\"ImageObject\",\"inLanguage\":\"fi\",\"@id\":\"https:\\\/\\\/bokslukaren.org\\\/fi\\\/nain-paaset-alkuun\\\/#primaryimage\",\"url\":\"https:\\\/\\\/bokslukaren.org\\\/wp-content\\\/uploads\\\/2021\\\/09\\\/bokslukaren-og.png\",\"contentUrl\":\"https:\\\/\\\/bokslukaren.org\\\/wp-content\\\/uploads\\\/2021\\\/09\\\/bokslukaren-og.png\",\"width\":1200,\"height\":630},{\"@type\":\"WebSite\",\"@id\":\"https:\\\/\\\/bokslukaren.org\\\/#website\",\"url\":\"https:\\\/\\\/bokslukaren.org\\\/\",\"name\":\"Bokslukaren\",\"description\":\"Test\",\"potentialAction\":[{\"@type\":\"SearchAction\",\"target\":{\"@type\":\"EntryPoint\",\"urlTemplate\":\"https:\\\/\\\/bokslukaren.org\\\/?s={search_term_string}\"},\"query-input\":{\"@type\":\"PropertyValueSpecification\",\"valueRequired\":true,\"valueName\":\"search_term_string\"}}],\"inLanguage\":\"fi\"}]}<\/script>\n<!-- \/ Yoast SEO plugin. -->","yoast_head_json":{"title":"N\u00e4in p\u00e4\u00e4set alkuun - Bokslukaren","robots":{"index":"index","follow":"follow","max-snippet":"max-snippet:-1","max-image-preview":"max-image-preview:large","max-video-preview":"max-video-preview:-1"},"canonical":"https:\/\/bokslukaren.org\/fi\/nain-paaset-alkuun\/","og_locale":"fi_FI","og_type":"article","og_title":"N\u00e4in p\u00e4\u00e4set alkuun - Bokslukaren","og_url":"https:\/\/bokslukaren.org\/fi\/nain-paaset-alkuun\/","og_site_name":"Bokslukaren","article_publisher":"https:\/\/www.facebook.com\/nordiskkulturkontakt\/","article_modified_time":"2025-09-09T07:47:45+00:00","og_image":[{"width":1200,"height":630,"url":"https:\/\/bokslukaren.org\/wp-content\/uploads\/2021\/09\/bokslukaren-og.png","type":"image\/png"}],"twitter_card":"summary_large_image","twitter_misc":{"Arvioitu lukuaika":"2 minuuttia"},"schema":{"@context":"https:\/\/schema.org","@graph":[{"@type":"WebPage","@id":"https:\/\/bokslukaren.org\/fi\/nain-paaset-alkuun\/","url":"https:\/\/bokslukaren.org\/fi\/nain-paaset-alkuun\/","name":"N\u00e4in p\u00e4\u00e4set alkuun - Bokslukaren","isPartOf":{"@id":"https:\/\/bokslukaren.org\/#website"},"primaryImageOfPage":{"@id":"https:\/\/bokslukaren.org\/fi\/nain-paaset-alkuun\/#primaryimage"},"image":{"@id":"https:\/\/bokslukaren.org\/fi\/nain-paaset-alkuun\/#primaryimage"},"thumbnailUrl":"https:\/\/bokslukaren.org\/wp-content\/uploads\/2021\/09\/bokslukaren-og.png","datePublished":"2021-09-13T21:35:44+00:00","dateModified":"2025-09-09T07:47:45+00:00","inLanguage":"fi","potentialAction":[{"@type":"ReadAction","target":["https:\/\/bokslukaren.org\/fi\/nain-paaset-alkuun\/"]}]},{"@type":"ImageObject","inLanguage":"fi","@id":"https:\/\/bokslukaren.org\/fi\/nain-paaset-alkuun\/#primaryimage","url":"https:\/\/bokslukaren.org\/wp-content\/uploads\/2021\/09\/bokslukaren-og.png","contentUrl":"https:\/\/bokslukaren.org\/wp-content\/uploads\/2021\/09\/bokslukaren-og.png","width":1200,"height":630},{"@type":"WebSite","@id":"https:\/\/bokslukaren.org\/#website","url":"https:\/\/bokslukaren.org\/","name":"Bokslukaren","description":"Test","potentialAction":[{"@type":"SearchAction","target":{"@type":"EntryPoint","urlTemplate":"https:\/\/bokslukaren.org\/?s={search_term_string}"},"query-input":{"@type":"PropertyValueSpecification","valueRequired":true,"valueName":"search_term_string"}}],"inLanguage":"fi"}]}},"_links":{"self":[{"href":"https:\/\/bokslukaren.org\/fi\/wp-json\/wp\/v2\/pages\/192","targetHints":{"allow":["GET"]}}],"collection":[{"href":"https:\/\/bokslukaren.org\/fi\/wp-json\/wp\/v2\/pages"}],"about":[{"href":"https:\/\/bokslukaren.org\/fi\/wp-json\/wp\/v2\/types\/page"}],"author":[{"embeddable":true,"href":"https:\/\/bokslukaren.org\/fi\/wp-json\/wp\/v2\/users\/1"}],"replies":[{"embeddable":true,"href":"https:\/\/bokslukaren.org\/fi\/wp-json\/wp\/v2\/comments?post=192"}],"version-history":[{"count":88,"href":"https:\/\/bokslukaren.org\/fi\/wp-json\/wp\/v2\/pages\/192\/revisions"}],"predecessor-version":[{"id":5327,"href":"https:\/\/bokslukaren.org\/fi\/wp-json\/wp\/v2\/pages\/192\/revisions\/5327"}],"wp:featuredmedia":[{"embeddable":true,"href":"https:\/\/bokslukaren.org\/fi\/wp-json\/wp\/v2\/media\/472"}],"wp:attachment":[{"href":"https:\/\/bokslukaren.org\/fi\/wp-json\/wp\/v2\/media?parent=192"}],"curies":[{"name":"wp","href":"https:\/\/api.w.org\/{rel}","templated":true}]}}