{"id":2044,"date":"2022-08-08T14:01:13","date_gmt":"2022-08-08T11:01:13","guid":{"rendered":"https:\/\/bokslukaren.org\/?page_id=2044"},"modified":"2026-02-02T13:42:56","modified_gmt":"2026-02-02T11:42:56","slug":"yhteistyokumppanit","status":"publish","type":"page","link":"https:\/\/bokslukaren.org\/fi\/yhteistyokumppanit\/","title":{"rendered":"Yhteisty\u00f6kumppanit"},"content":{"rendered":"<div class=\"wp-bootstrap-blocks-row row align-items-start\">\n\t\n\n<div class=\"col-12\">\n\t\t\t\n\n<div class=\"wp-block-columns is-layout-flex wp-container-core-columns-is-layout-9d6595d7 wp-block-columns-is-layout-flex\">\n<div class=\"wp-block-column is-layout-flow wp-block-column-is-layout-flow\"><\/div>\n\n\n\n<div class=\"wp-block-column is-layout-flow wp-block-column-is-layout-flow\">\n<h2 class=\"wp-block-heading has-text-align-center\"><strong><strong>Haluatko tehd\u00e4 yhteisty\u00f6t\u00e4 Pohjoismaisen kirja-ahmatin kanssa?<\/strong><\/strong><\/h2>\n\n\n\n<p class=\"has-text-align-center\">J\u00e4rjest\u00e4mme mielell\u00e4mme ty\u00f6pajoja lukuharrastuksen edist\u00e4jille. Ota yhteytt\u00e4, jos tied\u00e4t Pohjoismaisesta kirja-ahmatista kiinnostuneen kohderyhm\u00e4n.<\/p>\n\n\n\n<p class=\"has-text-align-center\"><strong>Marie Busck-Nielsen<\/strong>, projektity\u00f6ntekij\u00e4<br><strong><a href=\"mailto:marie.busck-nielsen@nkk.org\">marie.busck-nielsen@nkk.org<\/a><\/strong><\/p>\n\n\n\n<p class=\"has-text-align-center\"><strong>Lehdist\u00f6n yhteyshenkil\u00f6<\/strong><br><strong>Heidi Orava, <\/strong>viestint\u00e4p\u00e4\u00e4llikk\u00f6, Pohjoismainen kulttuuripiste<br><strong><a href=\"mailto:heidi.orava@nkk.org\">heidi.orava@nkk.org<\/a><\/strong><\/p>\n\n\n\n<p class=\"has-text-align-center\">Pohjoismaisen kirja-ahmatin ty\u00f6pajoja ja lukuhetki\u00e4 j\u00e4rjestet\u00e4\u00e4n s\u00e4\u00e4nn\u00f6llisesti Helsingin Pohjoismaisessa kulttuuripisteess\u00e4 ja Reykjavikin Pohjolan-talossa.&nbsp;&nbsp;<\/p>\n\n\n\n<figure class=\"wp-block-image size-large\"><img loading=\"lazy\" decoding=\"async\" width=\"1445\" height=\"1157\" src=\"https:\/\/bokslukaren.org\/wp-content\/uploads\/2025\/08\/Bogbanan-9-4-1445x1157.png\" alt=\"\" class=\"wp-image-5029\" srcset=\"https:\/\/bokslukaren.org\/wp-content\/uploads\/2025\/08\/Bogbanan-9-4-1445x1157.png 1445w, https:\/\/bokslukaren.org\/wp-content\/uploads\/2025\/08\/Bogbanan-9-4-300x240.png 300w, https:\/\/bokslukaren.org\/wp-content\/uploads\/2025\/08\/Bogbanan-9-4-768x615.png 768w, https:\/\/bokslukaren.org\/wp-content\/uploads\/2025\/08\/Bogbanan-9-4-1536x1230.png 1536w, https:\/\/bokslukaren.org\/wp-content\/uploads\/2025\/08\/Bogbanan-9-4-2048x1640.png 2048w, https:\/\/bokslukaren.org\/wp-content\/uploads\/2025\/08\/Bogbanan-9-4-1920x1537.png 1920w\" sizes=\"auto, (max-width: 1445px) 100vw, 1445px\" \/><\/figure>\n<\/div>\n\n\n\n<div class=\"wp-block-column is-layout-flow wp-block-column-is-layout-flow\"><\/div>\n<\/div>\n\n\t<\/div>\n\n<\/div>\n\n\n<div class=\"wp-bootstrap-blocks-container container mb-5\">\n\t\n<div class=\"wp-bootstrap-blocks-row row justify-content-center align-items-end\">\n\t\n\n<div class=\"col-12 col-sm-6 col-md-4 col-lg-4\">\n\t\t\t<div class=\"p-2\">\n\t\t\t\n\n<p class=\"has-text-align-center\"><\/p>\n\n\t\t<\/div>\n\t<\/div>\n\n\n\n<div class=\"col-12 col-sm-6 col-md-4 col-lg-4\">\n\t\t\t<div class=\"p-3\">\n\t\t\t\n\n<h3 class=\"wp-block-heading has-text-align-center\"><strong>Ty\u00f6ryhm\u00e4<\/strong><\/h3>\n\n\n\n<p class=\"has-text-align-center\">Pohjoismaisen kirja-ahmatin ty\u00f6ryhm\u00e4ss\u00e4 on asiantuntijoita Pohjoismaiden kaikilta kielialueilta. Ty\u00f6ryhm\u00e4n j\u00e4senet laativat pedagogisen materiaalin ja toimivat ohjelman l\u00e4hettil\u00e4in\u00e4 Pohjolan eri alueilla.<\/p>\n\n\n\n<p class=\"has-text-align-center\"><strong>Anna H\u00e4llgren<\/strong>, lukuharrastuksen edist\u00e4j\u00e4 (SE)&nbsp;<\/p>\n\n\n\n<p class=\"has-text-align-center\"><strong>Anni Ag\u00e9lii<\/strong>, koulukirjastokoordinaattori (SE)&nbsp;<\/p>\n\n\n\n<p class=\"has-text-align-center\"><strong>Dr\u00edfa Gu\u00f0mundsd\u00f3ttir<\/strong>, lasten- ja nuortenkirjastonhoitaja (NO)&nbsp;<\/p>\n\n\n\n<p class=\"has-text-align-center\"><strong>Eilen Anthoniussen<\/strong>, F\u00f8royar lesa -hankkeen vet\u00e4j\u00e4 (FO)&nbsp;<\/p>\n\n\n\n<p class=\"has-text-align-center\"><strong>Hrafnhildur Gissurard\u00f3ttir<\/strong>, taide- ja kulttuurituottaja (IS)&nbsp;<\/p>\n\n\n\n<p class=\"has-text-align-center\"><strong>Jens Olesen<\/strong>, toimittaja ja lapsen kielen kehityksen asiantuntija (DK)&nbsp;<\/p>\n\n\n\n<p class=\"has-text-align-center\"><strong>Karen Anne Buljo<\/strong>, kirjailija (S\u00c1)&nbsp;<\/p>\n\n\n\n<p class=\"has-text-align-center\"><strong>Michelle Mattfolk<\/strong>, erikoiskirjastovirkailija (FI)&nbsp;<\/p>\n\n\n\n<p class=\"has-text-align-center\"><strong>Mikaela Wickstr\u00f6m<\/strong>, lukuharrastuksen edist\u00e4j\u00e4, toinen Pohjoismaisen kirja-ahmatti-hankkeen aloitteentekij\u00f6ist\u00e4 (FI)&nbsp;<\/p>\n\n\n\n<p class=\"has-text-align-center\"><strong>Nina Nordal R\u00f8nne<\/strong>, kirjailija ja kuvittaja (NO)&nbsp;<\/p>\n\n\n\n<p class=\"has-text-align-center\"><strong>Sara Gollander<\/strong>, lastenkirjastonhoitaja (DK)<\/p>\n\n\n\n<p class=\"has-text-align-center\"><strong>Tina Sedin<\/strong>, varhaiskasvatuksen opettaja (FI)&nbsp;<\/p>\n\n\n\n<p class=\"has-text-align-center\"><strong>Troels Posselt<\/strong>, opettaja ja kirjallisuudentutkija (NO)&nbsp;<\/p>\n\n\n\n<p class=\"has-text-align-center\">Jos olet kiinnostunut, hankkeen vet\u00e4j\u00e4t kertovat mielell\u00e4\u00e4n lis\u00e4\u00e4 ty\u00f6ryhm\u00e4n toiminnasta ja mahdollisesta yhteisty\u00f6st\u00e4.<\/p>\n\n\t\t<\/div>\n\t<\/div>\n\n\n\n<div class=\"col-12 col-md-4\">\n\t\t\t\t<\/div>\n\n<\/div>\n\n<\/div>\n\n\n\n<div class=\"wp-block-columns are-vertically-aligned-top is-layout-flex wp-container-core-columns-is-layout-9d6595d7 wp-block-columns-is-layout-flex\">\n<div class=\"wp-block-column is-vertically-aligned-top is-layout-flow wp-block-column-is-layout-flow\" style=\"flex-basis:100%\">\n<div class=\"wp-block-columns is-layout-flex wp-container-core-columns-is-layout-9d6595d7 wp-block-columns-is-layout-flex\">\n<div class=\"wp-block-column is-layout-flow wp-block-column-is-layout-flow\" style=\"flex-basis:25%\"><\/div>\n\n\n\n<div class=\"wp-block-column is-layout-flow wp-block-column-is-layout-flow\" style=\"flex-basis:50%\">\n<h3 class=\"wp-block-heading has-text-align-center\"><strong>Aiemmat yhteisty\u00f6kumppanimme<\/strong>&nbsp;<\/h3>\n\n\n\n<p class=\"has-text-align-center\">Pohjoismainen kirja-ahmatti on Pohjoismaisen kulttuuripisteen kehitt\u00e4m\u00e4 ja johtama hanke. Hankkeen yhteisty\u00f6kumppaneina ovat F\u00e4rsaarten Pohjolan-talo, Reykjavikin Pohjolan-talo, Gr\u00f6nlannin Pohjola-instituutti ja Ahvenanmaan Pohjola-instituutti.&nbsp;&nbsp;<\/p>\n\n\n\n<p class=\"has-text-align-center\">Olemme tehneet yhteisty\u00f6t\u00e4 Norden i Skolan -oppimisalustan, Sydkustens ordkonstskola -sanataidekoulun ja Helsingin yliopiston varhaiskasvatuksen opintolinjan kanssa. Lis\u00e4ksi hankkeen yhteisty\u00f6kumppaneina on pohjoismaisia kustantamoita, jotka toimittavat ty\u00f6ryhm\u00e4lle kirjojaan pedagogisen materiaalin laatimista varten. <\/p>\n\n\n\n<p class=\"has-text-align-center\">Hankkeen pilottivaiheessa kirjoitettiin my\u00f6s ruotsinkielinen julkaisu siit\u00e4, miten lapset saadaan innostumaan pohjoismaisista kuvakirjoista: <a href=\"https:\/\/pub.nkk.org\/nordiskabilderbocker\/\" target=\"_blank\" rel=\"noreferrer noopener\">\u201dS\u00e5 uppt\u00e4cker barnen de nordiska bilderb\u00f6ckerna \u2013 kvalitativa effekter av st\u00f6dresurser till l\u00e4sfr\u00e4mjare\u201d<\/a>.&nbsp;<\/p>\n<\/div>\n\n\n\n<div class=\"wp-block-column is-layout-flow wp-block-column-is-layout-flow\" style=\"flex-basis:25%\"><\/div>\n<\/div>\n<\/div>\n<\/div>\n","protected":false},"excerpt":{"rendered":"<p>Aiemmat yhteisty\u00f6kumppanimme&nbsp; Pohjoismainen kirja-ahmatti on Pohjoismaisen kulttuuripisteen kehitt\u00e4m\u00e4 ja johtama hanke. Hankkeen yhteisty\u00f6kumppaneina ovat F\u00e4rsaarten Pohjolan-talo, Reykjavikin Pohjolan-talo, Gr\u00f6nlannin Pohjola-instituutti ja Ahvenanmaan Pohjola-instituutti.&nbsp;&nbsp; Olemme tehneet yhteisty\u00f6t\u00e4 Norden i Skolan -oppimisalustan, Sydkustens ordkonstskola -sanataidekoulun ja Helsingin yliopiston varhaiskasvatuksen opintolinjan kanssa. Lis\u00e4ksi hankkeen yhteisty\u00f6kumppaneina on pohjoismaisia kustantamoita, jotka toimittavat ty\u00f6ryhm\u00e4lle kirjojaan pedagogisen materiaalin laatimista varten. Hankkeen pilottivaiheessa [&hellip;]<\/p>\n","protected":false},"author":1,"featured_media":0,"parent":0,"menu_order":0,"comment_status":"closed","ping_status":"closed","template":"","meta":{"_acf_changed":false,"_monsterinsights_skip_tracking":false,"_monsterinsights_sitenote_active":false,"_monsterinsights_sitenote_note":"","_monsterinsights_sitenote_category":0,"footnotes":""},"class_list":["post-2044","page","type-page","status-publish","hentry"],"acf":[],"yoast_head":"<!-- This site is optimized with the Yoast SEO plugin v27.3 - https:\/\/yoast.com\/product\/yoast-seo-wordpress\/ -->\n<title>Yhteisty\u00f6kumppanit - Bokslukaren<\/title>\n<meta name=\"robots\" content=\"index, follow, max-snippet:-1, max-image-preview:large, max-video-preview:-1\" \/>\n<link rel=\"canonical\" href=\"https:\/\/bokslukaren.org\/fi\/yhteistyokumppanit\/\" \/>\n<meta property=\"og:locale\" content=\"fi_FI\" \/>\n<meta property=\"og:type\" content=\"article\" \/>\n<meta property=\"og:title\" content=\"Yhteisty\u00f6kumppanit - Bokslukaren\" \/>\n<meta property=\"og:description\" content=\"Aiemmat yhteisty\u00f6kumppanimme&nbsp; Pohjoismainen kirja-ahmatti on Pohjoismaisen kulttuuripisteen kehitt\u00e4m\u00e4 ja johtama hanke. Hankkeen yhteisty\u00f6kumppaneina ovat F\u00e4rsaarten Pohjolan-talo, Reykjavikin Pohjolan-talo, Gr\u00f6nlannin Pohjola-instituutti ja Ahvenanmaan Pohjola-instituutti.&nbsp;&nbsp; Olemme tehneet yhteisty\u00f6t\u00e4 Norden i Skolan -oppimisalustan, Sydkustens ordkonstskola -sanataidekoulun ja Helsingin yliopiston varhaiskasvatuksen opintolinjan kanssa. Lis\u00e4ksi hankkeen yhteisty\u00f6kumppaneina on pohjoismaisia kustantamoita, jotka toimittavat ty\u00f6ryhm\u00e4lle kirjojaan pedagogisen materiaalin laatimista varten. Hankkeen pilottivaiheessa [&hellip;]\" \/>\n<meta property=\"og:url\" content=\"https:\/\/bokslukaren.org\/fi\/yhteistyokumppanit\/\" \/>\n<meta property=\"og:site_name\" content=\"Bokslukaren\" \/>\n<meta property=\"article:publisher\" content=\"https:\/\/www.facebook.com\/nordiskkulturkontakt\/\" \/>\n<meta property=\"article:modified_time\" content=\"2026-02-02T11:42:56+00:00\" \/>\n<meta property=\"og:image\" content=\"https:\/\/bokslukaren.org\/wp-content\/uploads\/2025\/08\/Bogbanan-9-4-1445x1157.png\" \/>\n\t<meta property=\"og:image:width\" content=\"1445\" \/>\n\t<meta property=\"og:image:height\" content=\"1157\" \/>\n\t<meta property=\"og:image:type\" content=\"image\/png\" \/>\n<meta name=\"twitter:card\" content=\"summary_large_image\" \/>\n<meta name=\"twitter:label1\" content=\"Arvioitu lukuaika\" \/>\n\t<meta name=\"twitter:data1\" content=\"2 minuuttia\" \/>\n<script type=\"application\/ld+json\" class=\"yoast-schema-graph\">{\"@context\":\"https:\\\/\\\/schema.org\",\"@graph\":[{\"@type\":\"WebPage\",\"@id\":\"https:\\\/\\\/bokslukaren.org\\\/fi\\\/yhteistyokumppanit\\\/\",\"url\":\"https:\\\/\\\/bokslukaren.org\\\/fi\\\/yhteistyokumppanit\\\/\",\"name\":\"Yhteisty\u00f6kumppanit - Bokslukaren\",\"isPartOf\":{\"@id\":\"https:\\\/\\\/bokslukaren.org\\\/#website\"},\"primaryImageOfPage\":{\"@id\":\"https:\\\/\\\/bokslukaren.org\\\/fi\\\/yhteistyokumppanit\\\/#primaryimage\"},\"image\":{\"@id\":\"https:\\\/\\\/bokslukaren.org\\\/fi\\\/yhteistyokumppanit\\\/#primaryimage\"},\"thumbnailUrl\":\"https:\\\/\\\/bokslukaren.org\\\/wp-content\\\/uploads\\\/2025\\\/08\\\/Bogbanan-9-4-1445x1157.png\",\"datePublished\":\"2022-08-08T11:01:13+00:00\",\"dateModified\":\"2026-02-02T11:42:56+00:00\",\"inLanguage\":\"fi\",\"potentialAction\":[{\"@type\":\"ReadAction\",\"target\":[\"https:\\\/\\\/bokslukaren.org\\\/fi\\\/yhteistyokumppanit\\\/\"]}]},{\"@type\":\"ImageObject\",\"inLanguage\":\"fi\",\"@id\":\"https:\\\/\\\/bokslukaren.org\\\/fi\\\/yhteistyokumppanit\\\/#primaryimage\",\"url\":\"https:\\\/\\\/bokslukaren.org\\\/wp-content\\\/uploads\\\/2025\\\/08\\\/Bogbanan-9-4-1445x1157.png\",\"contentUrl\":\"https:\\\/\\\/bokslukaren.org\\\/wp-content\\\/uploads\\\/2025\\\/08\\\/Bogbanan-9-4-1445x1157.png\"},{\"@type\":\"WebSite\",\"@id\":\"https:\\\/\\\/bokslukaren.org\\\/#website\",\"url\":\"https:\\\/\\\/bokslukaren.org\\\/\",\"name\":\"Bokslukaren\",\"description\":\"Test\",\"potentialAction\":[{\"@type\":\"SearchAction\",\"target\":{\"@type\":\"EntryPoint\",\"urlTemplate\":\"https:\\\/\\\/bokslukaren.org\\\/?s={search_term_string}\"},\"query-input\":{\"@type\":\"PropertyValueSpecification\",\"valueRequired\":true,\"valueName\":\"search_term_string\"}}],\"inLanguage\":\"fi\"}]}<\/script>\n<!-- \/ Yoast SEO plugin. -->","yoast_head_json":{"title":"Yhteisty\u00f6kumppanit - Bokslukaren","robots":{"index":"index","follow":"follow","max-snippet":"max-snippet:-1","max-image-preview":"max-image-preview:large","max-video-preview":"max-video-preview:-1"},"canonical":"https:\/\/bokslukaren.org\/fi\/yhteistyokumppanit\/","og_locale":"fi_FI","og_type":"article","og_title":"Yhteisty\u00f6kumppanit - Bokslukaren","og_description":"Aiemmat yhteisty\u00f6kumppanimme&nbsp; Pohjoismainen kirja-ahmatti on Pohjoismaisen kulttuuripisteen kehitt\u00e4m\u00e4 ja johtama hanke. Hankkeen yhteisty\u00f6kumppaneina ovat F\u00e4rsaarten Pohjolan-talo, Reykjavikin Pohjolan-talo, Gr\u00f6nlannin Pohjola-instituutti ja Ahvenanmaan Pohjola-instituutti.&nbsp;&nbsp; Olemme tehneet yhteisty\u00f6t\u00e4 Norden i Skolan -oppimisalustan, Sydkustens ordkonstskola -sanataidekoulun ja Helsingin yliopiston varhaiskasvatuksen opintolinjan kanssa. Lis\u00e4ksi hankkeen yhteisty\u00f6kumppaneina on pohjoismaisia kustantamoita, jotka toimittavat ty\u00f6ryhm\u00e4lle kirjojaan pedagogisen materiaalin laatimista varten. Hankkeen pilottivaiheessa [&hellip;]","og_url":"https:\/\/bokslukaren.org\/fi\/yhteistyokumppanit\/","og_site_name":"Bokslukaren","article_publisher":"https:\/\/www.facebook.com\/nordiskkulturkontakt\/","article_modified_time":"2026-02-02T11:42:56+00:00","og_image":[{"width":1445,"height":1157,"url":"https:\/\/bokslukaren.org\/wp-content\/uploads\/2025\/08\/Bogbanan-9-4-1445x1157.png","type":"image\/png"}],"twitter_card":"summary_large_image","twitter_misc":{"Arvioitu lukuaika":"2 minuuttia"},"schema":{"@context":"https:\/\/schema.org","@graph":[{"@type":"WebPage","@id":"https:\/\/bokslukaren.org\/fi\/yhteistyokumppanit\/","url":"https:\/\/bokslukaren.org\/fi\/yhteistyokumppanit\/","name":"Yhteisty\u00f6kumppanit - Bokslukaren","isPartOf":{"@id":"https:\/\/bokslukaren.org\/#website"},"primaryImageOfPage":{"@id":"https:\/\/bokslukaren.org\/fi\/yhteistyokumppanit\/#primaryimage"},"image":{"@id":"https:\/\/bokslukaren.org\/fi\/yhteistyokumppanit\/#primaryimage"},"thumbnailUrl":"https:\/\/bokslukaren.org\/wp-content\/uploads\/2025\/08\/Bogbanan-9-4-1445x1157.png","datePublished":"2022-08-08T11:01:13+00:00","dateModified":"2026-02-02T11:42:56+00:00","inLanguage":"fi","potentialAction":[{"@type":"ReadAction","target":["https:\/\/bokslukaren.org\/fi\/yhteistyokumppanit\/"]}]},{"@type":"ImageObject","inLanguage":"fi","@id":"https:\/\/bokslukaren.org\/fi\/yhteistyokumppanit\/#primaryimage","url":"https:\/\/bokslukaren.org\/wp-content\/uploads\/2025\/08\/Bogbanan-9-4-1445x1157.png","contentUrl":"https:\/\/bokslukaren.org\/wp-content\/uploads\/2025\/08\/Bogbanan-9-4-1445x1157.png"},{"@type":"WebSite","@id":"https:\/\/bokslukaren.org\/#website","url":"https:\/\/bokslukaren.org\/","name":"Bokslukaren","description":"Test","potentialAction":[{"@type":"SearchAction","target":{"@type":"EntryPoint","urlTemplate":"https:\/\/bokslukaren.org\/?s={search_term_string}"},"query-input":{"@type":"PropertyValueSpecification","valueRequired":true,"valueName":"search_term_string"}}],"inLanguage":"fi"}]}},"_links":{"self":[{"href":"https:\/\/bokslukaren.org\/fi\/wp-json\/wp\/v2\/pages\/2044","targetHints":{"allow":["GET"]}}],"collection":[{"href":"https:\/\/bokslukaren.org\/fi\/wp-json\/wp\/v2\/pages"}],"about":[{"href":"https:\/\/bokslukaren.org\/fi\/wp-json\/wp\/v2\/types\/page"}],"author":[{"embeddable":true,"href":"https:\/\/bokslukaren.org\/fi\/wp-json\/wp\/v2\/users\/1"}],"replies":[{"embeddable":true,"href":"https:\/\/bokslukaren.org\/fi\/wp-json\/wp\/v2\/comments?post=2044"}],"version-history":[{"count":15,"href":"https:\/\/bokslukaren.org\/fi\/wp-json\/wp\/v2\/pages\/2044\/revisions"}],"predecessor-version":[{"id":5358,"href":"https:\/\/bokslukaren.org\/fi\/wp-json\/wp\/v2\/pages\/2044\/revisions\/5358"}],"wp:attachment":[{"href":"https:\/\/bokslukaren.org\/fi\/wp-json\/wp\/v2\/media?parent=2044"}],"curies":[{"name":"wp","href":"https:\/\/api.w.org\/{rel}","templated":true}]}}