{"id":8,"date":"2021-09-08T20:26:32","date_gmt":"2021-09-08T17:26:32","guid":{"rendered":"https:\/\/bokslukaren.org\/?page_id=8"},"modified":"2025-08-20T14:48:00","modified_gmt":"2025-08-20T11:48:00","slug":"etusivu","status":"publish","type":"page","link":"https:\/\/bokslukaren.org\/fi\/","title":{"rendered":"Pohjoismainen kirja-ahmatti"},"content":{"rendered":"<div class=\"wp-bootstrap-blocks-container container mb-5\">\n\t\n<div class=\"wp-bootstrap-blocks-row row justify-content-center align-items-center\">\n\t\n\n<div class=\"col-12 col-md-8 col-lg-7 col-xxl-6\">\n\t\t\t<div class=\"h-100 d-flex flex-column justify-content-center p-3\">\n\t\t\t\n<div class=\"wp-block-image\">\n<figure class=\"aligncenter size-full\"><img loading=\"lazy\" decoding=\"async\" width=\"1000\" height=\"400\" src=\"https:\/\/bokslukaren.org\/wp-content\/uploads\/2022\/02\/Bogbananen_nukkuu_optim.gif\" alt=\"\" class=\"wp-image-1682\"\/><\/figure>\n<\/div>\n\t\t<\/div>\n\t<\/div>\n\n<\/div>\n\n\n<div class=\"wp-bootstrap-blocks-row row justify-content-center align-items-center\">\n\t\n\n<div class=\"col-12 col-md-10 col-xxl-8\">\n\t\t\t<div class=\"h-100 d-flex flex-column justify-content-center\">\n\t\t\t\n\n<h1 class=\"wp-block-heading has-text-align-center\" id=\"pohjoismainen-kirja-ahmatti\"><strong>Pohjoismainen kirja-ahmatti<\/strong><\/h1>\n\n\n\n<div class=\"wp-block-columns is-layout-flex wp-container-core-columns-is-layout-9d6595d7 wp-block-columns-is-layout-flex\">\n<div class=\"wp-block-column is-layout-flow wp-block-column-is-layout-flow\" style=\"flex-basis:25%\"><\/div>\n\n\n\n<div class=\"wp-block-column is-layout-flow wp-block-column-is-layout-flow\" style=\"flex-basis:50%\">\n<h2 class=\"wp-block-heading has-text-align-center\"><strong>\u2013 keskustele lasten kanssa muilla pohjoismaisilla kielill\u00e4 kirjoitetuista kuvakirjoista<\/strong><\/h2>\n<\/div>\n\n\n\n<div class=\"wp-block-column is-layout-flow wp-block-column-is-layout-flow\" style=\"flex-basis:25%\"><\/div>\n<\/div>\n\n\t\t<\/div>\n\t<\/div>\n\n\n\n<div class=\"col-12\">\n\t\t\t\n\n<div class=\"wp-block-columns is-layout-flex wp-container-core-columns-is-layout-9d6595d7 wp-block-columns-is-layout-flex\">\n<div class=\"wp-block-column is-layout-flow wp-block-column-is-layout-flow\" style=\"flex-basis:25%\"><\/div>\n\n\n\n<div class=\"wp-block-column is-layout-flow wp-block-column-is-layout-flow\" style=\"flex-basis:50%\">\n<p class=\"has-text-align-center\">Pohjoismainen kirja-ahmatti (Den nordiska bokslukaren) tuottaa pohjoismaisia kuvakirjoja k\u00e4sittelev\u00e4\u00e4 pedagogista tukimateriaalia maksutta Pohjoismaiden eri kielill\u00e4. Materiaalia voi k\u00e4ytt\u00e4\u00e4 vapaasti, ja se on tarkoitettu lasten kanssa k\u00e4yt\u00e4vien kirjallisuuskeskustelujen her\u00e4tteeksi kouluissa, kirjastoissa ja kotisohvilla. Materiaali on laadittu Pohjoismaiden neuvoston lasten- ja nuortenkirjallisuuspalkinnon ehdokkaana olleista kuvakirjoista.<\/p>\n\n\n\n<div style=\"height:40px\" aria-hidden=\"true\" class=\"wp-block-spacer\"><\/div>\n\n\n\n<h3 class=\"wp-block-heading has-text-align-center\"><strong>Pohjoismaisen kirja-ahmatin tavoitteet<\/strong><\/h3>\n\n\n\n<p class=\"has-text-align-center\">Haluamme tavoittaa aikuiset, jotka lukevat lasten kanssa ja kaipaavat lis\u00e4\u00e4 inspiraatiota ja tukea lukuharrastuksen edist\u00e4miseen. Materiaali helpottaa muilla pohjoismaisilla kielill\u00e4 kirjoitettujen kuvakirjojen hy\u00f6dynt\u00e4mist\u00e4 lasten kanssa k\u00e4yt\u00e4viss\u00e4 kirjallisuuskeskusteluissa. T\u00e4ll\u00e4 tavoin pyrimme lis\u00e4\u00e4m\u00e4\u00e4n tiet\u00e4myst\u00e4 pohjoismaisista kuvakirja-aarteista ja luomaan pohjoismaista yhteenkuuluvuuden tunnetta lukemisen avulla.<\/p>\n\n\n\n<p class=\"has-text-align-center\">Pedagogisen tukimateriaalin tuottaa pohjoismainen ty\u00f6ryhm\u00e4, jossa on lastenkirjastonhoitajia, kuvittajia, kirjailijoita, opettajia ja muita lukuharrastuksen edist\u00e4ji\u00e4. Hankkeen k\u00e4ynnist\u00e4j\u00e4 ja vet\u00e4j\u00e4 on Helsingin Pohjoismainen kulttuuripiste, ja sen rahoittaa Pohjoismaiden ministerineuvosto.\u00a0<\/p>\n\n\n\n<div style=\"height:40px\" aria-hidden=\"true\" class=\"wp-block-spacer\"><\/div>\n\n\n\n<h3 class=\"wp-block-heading has-text-align-center\"><strong>Tervetuloa inspiroitumaan!<\/strong><\/h3>\n<\/div>\n\n\n\n<div class=\"wp-block-column is-layout-flow wp-block-column-is-layout-flow\" style=\"flex-basis:25%\"><\/div>\n<\/div>\n\n\t<\/div>\n\n<\/div>\n\n<\/div>\n\n\n<div class=\"wp-bootstrap-blocks-container container-fluid mb-5\">\n\t\n<div class=\"wp-bootstrap-blocks-row row gx-0 gy-3\">\n\t\n\n<div class=\"col-12\">\n\t\t\t\n<div class=\"wp-block-image left-over\">\n<figure class=\"alignleft size-full\"><img loading=\"lazy\" decoding=\"async\" width=\"1107\" height=\"229\" src=\"https:\/\/bokslukaren.org\/wp-content\/uploads\/2021\/09\/kyna-2.png\" alt=\"\" class=\"wp-image-133\" srcset=\"https:\/\/bokslukaren.org\/wp-content\/uploads\/2021\/09\/kyna-2.png 1107w, https:\/\/bokslukaren.org\/wp-content\/uploads\/2021\/09\/kyna-2-300x62.png 300w, https:\/\/bokslukaren.org\/wp-content\/uploads\/2021\/09\/kyna-2-1024x212.png 1024w, https:\/\/bokslukaren.org\/wp-content\/uploads\/2021\/09\/kyna-2-768x159.png 768w\" sizes=\"auto, (max-width: 1107px) 100vw, 1107px\" \/><\/figure>\n<\/div>\n\t<\/div>\n\n<\/div>\n\n<\/div>\n\n\n<div class=\"wp-bootstrap-blocks-container container mb-5\">\n\t\n<div class=\"wp-bootstrap-blocks-row row justify-content-center align-items-center\">\n\t\n\n<div class=\"col-12 col-lg-10 col-xxl-8\">\n\t\t\t\t<\/div>\n\n<\/div>\n\n<\/div>\n","protected":false},"excerpt":{"rendered":"","protected":false},"author":1,"featured_media":472,"parent":0,"menu_order":0,"comment_status":"closed","ping_status":"closed","template":"","meta":{"_acf_changed":false,"_monsterinsights_skip_tracking":false,"_monsterinsights_sitenote_active":false,"_monsterinsights_sitenote_note":"","_monsterinsights_sitenote_category":0,"footnotes":""},"class_list":["post-8","page","type-page","status-publish","has-post-thumbnail","hentry"],"acf":[],"yoast_head":"<!-- This site is optimized with the Yoast SEO plugin v27.3 - https:\/\/yoast.com\/product\/yoast-seo-wordpress\/ -->\n<title>Pohjoismainen kirja-ahmatti - Bokslukaren<\/title>\n<meta name=\"robots\" content=\"index, follow, max-snippet:-1, max-image-preview:large, max-video-preview:-1\" \/>\n<link rel=\"canonical\" href=\"https:\/\/bokslukaren.org\/fi\/\" \/>\n<meta property=\"og:locale\" content=\"fi_FI\" \/>\n<meta property=\"og:type\" content=\"article\" \/>\n<meta property=\"og:title\" content=\"Pohjoismainen kirja-ahmatti - Bokslukaren\" \/>\n<meta property=\"og:url\" content=\"https:\/\/bokslukaren.org\/fi\/\" \/>\n<meta property=\"og:site_name\" content=\"Bokslukaren\" \/>\n<meta property=\"article:publisher\" content=\"https:\/\/www.facebook.com\/nordiskkulturkontakt\/\" \/>\n<meta property=\"article:modified_time\" content=\"2025-08-20T11:48:00+00:00\" \/>\n<meta property=\"og:image\" content=\"https:\/\/bokslukaren.org\/wp-content\/uploads\/2021\/09\/bokslukaren-og.png\" \/>\n\t<meta property=\"og:image:width\" content=\"1200\" \/>\n\t<meta property=\"og:image:height\" content=\"630\" \/>\n\t<meta property=\"og:image:type\" content=\"image\/png\" \/>\n<meta name=\"twitter:card\" content=\"summary_large_image\" \/>\n<meta name=\"twitter:label1\" content=\"Arvioitu lukuaika\" \/>\n\t<meta name=\"twitter:data1\" content=\"2 minuuttia\" \/>\n<script type=\"application\/ld+json\" class=\"yoast-schema-graph\">{\"@context\":\"https:\\\/\\\/schema.org\",\"@graph\":[{\"@type\":\"WebPage\",\"@id\":\"https:\\\/\\\/bokslukaren.org\\\/fi\\\/\",\"url\":\"https:\\\/\\\/bokslukaren.org\\\/fi\\\/\",\"name\":\"Pohjoismainen kirja-ahmatti - Bokslukaren\",\"isPartOf\":{\"@id\":\"https:\\\/\\\/bokslukaren.org\\\/#website\"},\"primaryImageOfPage\":{\"@id\":\"https:\\\/\\\/bokslukaren.org\\\/fi\\\/#primaryimage\"},\"image\":{\"@id\":\"https:\\\/\\\/bokslukaren.org\\\/fi\\\/#primaryimage\"},\"thumbnailUrl\":\"https:\\\/\\\/bokslukaren.org\\\/wp-content\\\/uploads\\\/2021\\\/09\\\/bokslukaren-og.png\",\"datePublished\":\"2021-09-08T17:26:32+00:00\",\"dateModified\":\"2025-08-20T11:48:00+00:00\",\"inLanguage\":\"fi\",\"potentialAction\":[{\"@type\":\"ReadAction\",\"target\":[\"https:\\\/\\\/bokslukaren.org\\\/fi\\\/\"]}]},{\"@type\":\"ImageObject\",\"inLanguage\":\"fi\",\"@id\":\"https:\\\/\\\/bokslukaren.org\\\/fi\\\/#primaryimage\",\"url\":\"https:\\\/\\\/bokslukaren.org\\\/wp-content\\\/uploads\\\/2021\\\/09\\\/bokslukaren-og.png\",\"contentUrl\":\"https:\\\/\\\/bokslukaren.org\\\/wp-content\\\/uploads\\\/2021\\\/09\\\/bokslukaren-og.png\",\"width\":1200,\"height\":630},{\"@type\":\"WebSite\",\"@id\":\"https:\\\/\\\/bokslukaren.org\\\/#website\",\"url\":\"https:\\\/\\\/bokslukaren.org\\\/\",\"name\":\"Bokslukaren\",\"description\":\"Test\",\"potentialAction\":[{\"@type\":\"SearchAction\",\"target\":{\"@type\":\"EntryPoint\",\"urlTemplate\":\"https:\\\/\\\/bokslukaren.org\\\/?s={search_term_string}\"},\"query-input\":{\"@type\":\"PropertyValueSpecification\",\"valueRequired\":true,\"valueName\":\"search_term_string\"}}],\"inLanguage\":\"fi\"}]}<\/script>\n<!-- \/ Yoast SEO plugin. -->","yoast_head_json":{"title":"Pohjoismainen kirja-ahmatti - Bokslukaren","robots":{"index":"index","follow":"follow","max-snippet":"max-snippet:-1","max-image-preview":"max-image-preview:large","max-video-preview":"max-video-preview:-1"},"canonical":"https:\/\/bokslukaren.org\/fi\/","og_locale":"fi_FI","og_type":"article","og_title":"Pohjoismainen kirja-ahmatti - Bokslukaren","og_url":"https:\/\/bokslukaren.org\/fi\/","og_site_name":"Bokslukaren","article_publisher":"https:\/\/www.facebook.com\/nordiskkulturkontakt\/","article_modified_time":"2025-08-20T11:48:00+00:00","og_image":[{"width":1200,"height":630,"url":"https:\/\/bokslukaren.org\/wp-content\/uploads\/2021\/09\/bokslukaren-og.png","type":"image\/png"}],"twitter_card":"summary_large_image","twitter_misc":{"Arvioitu lukuaika":"2 minuuttia"},"schema":{"@context":"https:\/\/schema.org","@graph":[{"@type":"WebPage","@id":"https:\/\/bokslukaren.org\/fi\/","url":"https:\/\/bokslukaren.org\/fi\/","name":"Pohjoismainen kirja-ahmatti - Bokslukaren","isPartOf":{"@id":"https:\/\/bokslukaren.org\/#website"},"primaryImageOfPage":{"@id":"https:\/\/bokslukaren.org\/fi\/#primaryimage"},"image":{"@id":"https:\/\/bokslukaren.org\/fi\/#primaryimage"},"thumbnailUrl":"https:\/\/bokslukaren.org\/wp-content\/uploads\/2021\/09\/bokslukaren-og.png","datePublished":"2021-09-08T17:26:32+00:00","dateModified":"2025-08-20T11:48:00+00:00","inLanguage":"fi","potentialAction":[{"@type":"ReadAction","target":["https:\/\/bokslukaren.org\/fi\/"]}]},{"@type":"ImageObject","inLanguage":"fi","@id":"https:\/\/bokslukaren.org\/fi\/#primaryimage","url":"https:\/\/bokslukaren.org\/wp-content\/uploads\/2021\/09\/bokslukaren-og.png","contentUrl":"https:\/\/bokslukaren.org\/wp-content\/uploads\/2021\/09\/bokslukaren-og.png","width":1200,"height":630},{"@type":"WebSite","@id":"https:\/\/bokslukaren.org\/#website","url":"https:\/\/bokslukaren.org\/","name":"Bokslukaren","description":"Test","potentialAction":[{"@type":"SearchAction","target":{"@type":"EntryPoint","urlTemplate":"https:\/\/bokslukaren.org\/?s={search_term_string}"},"query-input":{"@type":"PropertyValueSpecification","valueRequired":true,"valueName":"search_term_string"}}],"inLanguage":"fi"}]}},"_links":{"self":[{"href":"https:\/\/bokslukaren.org\/fi\/wp-json\/wp\/v2\/pages\/8","targetHints":{"allow":["GET"]}}],"collection":[{"href":"https:\/\/bokslukaren.org\/fi\/wp-json\/wp\/v2\/pages"}],"about":[{"href":"https:\/\/bokslukaren.org\/fi\/wp-json\/wp\/v2\/types\/page"}],"author":[{"embeddable":true,"href":"https:\/\/bokslukaren.org\/fi\/wp-json\/wp\/v2\/users\/1"}],"replies":[{"embeddable":true,"href":"https:\/\/bokslukaren.org\/fi\/wp-json\/wp\/v2\/comments?post=8"}],"version-history":[{"count":114,"href":"https:\/\/bokslukaren.org\/fi\/wp-json\/wp\/v2\/pages\/8\/revisions"}],"predecessor-version":[{"id":5008,"href":"https:\/\/bokslukaren.org\/fi\/wp-json\/wp\/v2\/pages\/8\/revisions\/5008"}],"wp:featuredmedia":[{"embeddable":true,"href":"https:\/\/bokslukaren.org\/fi\/wp-json\/wp\/v2\/media\/472"}],"wp:attachment":[{"href":"https:\/\/bokslukaren.org\/fi\/wp-json\/wp\/v2\/media?parent=8"}],"curies":[{"name":"wp","href":"https:\/\/api.w.org\/{rel}","templated":true}]}}