{"id":1666,"date":"2022-01-31T18:09:47","date_gmt":"2022-01-31T16:09:47","guid":{"rendered":"https:\/\/bokslukaren.org\/?page_id=1666"},"modified":"2025-08-20T15:20:32","modified_gmt":"2025-08-20T12:20:32","slug":"leita-efni","status":"publish","type":"page","link":"https:\/\/bokslukaren.org\/is\/leita-efni\/","title":{"rendered":"Leita a\u00f0 efni"},"content":{"rendered":"<div class=\"wp-bootstrap-blocks-container container mb-5\">\n\t\n<div class=\"wp-bootstrap-blocks-row row justify-content-center align-items-center\">\n\t\n\n<div class=\"col-12 col-lg-10 col-xxl-8\">\n\t\t\t<div class=\"h-100 d-flex flex-column justify-content-center\">\n\t\t\t\n\n<h1 class=\"wp-block-heading has-text-align-center\" id=\"leita-og-saekja-efni\"><strong>Leita og s\u00e6kja efni<\/strong><\/h1>\n\n\t\t<\/div>\n\t<\/div>\n\n<\/div>\n\n\n<div class=\"wp-bootstrap-blocks-row row justify-content-center align-items-center\">\n\t\n\n<div class=\"col-12 col-sm-6 col-md-4 col-lg-4\">\n\t\t\t<div class=\"h-100 d-flex flex-column justify-content-center\">\n\t\t\t\t\t<\/div>\n\t<\/div>\n\n\n\n<div class=\"col-12 col-sm-6 col-md-4 col-lg-4\">\n\t\t\t<div class=\"h-100 d-flex flex-column justify-content-center\">\n\t\t\t\n\n<p class=\"has-text-align-center\">Allt efni\u00f0 er \u00f3keypis og \u00e1 \u00f6llum norr\u00e6num tungum\u00e1lum. Pr\u00f3fi\u00f0 leitarv\u00e9lina til a\u00f0 s\u00e6kja hugmyndir! B\u00e6kurnar er h\u00e6gt a\u00f0 f\u00e1 a\u00f0 l\u00e1ni e\u00f0a panta \u00e1 n\u00e6sta b\u00f3kasafni.\u00a0\u00a0<\/p>\n\n\t\t<\/div>\n\t<\/div>\n\n\n\n<div class=\"col-12 col-md-4\">\n\t\t\t\t<\/div>\n\n<\/div>\n\n<\/div>\n\n\n\n<p><\/p>\n","protected":false},"excerpt":{"rendered":"","protected":false},"author":1,"featured_media":0,"parent":0,"menu_order":0,"comment_status":"closed","ping_status":"closed","template":"page-material.php","meta":{"_acf_changed":false,"_monsterinsights_skip_tracking":false,"_monsterinsights_sitenote_active":false,"_monsterinsights_sitenote_note":"","_monsterinsights_sitenote_category":0,"footnotes":""},"class_list":["post-1666","page","type-page","status-publish","hentry"],"acf":[],"yoast_head":"<!-- This site is optimized with the Yoast SEO plugin v27.3 - https:\/\/yoast.com\/product\/yoast-seo-wordpress\/ -->\n<title>Leita a\u00f0 efni - Bokslukaren<\/title>\n<meta name=\"robots\" content=\"index, follow, max-snippet:-1, max-image-preview:large, max-video-preview:-1\" \/>\n<link rel=\"canonical\" href=\"https:\/\/bokslukaren.org\/is\/leita-efni\/\" \/>\n<meta property=\"og:locale\" content=\"is_IS\" \/>\n<meta property=\"og:type\" content=\"article\" \/>\n<meta property=\"og:title\" content=\"Leita a\u00f0 efni - Bokslukaren\" \/>\n<meta property=\"og:url\" content=\"https:\/\/bokslukaren.org\/is\/leita-efni\/\" \/>\n<meta property=\"og:site_name\" content=\"Bokslukaren\" \/>\n<meta property=\"article:publisher\" content=\"https:\/\/www.facebook.com\/nordiskkulturkontakt\/\" \/>\n<meta property=\"article:modified_time\" content=\"2025-08-20T12:20:32+00:00\" \/>\n<meta property=\"og:image\" content=\"https:\/\/bokslukaren.org\/wp-content\/uploads\/2021\/09\/bokslukaren-og.png\" \/>\n\t<meta property=\"og:image:width\" content=\"1200\" \/>\n\t<meta property=\"og:image:height\" content=\"630\" \/>\n\t<meta property=\"og:image:type\" content=\"image\/png\" \/>\n<meta name=\"twitter:card\" content=\"summary_large_image\" \/>\n<meta name=\"twitter:label1\" content=\"Est. reading time\" \/>\n\t<meta name=\"twitter:data1\" content=\"1 minute\" \/>\n<script type=\"application\/ld+json\" class=\"yoast-schema-graph\">{\"@context\":\"https:\\\/\\\/schema.org\",\"@graph\":[{\"@type\":\"WebPage\",\"@id\":\"https:\\\/\\\/bokslukaren.org\\\/is\\\/leita-efni\\\/\",\"url\":\"https:\\\/\\\/bokslukaren.org\\\/is\\\/leita-efni\\\/\",\"name\":\"Leita a\u00f0 efni - Bokslukaren\",\"isPartOf\":{\"@id\":\"https:\\\/\\\/bokslukaren.org\\\/#website\"},\"datePublished\":\"2022-01-31T16:09:47+00:00\",\"dateModified\":\"2025-08-20T12:20:32+00:00\",\"inLanguage\":\"is\",\"potentialAction\":[{\"@type\":\"ReadAction\",\"target\":[\"https:\\\/\\\/bokslukaren.org\\\/is\\\/leita-efni\\\/\"]}]},{\"@type\":\"WebSite\",\"@id\":\"https:\\\/\\\/bokslukaren.org\\\/#website\",\"url\":\"https:\\\/\\\/bokslukaren.org\\\/\",\"name\":\"Bokslukaren\",\"description\":\"Test\",\"potentialAction\":[{\"@type\":\"SearchAction\",\"target\":{\"@type\":\"EntryPoint\",\"urlTemplate\":\"https:\\\/\\\/bokslukaren.org\\\/?s={search_term_string}\"},\"query-input\":{\"@type\":\"PropertyValueSpecification\",\"valueRequired\":true,\"valueName\":\"search_term_string\"}}],\"inLanguage\":\"is\"}]}<\/script>\n<!-- \/ Yoast SEO plugin. -->","yoast_head_json":{"title":"Leita a\u00f0 efni - Bokslukaren","robots":{"index":"index","follow":"follow","max-snippet":"max-snippet:-1","max-image-preview":"max-image-preview:large","max-video-preview":"max-video-preview:-1"},"canonical":"https:\/\/bokslukaren.org\/is\/leita-efni\/","og_locale":"is_IS","og_type":"article","og_title":"Leita a\u00f0 efni - Bokslukaren","og_url":"https:\/\/bokslukaren.org\/is\/leita-efni\/","og_site_name":"Bokslukaren","article_publisher":"https:\/\/www.facebook.com\/nordiskkulturkontakt\/","article_modified_time":"2025-08-20T12:20:32+00:00","og_image":[{"width":1200,"height":630,"url":"https:\/\/bokslukaren.org\/wp-content\/uploads\/2021\/09\/bokslukaren-og.png","type":"image\/png"}],"twitter_card":"summary_large_image","twitter_misc":{"Est. reading time":"1 minute"},"schema":{"@context":"https:\/\/schema.org","@graph":[{"@type":"WebPage","@id":"https:\/\/bokslukaren.org\/is\/leita-efni\/","url":"https:\/\/bokslukaren.org\/is\/leita-efni\/","name":"Leita a\u00f0 efni - Bokslukaren","isPartOf":{"@id":"https:\/\/bokslukaren.org\/#website"},"datePublished":"2022-01-31T16:09:47+00:00","dateModified":"2025-08-20T12:20:32+00:00","inLanguage":"is","potentialAction":[{"@type":"ReadAction","target":["https:\/\/bokslukaren.org\/is\/leita-efni\/"]}]},{"@type":"WebSite","@id":"https:\/\/bokslukaren.org\/#website","url":"https:\/\/bokslukaren.org\/","name":"Bokslukaren","description":"Test","potentialAction":[{"@type":"SearchAction","target":{"@type":"EntryPoint","urlTemplate":"https:\/\/bokslukaren.org\/?s={search_term_string}"},"query-input":{"@type":"PropertyValueSpecification","valueRequired":true,"valueName":"search_term_string"}}],"inLanguage":"is"}]}},"_links":{"self":[{"href":"https:\/\/bokslukaren.org\/is\/wp-json\/wp\/v2\/pages\/1666","targetHints":{"allow":["GET"]}}],"collection":[{"href":"https:\/\/bokslukaren.org\/is\/wp-json\/wp\/v2\/pages"}],"about":[{"href":"https:\/\/bokslukaren.org\/is\/wp-json\/wp\/v2\/types\/page"}],"author":[{"embeddable":true,"href":"https:\/\/bokslukaren.org\/is\/wp-json\/wp\/v2\/users\/1"}],"replies":[{"embeddable":true,"href":"https:\/\/bokslukaren.org\/is\/wp-json\/wp\/v2\/comments?post=1666"}],"version-history":[{"count":4,"href":"https:\/\/bokslukaren.org\/is\/wp-json\/wp\/v2\/pages\/1666\/revisions"}],"predecessor-version":[{"id":5046,"href":"https:\/\/bokslukaren.org\/is\/wp-json\/wp\/v2\/pages\/1666\/revisions\/5046"}],"wp:attachment":[{"href":"https:\/\/bokslukaren.org\/is\/wp-json\/wp\/v2\/media?parent=1666"}],"curies":[{"name":"wp","href":"https:\/\/api.w.org\/{rel}","templated":true}]}}