{"id":19,"date":"2021-09-10T18:12:46","date_gmt":"2021-09-10T15:12:46","guid":{"rendered":"https:\/\/bokslukaren.org\/?page_id=19"},"modified":"2025-08-20T15:44:15","modified_gmt":"2025-08-20T12:44:15","slug":"forsidu","status":"publish","type":"page","link":"https:\/\/bokslukaren.org\/is\/","title":{"rendered":"Norr\u00e6ni b\u00f3kagleypirinn"},"content":{"rendered":"<div class=\"wp-bootstrap-blocks-container container mb-5\">\n\t\n<div class=\"wp-bootstrap-blocks-row row justify-content-center align-items-center\">\n\t\n\n<div class=\"col-12 col-md-8 col-lg-7 col-xxl-6\">\n\t\t\t<div class=\"h-100 d-flex flex-column justify-content-center p-3\">\n\t\t\t\n<div class=\"wp-block-image\">\n<figure class=\"aligncenter size-full\"><img loading=\"lazy\" decoding=\"async\" width=\"1000\" height=\"400\" src=\"https:\/\/bokslukaren.org\/wp-content\/uploads\/2022\/02\/Bogbananen_nukkuu_optim.gif\" alt=\"\" class=\"wp-image-1683\"\/><\/figure>\n<\/div>\n\t\t<\/div>\n\t<\/div>\n\n<\/div>\n\n\n<div class=\"wp-bootstrap-blocks-row row justify-content-center align-items-center\">\n\t\n\n<div class=\"col-12 col-md-10 col-xxl-8\">\n\t\t\t<div class=\"h-100 d-flex flex-column justify-content-center\">\n\t\t\t\n\n<h1 class=\"wp-block-heading has-text-align-center\" id=\"norraeni-bokagleypirinn\"><strong><strong>Norr\u00e6ni b\u00f3kagleypirinn<\/strong><\/strong><\/h1>\n\n\n\n<h3 style=\"text-align: center;\"><strong>\u2013 fl\u00fdtilei\u00f0 a\u00f0 b\u00f3kaspjalli me\u00f0 b\u00f6rnum <br \/>um myndab\u00e6kur \u00e1 norr\u00e6num tungum\u00e1lum!<br \/><\/strong><\/h3>\n<p style=\"text-align: center;\"><span class=\"TextRun SCXW187677108 BCX0\" lang=\"IS-IS\" xml:lang=\"IS-IS\" data-contrast=\"auto\"><span class=\"NormalTextRun SCXW187677108 BCX0\">Norr\u00e6ni b\u00f3kagleypirinn b\u00fd\u00f0ur upp \u00e1 \u00f3keypis n\u00e1ms- og stu\u00f0ningsefni um myndab\u00e6kur fr\u00e1 \u00f6llum Nor\u00f0url\u00f6ndunum og \u00e1 \u00f6llum norr\u00e6nu tungum\u00e1lunum. <\/span><span class=\"NormalTextRun SCXW187677108 BCX0\">Frj\u00e1lst er<\/span><span class=\"NormalTextRun SCXW187677108 BCX0\"> a\u00f0 nota efni\u00f0 <\/span><span class=\"NormalTextRun SCXW187677108 BCX0\">\u00ed<\/span> <span class=\"NormalTextRun SCXW187677108 BCX0\">b\u00f3kaspjall<\/span><span class=\"NormalTextRun SCXW187677108 BCX0\">i<\/span> <span class=\"NormalTextRun SCXW187677108 BCX0\">me\u00f0 b\u00f6rnum<\/span><span class=\"NormalTextRun SCXW187677108 BCX0\">, <\/span><span class=\"NormalTextRun SCXW187677108 BCX0\">hvort sem er <\/span><span class=\"NormalTextRun SCXW187677108 BCX0\">\u00ed sk\u00f3lanum, \u00e1 b\u00f3kas\u00f6fnum e\u00f0a heima hj\u00e1 <\/span><span class=\"NormalTextRun SCXW187677108 BCX0\">ykkur<\/span><span class=\"NormalTextRun SCXW187677108 BCX0\">. Efni\u00f0 <\/span><span class=\"NormalTextRun SCXW187677108 BCX0\">fjallar um myndab\u00e6kur<\/span><span class=\"NormalTextRun SCXW187677108 BCX0\"> sem hafa veri\u00f0 tilnefndar til <\/span><span class=\"NormalTextRun SCXW187677108 BCX0\">Barna- og unglingab\u00f3kaver\u00f0launa Nor\u00f0urlandar\u00e1\u00f0s<\/span><span class=\"NormalTextRun SCXW187677108 BCX0\">.<\/span><\/span><\/p>\n<\/p>\n<h3 style=\"text-align: center;\"><strong>Hvers vegna Norr\u00e6ni b\u00f3kagleypirinn?\u00a0\u00a0<\/strong><\/h3>\n<p style=\"text-align: center;\"><span data-contrast=\"auto\">Vi\u00f0 viljum n\u00e1 til fullor\u00f0inna sem lesa me\u00f0 b\u00f6rnum og langar a\u00f0 f\u00e1 hugmyndir og a\u00f0sto\u00f0 vi\u00f0 a\u00f0 hvetja til lesturs. Efni\u00f0 hj\u00e1lpar ykkur a\u00f0 spjalla vi\u00f0 b\u00f6rnin um myndab\u00e6kur \u00e1 \u00f6\u00f0rum norr\u00e6num m\u00e1lum. \u00deannig kynnist \u00fei\u00f0 \u00feeim fj\u00e1rsj\u00f3\u00f0i sem leynist \u00ed norr\u00e6num myndab\u00f3kum og stu\u00f0li\u00f0 a\u00f0 norr\u00e6nni samkennd me\u00f0 lestri \u00feeirra.\u00a0<\/span><span data-ccp-props=\"{&quot;335551550&quot;:2,&quot;335551620&quot;:2,&quot;335559685&quot;:-180,&quot;335559737&quot;:-180,&quot;335559739&quot;:240}\">\u00a0<\/span><\/p>\n<p style=\"text-align: center;\"><span data-contrast=\"auto\">N\u00e1ms- og stu\u00f0ningsefni\u00f0 er sett saman af norr\u00e6num h\u00f3pi barnab\u00f3kavar\u00f0a, myndh\u00f6funda, rith\u00f6funda, kennara og annarra sem vilja hvetja b\u00f6rn til lesturs. Norr\u00e6na menningarg\u00e1ttin \u00ed Helsinki \u00e1tti frumkv\u00e6\u00f0i a\u00f0 verkefninu og hefur umsj\u00f3n me\u00f0 \u00fev\u00ed en \u00fea\u00f0 er fj\u00e1rmagna\u00f0 af Norr\u00e6nu r\u00e1\u00f0herranefndinni.<\/span><\/p>\n<\/p>\n<h3 style=\"text-align: center;\"><b><span data-contrast=\"auto\">Veri\u00f0 velkomin \u00ed hugmyndabankann!\u00a0<\/span><\/b><span data-ccp-props=\"{&quot;335551550&quot;:2,&quot;335551620&quot;:2,&quot;335559685&quot;:-180,&quot;335559737&quot;:-180,&quot;335559739&quot;:240}\">\u00a0<\/span><\/h3>\n\n\t\t<\/div>\n\t<\/div>\n\n<\/div>\n\n<\/div>\n\n\n<div class=\"wp-bootstrap-blocks-container container-fluid mb-5\">\n\t\n<div class=\"wp-bootstrap-blocks-row row gx-0 gy-3\">\n\t\n\n<div class=\"col-12\">\n\t\t\t\n<div class=\"wp-block-image left-over\">\n<figure class=\"alignleft size-full\"><img loading=\"lazy\" decoding=\"async\" width=\"1107\" height=\"229\" src=\"https:\/\/bokslukaren.org\/wp-content\/uploads\/2021\/09\/kyna-2.png\" alt=\"\" class=\"wp-image-135\" srcset=\"https:\/\/bokslukaren.org\/wp-content\/uploads\/2021\/09\/kyna-2.png 1107w, https:\/\/bokslukaren.org\/wp-content\/uploads\/2021\/09\/kyna-2-300x62.png 300w, https:\/\/bokslukaren.org\/wp-content\/uploads\/2021\/09\/kyna-2-1024x212.png 1024w, https:\/\/bokslukaren.org\/wp-content\/uploads\/2021\/09\/kyna-2-768x159.png 768w\" sizes=\"auto, (max-width: 1107px) 100vw, 1107px\" \/><\/figure>\n<\/div>\n\t<\/div>\n\n<\/div>\n\n<\/div>\n\n\n\n<p><\/p>\n","protected":false},"excerpt":{"rendered":"","protected":false},"author":1,"featured_media":473,"parent":0,"menu_order":0,"comment_status":"closed","ping_status":"closed","template":"","meta":{"_acf_changed":false,"_monsterinsights_skip_tracking":false,"_monsterinsights_sitenote_active":false,"_monsterinsights_sitenote_note":"","_monsterinsights_sitenote_category":0,"footnotes":""},"class_list":["post-19","page","type-page","status-publish","has-post-thumbnail","hentry"],"acf":[],"yoast_head":"<!-- This site is optimized with the Yoast SEO plugin v27.4 - https:\/\/yoast.com\/product\/yoast-seo-wordpress\/ -->\n<title>Norr\u00e6ni b\u00f3kagleypirinn - Bokslukaren<\/title>\n<meta name=\"robots\" content=\"index, follow, max-snippet:-1, max-image-preview:large, max-video-preview:-1\" \/>\n<link rel=\"canonical\" href=\"https:\/\/bokslukaren.org\/is\/\" \/>\n<meta property=\"og:locale\" content=\"is_IS\" \/>\n<meta property=\"og:type\" content=\"article\" \/>\n<meta property=\"og:title\" content=\"Norr\u00e6ni b\u00f3kagleypirinn - Bokslukaren\" \/>\n<meta property=\"og:url\" content=\"https:\/\/bokslukaren.org\/is\/\" \/>\n<meta property=\"og:site_name\" content=\"Bokslukaren\" \/>\n<meta property=\"article:publisher\" content=\"https:\/\/www.facebook.com\/nordiskkulturkontakt\/\" \/>\n<meta property=\"article:modified_time\" content=\"2025-08-20T12:44:15+00:00\" \/>\n<meta property=\"og:image\" content=\"https:\/\/bokslukaren.org\/wp-content\/uploads\/2021\/09\/bokslukaren-og.png\" \/>\n\t<meta property=\"og:image:width\" content=\"1200\" \/>\n\t<meta property=\"og:image:height\" content=\"630\" \/>\n\t<meta property=\"og:image:type\" content=\"image\/png\" \/>\n<meta name=\"twitter:card\" content=\"summary_large_image\" \/>\n<meta name=\"twitter:label1\" content=\"Est. reading time\" \/>\n\t<meta name=\"twitter:data1\" content=\"2 minutes\" \/>\n<script type=\"application\/ld+json\" class=\"yoast-schema-graph\">{\"@context\":\"https:\\\/\\\/schema.org\",\"@graph\":[{\"@type\":\"WebPage\",\"@id\":\"https:\\\/\\\/bokslukaren.org\\\/is\\\/\",\"url\":\"https:\\\/\\\/bokslukaren.org\\\/is\\\/\",\"name\":\"Norr\u00e6ni b\u00f3kagleypirinn - Bokslukaren\",\"isPartOf\":{\"@id\":\"https:\\\/\\\/bokslukaren.org\\\/#website\"},\"primaryImageOfPage\":{\"@id\":\"https:\\\/\\\/bokslukaren.org\\\/is\\\/#primaryimage\"},\"image\":{\"@id\":\"https:\\\/\\\/bokslukaren.org\\\/is\\\/#primaryimage\"},\"thumbnailUrl\":\"https:\\\/\\\/bokslukaren.org\\\/wp-content\\\/uploads\\\/2021\\\/09\\\/bokslukaren-og.png\",\"datePublished\":\"2021-09-10T15:12:46+00:00\",\"dateModified\":\"2025-08-20T12:44:15+00:00\",\"inLanguage\":\"is\",\"potentialAction\":[{\"@type\":\"ReadAction\",\"target\":[\"https:\\\/\\\/bokslukaren.org\\\/is\\\/\"]}]},{\"@type\":\"ImageObject\",\"inLanguage\":\"is\",\"@id\":\"https:\\\/\\\/bokslukaren.org\\\/is\\\/#primaryimage\",\"url\":\"https:\\\/\\\/bokslukaren.org\\\/wp-content\\\/uploads\\\/2021\\\/09\\\/bokslukaren-og.png\",\"contentUrl\":\"https:\\\/\\\/bokslukaren.org\\\/wp-content\\\/uploads\\\/2021\\\/09\\\/bokslukaren-og.png\",\"width\":1200,\"height\":630},{\"@type\":\"WebSite\",\"@id\":\"https:\\\/\\\/bokslukaren.org\\\/#website\",\"url\":\"https:\\\/\\\/bokslukaren.org\\\/\",\"name\":\"Bokslukaren\",\"description\":\"Test\",\"potentialAction\":[{\"@type\":\"SearchAction\",\"target\":{\"@type\":\"EntryPoint\",\"urlTemplate\":\"https:\\\/\\\/bokslukaren.org\\\/?s={search_term_string}\"},\"query-input\":{\"@type\":\"PropertyValueSpecification\",\"valueRequired\":true,\"valueName\":\"search_term_string\"}}],\"inLanguage\":\"is\"}]}<\/script>\n<!-- \/ Yoast SEO plugin. -->","yoast_head_json":{"title":"Norr\u00e6ni b\u00f3kagleypirinn - Bokslukaren","robots":{"index":"index","follow":"follow","max-snippet":"max-snippet:-1","max-image-preview":"max-image-preview:large","max-video-preview":"max-video-preview:-1"},"canonical":"https:\/\/bokslukaren.org\/is\/","og_locale":"is_IS","og_type":"article","og_title":"Norr\u00e6ni b\u00f3kagleypirinn - Bokslukaren","og_url":"https:\/\/bokslukaren.org\/is\/","og_site_name":"Bokslukaren","article_publisher":"https:\/\/www.facebook.com\/nordiskkulturkontakt\/","article_modified_time":"2025-08-20T12:44:15+00:00","og_image":[{"width":1200,"height":630,"url":"https:\/\/bokslukaren.org\/wp-content\/uploads\/2021\/09\/bokslukaren-og.png","type":"image\/png"}],"twitter_card":"summary_large_image","twitter_misc":{"Est. reading time":"2 minutes"},"schema":{"@context":"https:\/\/schema.org","@graph":[{"@type":"WebPage","@id":"https:\/\/bokslukaren.org\/is\/","url":"https:\/\/bokslukaren.org\/is\/","name":"Norr\u00e6ni b\u00f3kagleypirinn - Bokslukaren","isPartOf":{"@id":"https:\/\/bokslukaren.org\/#website"},"primaryImageOfPage":{"@id":"https:\/\/bokslukaren.org\/is\/#primaryimage"},"image":{"@id":"https:\/\/bokslukaren.org\/is\/#primaryimage"},"thumbnailUrl":"https:\/\/bokslukaren.org\/wp-content\/uploads\/2021\/09\/bokslukaren-og.png","datePublished":"2021-09-10T15:12:46+00:00","dateModified":"2025-08-20T12:44:15+00:00","inLanguage":"is","potentialAction":[{"@type":"ReadAction","target":["https:\/\/bokslukaren.org\/is\/"]}]},{"@type":"ImageObject","inLanguage":"is","@id":"https:\/\/bokslukaren.org\/is\/#primaryimage","url":"https:\/\/bokslukaren.org\/wp-content\/uploads\/2021\/09\/bokslukaren-og.png","contentUrl":"https:\/\/bokslukaren.org\/wp-content\/uploads\/2021\/09\/bokslukaren-og.png","width":1200,"height":630},{"@type":"WebSite","@id":"https:\/\/bokslukaren.org\/#website","url":"https:\/\/bokslukaren.org\/","name":"Bokslukaren","description":"Test","potentialAction":[{"@type":"SearchAction","target":{"@type":"EntryPoint","urlTemplate":"https:\/\/bokslukaren.org\/?s={search_term_string}"},"query-input":{"@type":"PropertyValueSpecification","valueRequired":true,"valueName":"search_term_string"}}],"inLanguage":"is"}]}},"_links":{"self":[{"href":"https:\/\/bokslukaren.org\/is\/wp-json\/wp\/v2\/pages\/19","targetHints":{"allow":["GET"]}}],"collection":[{"href":"https:\/\/bokslukaren.org\/is\/wp-json\/wp\/v2\/pages"}],"about":[{"href":"https:\/\/bokslukaren.org\/is\/wp-json\/wp\/v2\/types\/page"}],"author":[{"embeddable":true,"href":"https:\/\/bokslukaren.org\/is\/wp-json\/wp\/v2\/users\/1"}],"replies":[{"embeddable":true,"href":"https:\/\/bokslukaren.org\/is\/wp-json\/wp\/v2\/comments?post=19"}],"version-history":[{"count":24,"href":"https:\/\/bokslukaren.org\/is\/wp-json\/wp\/v2\/pages\/19\/revisions"}],"predecessor-version":[{"id":5069,"href":"https:\/\/bokslukaren.org\/is\/wp-json\/wp\/v2\/pages\/19\/revisions\/5069"}],"wp:featuredmedia":[{"embeddable":true,"href":"https:\/\/bokslukaren.org\/is\/wp-json\/wp\/v2\/media\/473"}],"wp:attachment":[{"href":"https:\/\/bokslukaren.org\/is\/wp-json\/wp\/v2\/media?parent=19"}],"curies":[{"name":"wp","href":"https:\/\/api.w.org\/{rel}","templated":true}]}}