{"id":2047,"date":"2022-08-08T14:00:38","date_gmt":"2022-08-08T11:00:38","guid":{"rendered":"https:\/\/bokslukaren.org\/?page_id=2047"},"modified":"2026-02-02T13:44:42","modified_gmt":"2026-02-02T11:44:42","slug":"samstarf","status":"publish","type":"page","link":"https:\/\/bokslukaren.org\/is\/samstarf\/","title":{"rendered":"Samstarf"},"content":{"rendered":"<div class=\"wp-bootstrap-blocks-container container mb-5\">\n\t\n<div class=\"wp-bootstrap-blocks-row row justify-content-center align-items-center\">\n\t\n\n<div class=\"col-12 col-sm-6 col-md-4 col-lg-4\">\n\t\t\t<div class=\"p-2\">\n\t\t\t\n\n<p class=\"has-text-align-center\"><\/p>\n\n\t\t<\/div>\n\t<\/div>\n\n\n\n<div class=\"col-12 col-sm-6 col-md-4 col-lg-4\">\n\t\t\t<div class=\"p-3\">\n\t\t\t\n\n<h2 class=\"wp-block-heading has-text-align-center\"><strong><strong>Hafi\u00f0 \u00fei\u00f0 \u00e1huga \u00e1 samstarfi vi\u00f0 Norr\u00e6na b\u00f3kagleypinn?&nbsp;<\/strong>&nbsp;<\/strong><\/h2>\n\n\n\n<p class=\"has-text-align-center\">Vi\u00f0 t\u00f6kum me\u00f0 \u00e1n\u00e6gju a\u00f0 okkur a\u00f0 halda vinnustofur fyrir f\u00f3lk sem vinnur a\u00f0 lestrarhvatningu. Hafi\u00f0 endilega samband ef \u00fei\u00f0 viti\u00f0 um markh\u00f3p sem hef\u00f0i \u00e1huga \u00e1 a\u00f0 kynna s\u00e9r Norr\u00e6na b\u00f3kagleypinn!<\/p>\n\n\n\n<p class=\"has-text-align-center\"><strong>Marie Busck-Nielsen<\/strong>, starfsma\u00f0ur verkefnis<br><strong><a href=\"mailto:marie.busck-nielsen@nkk.org\">marie.busck-nielsen@nkk.org<\/a><\/strong><\/p>\n\n\n\n<p class=\"has-text-align-center\"><strong>Fj\u00f6lmi\u00f0lafulltr\u00fai:<\/strong><br><strong>Heidi Orava,&nbsp;<\/strong>samskiptastj\u00f3ri<br><strong><a href=\"mailto:heidi.orava@nkk.org\">heidi.orava@nkk.org<\/a><\/strong><\/p>\n\n\n\n<p class=\"has-text-align-center\">Norr\u00e6ni b\u00f3kagleypirinn stendur reglulega a\u00f0 vinnustofum og upplestrum hj\u00e1 Norr\u00e6nu menningarg\u00e1ttinni \u00ed Helsinki og \u00ed Norr\u00e6na h\u00fasinu \u00ed Reykjav\u00edk.<\/p>\n\n\t\t<\/div>\n\t<\/div>\n\n\n\n<div class=\"col-12 col-md-4\">\n\t\t\t\t<\/div>\n\n<\/div>\n\n\n\n<div class=\"wp-block-columns is-layout-flex wp-container-core-columns-is-layout-9d6595d7 wp-block-columns-is-layout-flex\">\n<div class=\"wp-block-column is-layout-flow wp-block-column-is-layout-flow\"><\/div>\n\n\n\n<div class=\"wp-block-column is-layout-flow wp-block-column-is-layout-flow\">\n<figure class=\"wp-block-image size-large\"><img loading=\"lazy\" decoding=\"async\" width=\"1445\" height=\"1157\" src=\"https:\/\/bokslukaren.org\/wp-content\/uploads\/2025\/08\/Bogbanan-9-5-1445x1157.png\" alt=\"\" class=\"wp-image-5056\" srcset=\"https:\/\/bokslukaren.org\/wp-content\/uploads\/2025\/08\/Bogbanan-9-5-1445x1157.png 1445w, https:\/\/bokslukaren.org\/wp-content\/uploads\/2025\/08\/Bogbanan-9-5-300x240.png 300w, https:\/\/bokslukaren.org\/wp-content\/uploads\/2025\/08\/Bogbanan-9-5-768x615.png 768w, https:\/\/bokslukaren.org\/wp-content\/uploads\/2025\/08\/Bogbanan-9-5-1536x1230.png 1536w, https:\/\/bokslukaren.org\/wp-content\/uploads\/2025\/08\/Bogbanan-9-5-2048x1640.png 2048w, https:\/\/bokslukaren.org\/wp-content\/uploads\/2025\/08\/Bogbanan-9-5-1920x1537.png 1920w\" sizes=\"auto, (max-width: 1445px) 100vw, 1445px\" \/><\/figure>\n<\/div>\n\n\n\n<div class=\"wp-block-column is-layout-flow wp-block-column-is-layout-flow\"><\/div>\n<\/div>\n\n\n<div class=\"wp-bootstrap-blocks-row row justify-content-center align-items-center\">\n\t\n\n<div class=\"col-12 col-sm-6 col-md-4 col-lg-4\">\n\t\t\t<div class=\"p-3\">\n\t\t\t\t\t<\/div>\n\t<\/div>\n\n\n\n<div class=\"col-12 col-sm-6 col-md-4 col-lg-4\">\n\t\t\t<div class=\"p-2\">\n\t\t\t\n\n<h3 class=\"wp-block-heading has-text-align-center\"><strong>Vinnuh\u00f3purinn&nbsp;&nbsp;<\/strong><\/h3>\n\n\n\n<p class=\"has-text-align-center\">Vinnuh\u00f3pur Norr\u00e6na b\u00f3kagleypisins er skipa\u00f0ur fagf\u00f3lki fr\u00e1 \u00f6llum norr\u00e6nu m\u00e1lsv\u00e6\u00f0unum. H\u00f3purinn semur n\u00e1ms- og stu\u00f0ningsefni\u00f0 og gegna hlutverki fulltr\u00faa Norr\u00e6na b\u00f3kagleypisins \u00ed l\u00f6ndunum.&nbsp;<\/p>\n\n\n\n<p class=\"has-text-align-center\"><strong>Anna H\u00e4llgren<\/strong>, yfirma\u00f0ur lestrar\u00e1taks, Sv\u00ed\u00fej\u00f3\u00f0&nbsp;&nbsp;<\/p>\n\n\n\n<p class=\"has-text-align-center\"><strong>Anni Ag\u00e9lii<\/strong>, barnab\u00f3kav\u00f6r\u00f0ur, Sv\u00ed\u00fej\u00f3\u00f0<\/p>\n\n\n\n<p class=\"has-text-align-center\"><strong>Dr\u00edfa Gu\u00f0mundsd\u00f3ttir<\/strong>, barna- og unglingab\u00f3kav\u00f6r\u00f0ur, Noregi&nbsp;&nbsp;<\/p>\n\n\n\n<p class=\"has-text-align-center\"><strong>Eilen Anthoniussen, <\/strong>verkefnisstj\u00f3ri \u00e1taksins F\u00f8royar lesa, F\u00e6reyjum<\/p>\n\n\n\n<p class=\"has-text-align-center\"><strong>Hrafnhildur Gissurard\u00f3ttir<\/strong>, fr\u00e6\u00f0slufulltr\u00fai, \u00cdslandi&nbsp;&nbsp;<\/p>\n\n\n\n<p class=\"has-text-align-center\"><strong>Jens Olesen<\/strong>, bla\u00f0ama\u00f0ur og menningarr\u00e1\u00f0gjafi um m\u00e1l\u00feroska barna, Danm\u00f6rku&nbsp;<\/p>\n\n\n\n<p class=\"has-text-align-center\"><strong>Karen Anne Buljo<\/strong>, rith\u00f6fundur, S\u00e1pmi&nbsp;<\/p>\n\n\n\n<p class=\"has-text-align-center\"><strong>Michelle Mattfolk<\/strong>, s\u00e9rb\u00f3kasafnsstarfsma\u00f0ur, Finnlandi&nbsp;<\/p>\n\n\n\n<p class=\"has-text-align-center\"><strong>Mikaela Wickstr\u00f6m<\/strong>, yfirma\u00f0ur lestrar\u00e1taks, ein frumkv\u00f6\u00f0la verkefnisins Norr\u00e6ni b\u00f3kagleypirinn, Finnlandi&nbsp;<\/p>\n\n\n\n<p class=\"has-text-align-center\"><strong>Nina Nordal R\u00f8nne<\/strong>, rith\u00f6fundur og myndh\u00f6fundur, Noregi<\/p>\n\n\n\n<p class=\"has-text-align-center\"><strong>Sara Gollander<\/strong>, barnab\u00f3kasafnsfr\u00e6\u00f0ingur, Danm\u00f6rku<\/p>\n\n\n\n<p class=\"has-text-align-center\"><strong>Tina Sedin<\/strong>, leiksk\u00f3lakennari, Finnlandi&nbsp;&nbsp;<\/p>\n\n\n\n<p class=\"has-text-align-center\"><strong>Troels Posselt<\/strong>, kennari og b\u00f3kmenntafr\u00e6\u00f0ingur, Noregi<\/p>\n\n\n\n<p class=\"has-text-align-center\">Ef \u00fei\u00f0 hafi\u00f0 \u00e1huga, eru umsj\u00f3nara\u00f0ilar verkefnisins rei\u00f0ub\u00fanir a\u00f0 segja ykkur n\u00e1nar um st\u00f6rf vinnuh\u00f3psins og r\u00e6\u00f0a m\u00f6guleika \u00e1 samstarfil.<\/p>\n\n\t\t<\/div>\n\t<\/div>\n\n\n\n<div class=\"col-12 col-md-4\">\n\t\t\t\t<\/div>\n\n<\/div>\n\n\n<div class=\"wp-bootstrap-blocks-row row justify-content-center\">\n\t\n\n<div class=\"col-12 col-lg-8\">\n\t\t\t<div class=\"h-100 d-flex flex-column justify-content-center p-2\">\n\t\t\t\n\n<h2 class=\"wp-block-heading has-text-align-center\"><strong>Fyrri samstarfsverkefni&nbsp;<\/strong>&nbsp;<\/h2>\n\n\n\n<p class=\"has-text-align-center\">Norr\u00e6na menningarg\u00e1ttin \u00e1tti frumkv\u00e6\u00f0i a\u00f0 Norr\u00e6na b\u00f3kagleypinum og hefur umsj\u00f3n me\u00f0 verkefninu. Nor\u00f0urlandah\u00fasi\u00f0 \u00ed F\u00e6reyjum, Norr\u00e6na h\u00fasi\u00f0 \u00ed Reykjav\u00edk, Norr\u00e6na stofnunin \u00e1 Gr\u00e6nlandi og Norr\u00e6na stofnunin \u00e1 \u00c1landseyjum eru samstarfsa\u00f0ilar \u00ed verkefninu.&nbsp;&nbsp;<\/p>\n\n\n\n<p class=\"has-text-align-center\">Vi\u00f0 h\u00f6fum \u00e1tt samstarf vi\u00f0 Norden i Skolen, Sydkustens ordkonstskola og leiksk\u00f3lakennarabraut H\u00e1sk\u00f3lans \u00ed Helsinki. Vi\u00f0 eigum einnig samstarf vi\u00f0 b\u00f3ka\u00fatgefendur \u00e1 Nor\u00f0url\u00f6ndum sem sj\u00e1 vinnuh\u00f3pnum fyrir eint\u00f6kum af \u00feeim b\u00f3kum sem n\u00e1ms- og stu\u00f0ningsefni\u00f0 er unni\u00f0 upp \u00far. <\/p>\n\n\n\n<p class=\"has-text-align-center\">\u00deegar verkefni\u00f0 var \u00e1 tilraunastigi kom \u00fat sk\u00fdrslan <a href=\"https:\/\/pub.nkk.org\/nordiskabilderbocker\/\" target=\"_blank\" rel=\"noreferrer noopener\">\u201eS\u00e5 uppt\u00e4cker barnen de nordiska bilderb\u00f6ckerna \u2013 kvalitativa effekter av st\u00f6dresurser till l\u00e4sfr\u00e4mjare\u201c<\/a>.&nbsp;<\/p>\n\n\t\t<\/div>\n\t<\/div>\n\n<\/div>\n\n<\/div>\n\n\n\n<div class=\"wp-block-columns is-layout-flex wp-container-core-columns-is-layout-9d6595d7 wp-block-columns-is-layout-flex\">\n<div class=\"wp-block-column is-layout-flow wp-block-column-is-layout-flow\" style=\"flex-basis:100%\"><\/div>\n<\/div>\n","protected":false},"excerpt":{"rendered":"","protected":false},"author":1,"featured_media":0,"parent":0,"menu_order":0,"comment_status":"closed","ping_status":"closed","template":"","meta":{"_acf_changed":false,"_monsterinsights_skip_tracking":false,"_monsterinsights_sitenote_active":false,"_monsterinsights_sitenote_note":"","_monsterinsights_sitenote_category":0,"footnotes":""},"class_list":["post-2047","page","type-page","status-publish","hentry"],"acf":[],"yoast_head":"<!-- This site is optimized with the Yoast SEO plugin v27.3 - https:\/\/yoast.com\/product\/yoast-seo-wordpress\/ -->\n<title>Samstarf - Bokslukaren<\/title>\n<meta name=\"robots\" content=\"index, follow, max-snippet:-1, max-image-preview:large, max-video-preview:-1\" \/>\n<link rel=\"canonical\" href=\"https:\/\/bokslukaren.org\/is\/samstarf\/\" \/>\n<meta property=\"og:locale\" content=\"is_IS\" \/>\n<meta property=\"og:type\" content=\"article\" \/>\n<meta property=\"og:title\" content=\"Samstarf - Bokslukaren\" \/>\n<meta property=\"og:url\" content=\"https:\/\/bokslukaren.org\/is\/samstarf\/\" \/>\n<meta property=\"og:site_name\" content=\"Bokslukaren\" \/>\n<meta property=\"article:publisher\" content=\"https:\/\/www.facebook.com\/nordiskkulturkontakt\/\" \/>\n<meta property=\"article:modified_time\" content=\"2026-02-02T11:44:42+00:00\" \/>\n<meta property=\"og:image\" content=\"https:\/\/bokslukaren.org\/wp-content\/uploads\/2025\/08\/Bogbanan-9-5-1445x1157.png\" \/>\n\t<meta property=\"og:image:width\" content=\"1445\" \/>\n\t<meta property=\"og:image:height\" content=\"1157\" \/>\n\t<meta property=\"og:image:type\" content=\"image\/png\" \/>\n<meta name=\"twitter:card\" content=\"summary_large_image\" \/>\n<meta name=\"twitter:label1\" content=\"Est. reading time\" \/>\n\t<meta name=\"twitter:data1\" content=\"2 minutes\" \/>\n<script type=\"application\/ld+json\" class=\"yoast-schema-graph\">{\"@context\":\"https:\\\/\\\/schema.org\",\"@graph\":[{\"@type\":\"WebPage\",\"@id\":\"https:\\\/\\\/bokslukaren.org\\\/is\\\/samstarf\\\/\",\"url\":\"https:\\\/\\\/bokslukaren.org\\\/is\\\/samstarf\\\/\",\"name\":\"Samstarf - Bokslukaren\",\"isPartOf\":{\"@id\":\"https:\\\/\\\/bokslukaren.org\\\/#website\"},\"primaryImageOfPage\":{\"@id\":\"https:\\\/\\\/bokslukaren.org\\\/is\\\/samstarf\\\/#primaryimage\"},\"image\":{\"@id\":\"https:\\\/\\\/bokslukaren.org\\\/is\\\/samstarf\\\/#primaryimage\"},\"thumbnailUrl\":\"https:\\\/\\\/bokslukaren.org\\\/wp-content\\\/uploads\\\/2025\\\/08\\\/Bogbanan-9-5-1445x1157.png\",\"datePublished\":\"2022-08-08T11:00:38+00:00\",\"dateModified\":\"2026-02-02T11:44:42+00:00\",\"inLanguage\":\"is\",\"potentialAction\":[{\"@type\":\"ReadAction\",\"target\":[\"https:\\\/\\\/bokslukaren.org\\\/is\\\/samstarf\\\/\"]}]},{\"@type\":\"ImageObject\",\"inLanguage\":\"is\",\"@id\":\"https:\\\/\\\/bokslukaren.org\\\/is\\\/samstarf\\\/#primaryimage\",\"url\":\"https:\\\/\\\/bokslukaren.org\\\/wp-content\\\/uploads\\\/2025\\\/08\\\/Bogbanan-9-5-1445x1157.png\",\"contentUrl\":\"https:\\\/\\\/bokslukaren.org\\\/wp-content\\\/uploads\\\/2025\\\/08\\\/Bogbanan-9-5-1445x1157.png\"},{\"@type\":\"WebSite\",\"@id\":\"https:\\\/\\\/bokslukaren.org\\\/#website\",\"url\":\"https:\\\/\\\/bokslukaren.org\\\/\",\"name\":\"Bokslukaren\",\"description\":\"Test\",\"potentialAction\":[{\"@type\":\"SearchAction\",\"target\":{\"@type\":\"EntryPoint\",\"urlTemplate\":\"https:\\\/\\\/bokslukaren.org\\\/?s={search_term_string}\"},\"query-input\":{\"@type\":\"PropertyValueSpecification\",\"valueRequired\":true,\"valueName\":\"search_term_string\"}}],\"inLanguage\":\"is\"}]}<\/script>\n<!-- \/ Yoast SEO plugin. -->","yoast_head_json":{"title":"Samstarf - Bokslukaren","robots":{"index":"index","follow":"follow","max-snippet":"max-snippet:-1","max-image-preview":"max-image-preview:large","max-video-preview":"max-video-preview:-1"},"canonical":"https:\/\/bokslukaren.org\/is\/samstarf\/","og_locale":"is_IS","og_type":"article","og_title":"Samstarf - Bokslukaren","og_url":"https:\/\/bokslukaren.org\/is\/samstarf\/","og_site_name":"Bokslukaren","article_publisher":"https:\/\/www.facebook.com\/nordiskkulturkontakt\/","article_modified_time":"2026-02-02T11:44:42+00:00","og_image":[{"width":1445,"height":1157,"url":"https:\/\/bokslukaren.org\/wp-content\/uploads\/2025\/08\/Bogbanan-9-5-1445x1157.png","type":"image\/png"}],"twitter_card":"summary_large_image","twitter_misc":{"Est. reading time":"2 minutes"},"schema":{"@context":"https:\/\/schema.org","@graph":[{"@type":"WebPage","@id":"https:\/\/bokslukaren.org\/is\/samstarf\/","url":"https:\/\/bokslukaren.org\/is\/samstarf\/","name":"Samstarf - Bokslukaren","isPartOf":{"@id":"https:\/\/bokslukaren.org\/#website"},"primaryImageOfPage":{"@id":"https:\/\/bokslukaren.org\/is\/samstarf\/#primaryimage"},"image":{"@id":"https:\/\/bokslukaren.org\/is\/samstarf\/#primaryimage"},"thumbnailUrl":"https:\/\/bokslukaren.org\/wp-content\/uploads\/2025\/08\/Bogbanan-9-5-1445x1157.png","datePublished":"2022-08-08T11:00:38+00:00","dateModified":"2026-02-02T11:44:42+00:00","inLanguage":"is","potentialAction":[{"@type":"ReadAction","target":["https:\/\/bokslukaren.org\/is\/samstarf\/"]}]},{"@type":"ImageObject","inLanguage":"is","@id":"https:\/\/bokslukaren.org\/is\/samstarf\/#primaryimage","url":"https:\/\/bokslukaren.org\/wp-content\/uploads\/2025\/08\/Bogbanan-9-5-1445x1157.png","contentUrl":"https:\/\/bokslukaren.org\/wp-content\/uploads\/2025\/08\/Bogbanan-9-5-1445x1157.png"},{"@type":"WebSite","@id":"https:\/\/bokslukaren.org\/#website","url":"https:\/\/bokslukaren.org\/","name":"Bokslukaren","description":"Test","potentialAction":[{"@type":"SearchAction","target":{"@type":"EntryPoint","urlTemplate":"https:\/\/bokslukaren.org\/?s={search_term_string}"},"query-input":{"@type":"PropertyValueSpecification","valueRequired":true,"valueName":"search_term_string"}}],"inLanguage":"is"}]}},"_links":{"self":[{"href":"https:\/\/bokslukaren.org\/is\/wp-json\/wp\/v2\/pages\/2047","targetHints":{"allow":["GET"]}}],"collection":[{"href":"https:\/\/bokslukaren.org\/is\/wp-json\/wp\/v2\/pages"}],"about":[{"href":"https:\/\/bokslukaren.org\/is\/wp-json\/wp\/v2\/types\/page"}],"author":[{"embeddable":true,"href":"https:\/\/bokslukaren.org\/is\/wp-json\/wp\/v2\/users\/1"}],"replies":[{"embeddable":true,"href":"https:\/\/bokslukaren.org\/is\/wp-json\/wp\/v2\/comments?post=2047"}],"version-history":[{"count":9,"href":"https:\/\/bokslukaren.org\/is\/wp-json\/wp\/v2\/pages\/2047\/revisions"}],"predecessor-version":[{"id":5364,"href":"https:\/\/bokslukaren.org\/is\/wp-json\/wp\/v2\/pages\/2047\/revisions\/5364"}],"wp:attachment":[{"href":"https:\/\/bokslukaren.org\/is\/wp-json\/wp\/v2\/media?parent=2047"}],"curies":[{"name":"wp","href":"https:\/\/api.w.org\/{rel}","templated":true}]}}