{"id":404,"date":"2021-09-14T14:15:01","date_gmt":"2021-09-14T11:15:01","guid":{"rendered":"https:\/\/bokslukaren.org\/yhteystiedot\/"},"modified":"2026-02-02T13:44:55","modified_gmt":"2026-02-02T11:44:55","slug":"hafdu-samband","status":"publish","type":"page","link":"https:\/\/bokslukaren.org\/is\/hafdu-samband\/","title":{"rendered":"Haf\u00f0u samband"},"content":{"rendered":"<div class=\"wp-bootstrap-blocks-container container mb-5\">\n\t\n\n<h1 class=\"wp-block-heading has-text-align-center\"><strong>Haf\u00f0u samband<\/strong><\/h1>\n\n\n<div class=\"wp-bootstrap-blocks-row row justify-content-center align-items-center\">\n\t\n\n<div class=\"col-12 col-lg-10 col-xxl-8\">\n\t\t\t<div class=\"h-100 d-flex flex-column justify-content-center\">\n\t\t\t\n\n<p style=\"text-align: center;\"><strong>Marie Busck-Nielsen<\/strong>, starfsma\u00f0ur verkefnis<br \/><strong><a href=\"mailto:marie.busck-nielsen@nkk.org\">marie.busck-nielsen@nkk.org<\/a><\/strong><\/p>\n<p style=\"text-align: center;\"><strong>Fj\u00f6lmi\u00f0lafulltr\u00fai:<\/strong><br \/><strong>Heidi Orava, <\/strong>samskiptastj\u00f3ri<br \/><strong><a href=\"mailto:heidi.orava@nkk.org\">heidi.orava@nkk.org<\/a><\/strong><\/p>\n\n\t\t<\/div>\n\t<\/div>\n\n<\/div>\n\n<\/div>\n\n\n<div class=\"wp-bootstrap-blocks-container container mb-5\">\n\t<\/div>\n\n\n<div class=\"wp-bootstrap-blocks-container container-fluid mb-5\">\n\t\n<div class=\"wp-bootstrap-blocks-row row\">\n\t\n\n<div class=\"col-12\">\n\t\t\t\n<div class=\"wp-block-image right-up right-over\">\n<figure class=\"alignright size-full\"><img loading=\"lazy\" decoding=\"async\" width=\"996\" height=\"310\" src=\"https:\/\/bokslukaren.org\/wp-content\/uploads\/2021\/09\/pen-right.png\" alt=\"\" class=\"wp-image-221\" srcset=\"https:\/\/bokslukaren.org\/wp-content\/uploads\/2021\/09\/pen-right.png 996w, https:\/\/bokslukaren.org\/wp-content\/uploads\/2021\/09\/pen-right-300x93.png 300w, https:\/\/bokslukaren.org\/wp-content\/uploads\/2021\/09\/pen-right-768x239.png 768w\" sizes=\"auto, (max-width: 996px) 100vw, 996px\" \/><\/figure>\n<\/div>\n\t<\/div>\n\n<\/div>\n\n<\/div>\n\n\n<div class=\"wp-bootstrap-blocks-container container mb-5\">\n\t\n<div class=\"wp-bootstrap-blocks-row row justify-content-center align-items-center\">\n\t\n\n<div class=\"col-12 col-lg-10 col-xxl-8\">\n\t\t\t<div class=\"h-100 d-flex flex-column justify-content-center\">\n\t\t\t\n\n<h3 style=\"text-align: center;\"><strong>Fylgstu me\u00f0 okkur \u00e1 samf\u00e9lagsmi\u00f0lum:<\/strong><\/h3>\n\n\n\n<ul class=\"wp-block-social-links aligncenter has-icon-color items-justified-center is-style-logos-only is-layout-flex wp-block-social-links-is-layout-flex\"><li style=\"color:#385988;\" class=\"wp-social-link wp-social-link-facebook  wp-block-social-link\"><a href=\"https:\/\/www.facebook.com\/nordiskkulturkontakt\/\" class=\"wp-block-social-link-anchor\"><svg width=\"24\" height=\"24\" viewBox=\"0 0 24 24\" version=\"1.1\" xmlns=\"http:\/\/www.w3.org\/2000\/svg\" aria-hidden=\"true\" focusable=\"false\"><path d=\"M12 2C6.5 2 2 6.5 2 12c0 5 3.7 9.1 8.4 9.9v-7H7.9V12h2.5V9.8c0-2.5 1.5-3.9 3.8-3.9 1.1 0 2.2.2 2.2.2v2.5h-1.3c-1.2 0-1.6.8-1.6 1.6V12h2.8l-.4 2.9h-2.3v7C18.3 21.1 22 17 22 12c0-5.5-4.5-10-10-10z\"><\/path><\/svg><span class=\"wp-block-social-link-label screen-reader-text\">Facebook<\/span><\/a><\/li>\n\n<li style=\"color:#385988;\" class=\"wp-social-link wp-social-link-instagram  wp-block-social-link\"><a href=\"https:\/\/www.instagram.com\/nordiskabokslukaren\/\" class=\"wp-block-social-link-anchor\"><svg width=\"24\" height=\"24\" viewBox=\"0 0 24 24\" version=\"1.1\" xmlns=\"http:\/\/www.w3.org\/2000\/svg\" aria-hidden=\"true\" focusable=\"false\"><path d=\"M12,4.622c2.403,0,2.688,0.009,3.637,0.052c0.877,0.04,1.354,0.187,1.671,0.31c0.42,0.163,0.72,0.358,1.035,0.673 c0.315,0.315,0.51,0.615,0.673,1.035c0.123,0.317,0.27,0.794,0.31,1.671c0.043,0.949,0.052,1.234,0.052,3.637 s-0.009,2.688-0.052,3.637c-0.04,0.877-0.187,1.354-0.31,1.671c-0.163,0.42-0.358,0.72-0.673,1.035 c-0.315,0.315-0.615,0.51-1.035,0.673c-0.317,0.123-0.794,0.27-1.671,0.31c-0.949,0.043-1.233,0.052-3.637,0.052 s-2.688-0.009-3.637-0.052c-0.877-0.04-1.354-0.187-1.671-0.31c-0.42-0.163-0.72-0.358-1.035-0.673 c-0.315-0.315-0.51-0.615-0.673-1.035c-0.123-0.317-0.27-0.794-0.31-1.671C4.631,14.688,4.622,14.403,4.622,12 s0.009-2.688,0.052-3.637c0.04-0.877,0.187-1.354,0.31-1.671c0.163-0.42,0.358-0.72,0.673-1.035 c0.315-0.315,0.615-0.51,1.035-0.673c0.317-0.123,0.794-0.27,1.671-0.31C9.312,4.631,9.597,4.622,12,4.622 M12,3 C9.556,3,9.249,3.01,8.289,3.054C7.331,3.098,6.677,3.25,6.105,3.472C5.513,3.702,5.011,4.01,4.511,4.511 c-0.5,0.5-0.808,1.002-1.038,1.594C3.25,6.677,3.098,7.331,3.054,8.289C3.01,9.249,3,9.556,3,12c0,2.444,0.01,2.751,0.054,3.711 c0.044,0.958,0.196,1.612,0.418,2.185c0.23,0.592,0.538,1.094,1.038,1.594c0.5,0.5,1.002,0.808,1.594,1.038 c0.572,0.222,1.227,0.375,2.185,0.418C9.249,20.99,9.556,21,12,21s2.751-0.01,3.711-0.054c0.958-0.044,1.612-0.196,2.185-0.418 c0.592-0.23,1.094-0.538,1.594-1.038c0.5-0.5,0.808-1.002,1.038-1.594c0.222-0.572,0.375-1.227,0.418-2.185 C20.99,14.751,21,14.444,21,12s-0.01-2.751-0.054-3.711c-0.044-0.958-0.196-1.612-0.418-2.185c-0.23-0.592-0.538-1.094-1.038-1.594 c-0.5-0.5-1.002-0.808-1.594-1.038c-0.572-0.222-1.227-0.375-2.185-0.418C14.751,3.01,14.444,3,12,3L12,3z M12,7.378 c-2.552,0-4.622,2.069-4.622,4.622S9.448,16.622,12,16.622s4.622-2.069,4.622-4.622S14.552,7.378,12,7.378z M12,15 c-1.657,0-3-1.343-3-3s1.343-3,3-3s3,1.343,3,3S13.657,15,12,15z M16.804,6.116c-0.596,0-1.08,0.484-1.08,1.08 s0.484,1.08,1.08,1.08c0.596,0,1.08-0.484,1.08-1.08S17.401,6.116,16.804,6.116z\"><\/path><\/svg><span class=\"wp-block-social-link-label screen-reader-text\">Instagram<\/span><\/a><\/li><\/ul>\n\n\t\t<\/div>\n\t<\/div>\n\n<\/div>\n\n\n<div class=\"wp-bootstrap-blocks-row row justify-content-center align-items-center\">\n\t\n\n<div class=\"col-12 col-sm-6 col-lg-4\">\n\t\t\t<div class=\"h-100 d-flex flex-column justify-content-center\">\n\t\t\t\t\t<\/div>\n\t<\/div>\n\n\n\n<div class=\"col-12 col-sm-6 col-lg-4\">\n\t\t\t<div class=\"h-100 d-flex flex-column justify-content-center\">\n\t\t\t\t\t<\/div>\n\t<\/div>\n\n<\/div>\n\n<\/div>\n","protected":false},"excerpt":{"rendered":"","protected":false},"author":1,"featured_media":473,"parent":0,"menu_order":0,"comment_status":"closed","ping_status":"closed","template":"","meta":{"_acf_changed":false,"_monsterinsights_skip_tracking":false,"_monsterinsights_sitenote_active":false,"_monsterinsights_sitenote_note":"","_monsterinsights_sitenote_category":0,"footnotes":""},"class_list":["post-404","page","type-page","status-publish","has-post-thumbnail","hentry"],"acf":[],"yoast_head":"<!-- This site is optimized with the Yoast SEO plugin v27.3 - https:\/\/yoast.com\/product\/yoast-seo-wordpress\/ -->\n<title>Haf\u00f0u samband - Bokslukaren<\/title>\n<meta name=\"robots\" content=\"index, follow, max-snippet:-1, max-image-preview:large, max-video-preview:-1\" \/>\n<link rel=\"canonical\" href=\"https:\/\/bokslukaren.org\/is\/hafdu-samband\/\" \/>\n<meta property=\"og:locale\" content=\"is_IS\" \/>\n<meta property=\"og:type\" content=\"article\" \/>\n<meta property=\"og:title\" content=\"Haf\u00f0u samband - Bokslukaren\" \/>\n<meta property=\"og:url\" content=\"https:\/\/bokslukaren.org\/is\/hafdu-samband\/\" \/>\n<meta property=\"og:site_name\" content=\"Bokslukaren\" \/>\n<meta property=\"article:publisher\" content=\"https:\/\/www.facebook.com\/nordiskkulturkontakt\/\" \/>\n<meta property=\"article:modified_time\" content=\"2026-02-02T11:44:55+00:00\" \/>\n<meta property=\"og:image\" content=\"https:\/\/bokslukaren.org\/wp-content\/uploads\/2021\/09\/bokslukaren-og.png\" \/>\n\t<meta property=\"og:image:width\" content=\"1200\" \/>\n\t<meta property=\"og:image:height\" content=\"630\" \/>\n\t<meta property=\"og:image:type\" content=\"image\/png\" \/>\n<meta name=\"twitter:card\" content=\"summary_large_image\" \/>\n<meta name=\"twitter:label1\" content=\"Est. reading time\" \/>\n\t<meta name=\"twitter:data1\" content=\"1 minute\" \/>\n<script type=\"application\/ld+json\" class=\"yoast-schema-graph\">{\"@context\":\"https:\\\/\\\/schema.org\",\"@graph\":[{\"@type\":\"WebPage\",\"@id\":\"https:\\\/\\\/bokslukaren.org\\\/is\\\/hafdu-samband\\\/\",\"url\":\"https:\\\/\\\/bokslukaren.org\\\/is\\\/hafdu-samband\\\/\",\"name\":\"Haf\u00f0u samband - Bokslukaren\",\"isPartOf\":{\"@id\":\"https:\\\/\\\/bokslukaren.org\\\/#website\"},\"primaryImageOfPage\":{\"@id\":\"https:\\\/\\\/bokslukaren.org\\\/is\\\/hafdu-samband\\\/#primaryimage\"},\"image\":{\"@id\":\"https:\\\/\\\/bokslukaren.org\\\/is\\\/hafdu-samband\\\/#primaryimage\"},\"thumbnailUrl\":\"https:\\\/\\\/bokslukaren.org\\\/wp-content\\\/uploads\\\/2021\\\/09\\\/bokslukaren-og.png\",\"datePublished\":\"2021-09-14T11:15:01+00:00\",\"dateModified\":\"2026-02-02T11:44:55+00:00\",\"inLanguage\":\"is\",\"potentialAction\":[{\"@type\":\"ReadAction\",\"target\":[\"https:\\\/\\\/bokslukaren.org\\\/is\\\/hafdu-samband\\\/\"]}]},{\"@type\":\"ImageObject\",\"inLanguage\":\"is\",\"@id\":\"https:\\\/\\\/bokslukaren.org\\\/is\\\/hafdu-samband\\\/#primaryimage\",\"url\":\"https:\\\/\\\/bokslukaren.org\\\/wp-content\\\/uploads\\\/2021\\\/09\\\/bokslukaren-og.png\",\"contentUrl\":\"https:\\\/\\\/bokslukaren.org\\\/wp-content\\\/uploads\\\/2021\\\/09\\\/bokslukaren-og.png\",\"width\":1200,\"height\":630},{\"@type\":\"WebSite\",\"@id\":\"https:\\\/\\\/bokslukaren.org\\\/#website\",\"url\":\"https:\\\/\\\/bokslukaren.org\\\/\",\"name\":\"Bokslukaren\",\"description\":\"Test\",\"potentialAction\":[{\"@type\":\"SearchAction\",\"target\":{\"@type\":\"EntryPoint\",\"urlTemplate\":\"https:\\\/\\\/bokslukaren.org\\\/?s={search_term_string}\"},\"query-input\":{\"@type\":\"PropertyValueSpecification\",\"valueRequired\":true,\"valueName\":\"search_term_string\"}}],\"inLanguage\":\"is\"}]}<\/script>\n<!-- \/ Yoast SEO plugin. -->","yoast_head_json":{"title":"Haf\u00f0u samband - Bokslukaren","robots":{"index":"index","follow":"follow","max-snippet":"max-snippet:-1","max-image-preview":"max-image-preview:large","max-video-preview":"max-video-preview:-1"},"canonical":"https:\/\/bokslukaren.org\/is\/hafdu-samband\/","og_locale":"is_IS","og_type":"article","og_title":"Haf\u00f0u samband - Bokslukaren","og_url":"https:\/\/bokslukaren.org\/is\/hafdu-samband\/","og_site_name":"Bokslukaren","article_publisher":"https:\/\/www.facebook.com\/nordiskkulturkontakt\/","article_modified_time":"2026-02-02T11:44:55+00:00","og_image":[{"width":1200,"height":630,"url":"https:\/\/bokslukaren.org\/wp-content\/uploads\/2021\/09\/bokslukaren-og.png","type":"image\/png"}],"twitter_card":"summary_large_image","twitter_misc":{"Est. reading time":"1 minute"},"schema":{"@context":"https:\/\/schema.org","@graph":[{"@type":"WebPage","@id":"https:\/\/bokslukaren.org\/is\/hafdu-samband\/","url":"https:\/\/bokslukaren.org\/is\/hafdu-samband\/","name":"Haf\u00f0u samband - Bokslukaren","isPartOf":{"@id":"https:\/\/bokslukaren.org\/#website"},"primaryImageOfPage":{"@id":"https:\/\/bokslukaren.org\/is\/hafdu-samband\/#primaryimage"},"image":{"@id":"https:\/\/bokslukaren.org\/is\/hafdu-samband\/#primaryimage"},"thumbnailUrl":"https:\/\/bokslukaren.org\/wp-content\/uploads\/2021\/09\/bokslukaren-og.png","datePublished":"2021-09-14T11:15:01+00:00","dateModified":"2026-02-02T11:44:55+00:00","inLanguage":"is","potentialAction":[{"@type":"ReadAction","target":["https:\/\/bokslukaren.org\/is\/hafdu-samband\/"]}]},{"@type":"ImageObject","inLanguage":"is","@id":"https:\/\/bokslukaren.org\/is\/hafdu-samband\/#primaryimage","url":"https:\/\/bokslukaren.org\/wp-content\/uploads\/2021\/09\/bokslukaren-og.png","contentUrl":"https:\/\/bokslukaren.org\/wp-content\/uploads\/2021\/09\/bokslukaren-og.png","width":1200,"height":630},{"@type":"WebSite","@id":"https:\/\/bokslukaren.org\/#website","url":"https:\/\/bokslukaren.org\/","name":"Bokslukaren","description":"Test","potentialAction":[{"@type":"SearchAction","target":{"@type":"EntryPoint","urlTemplate":"https:\/\/bokslukaren.org\/?s={search_term_string}"},"query-input":{"@type":"PropertyValueSpecification","valueRequired":true,"valueName":"search_term_string"}}],"inLanguage":"is"}]}},"_links":{"self":[{"href":"https:\/\/bokslukaren.org\/is\/wp-json\/wp\/v2\/pages\/404","targetHints":{"allow":["GET"]}}],"collection":[{"href":"https:\/\/bokslukaren.org\/is\/wp-json\/wp\/v2\/pages"}],"about":[{"href":"https:\/\/bokslukaren.org\/is\/wp-json\/wp\/v2\/types\/page"}],"author":[{"embeddable":true,"href":"https:\/\/bokslukaren.org\/is\/wp-json\/wp\/v2\/users\/1"}],"replies":[{"embeddable":true,"href":"https:\/\/bokslukaren.org\/is\/wp-json\/wp\/v2\/comments?post=404"}],"version-history":[{"count":15,"href":"https:\/\/bokslukaren.org\/is\/wp-json\/wp\/v2\/pages\/404\/revisions"}],"predecessor-version":[{"id":5365,"href":"https:\/\/bokslukaren.org\/is\/wp-json\/wp\/v2\/pages\/404\/revisions\/5365"}],"wp:featuredmedia":[{"embeddable":true,"href":"https:\/\/bokslukaren.org\/is\/wp-json\/wp\/v2\/media\/473"}],"wp:attachment":[{"href":"https:\/\/bokslukaren.org\/is\/wp-json\/wp\/v2\/media?parent=404"}],"curies":[{"name":"wp","href":"https:\/\/api.w.org\/{rel}","templated":true}]}}