{"id":412,"date":"2021-09-14T00:35:44","date_gmt":"2021-09-13T21:35:44","guid":{"rendered":"https:\/\/bokslukaren.org\/tietoa-hankkeesta\/"},"modified":"2025-09-09T10:48:12","modified_gmt":"2025-09-09T07:48:12","slug":"hefjum-lesturinn","status":"publish","type":"page","link":"https:\/\/bokslukaren.org\/is\/hefjum-lesturinn\/","title":{"rendered":"Hefjum lesturinn"},"content":{"rendered":"<div class=\"wp-bootstrap-blocks-container container mb-5\">\n\t\n<div class=\"wp-bootstrap-blocks-row row justify-content-center align-items-center\">\n\t\n\n<div class=\"col-12 col-lg-10 col-xxl-8\">\n\t\t\t<div class=\"h-100 d-flex flex-column justify-content-center\">\n\t\t\t\n\n<h1 class=\"wp-block-heading has-text-align-center\" id=\"hugmyndin\"><strong>Hefjum lesturinn<\/strong><\/h1>\n\n\t\t<\/div>\n\t<\/div>\n\n<\/div>\n\n\n<div class=\"wp-bootstrap-blocks-row row justify-content-center align-items-center\">\n\t\n\n<div class=\"col-12 col-sm-6 col-lg-4\">\n\t\t\t<div class=\"h-100 d-flex flex-column justify-content-center p-2\">\n\t\t\t\n\n<h3 style=\"text-align: center;\"><strong><span class=\"TextRun MacChromeBold SCXW233146175 BCX0\" lang=\"IS-IS\" xml:lang=\"IS-IS\" data-contrast=\"auto\"><span class=\"NormalTextRun SCXW233146175 BCX0\">Kynntu Norr\u00e6na b\u00f3kagleypinn \u00e1 vinnusta\u00f0num \u00fe\u00ednum me\u00f0 samtalsspj\u00f6ldum!<\/span><\/span><span class=\"EOP SCXW233146175 BCX0\" data-ccp-props=\"{&quot;335551550&quot;:2,&quot;335551620&quot;:2}\">\u00a0<\/span><\/strong><\/h3>\n<p style=\"text-align: center;\"><span data-contrast=\"auto\">Vi\u00f0 l\u00e9tum hanna samtalsspj\u00f6ld sem h\u00e6gt er a\u00f0 nota til a\u00f0 hefja samtal og vekja spurningar um myndab\u00e6kurnar og l\u00fd\u00f0r\u00e6\u00f0islegt gildi \u00feeirra.\u00a0<\/span><span data-ccp-props=\"{&quot;335551550&quot;:2,&quot;335551620&quot;:2}\">\u00a0<\/span><\/p>\n<p style=\"text-align: center;\"><a href=\"https:\/\/bokslukaren.org\/wp-content\/uploads\/2025\/09\/Samtalekort.pdf\"><i>Link to the cards<\/i><\/a><\/p>\n<p style=\"text-align: center;\"><span data-contrast=\"auto\">S\u00e6ki\u00f0 spj\u00f6ld, prenti\u00f0 \u00feau og noti\u00f0 til a\u00f0 hefja samtal fullor\u00f0inna um myndab\u00e6kur og t\u00e6kif\u00e6ri sem felast \u00ed Norr\u00e6na b\u00f3kagleypinum.<\/span><span data-ccp-props=\"{&quot;335551550&quot;:2,&quot;335551620&quot;:2}\">\u00a0<\/span><\/p>\n\n\t\t<\/div>\n\t<\/div>\n\n\n\n<div class=\"col-12 col-sm-6 col-lg-4\">\n\t\t\t<div class=\"h-100 d-flex flex-column justify-content-center p-3\">\n\t\t\t\n<div class=\"wp-block-image\">\n<figure class=\"aligncenter size-full\"><img loading=\"lazy\" decoding=\"async\" width=\"1000\" height=\"800\" src=\"https:\/\/bokslukaren.org\/wp-content\/uploads\/2022\/02\/Bogbanan_boken_optim.gif\" alt=\"\" class=\"wp-image-1739\"\/><\/figure>\n<\/div>\n\t\t<\/div>\n\t<\/div>\n\n<\/div>\n\n\n<div class=\"wp-bootstrap-blocks-row row justify-content-center align-items-center\">\n\t\n\n<div class=\"col-12 col-sm-6 col-lg-4\">\n\t\t\t<div class=\"h-100 d-flex flex-column justify-content-center p-3\">\n\t\t\t\n<div class=\"wp-block-image\">\n<figure class=\"aligncenter size-full is-resized\"><img loading=\"lazy\" decoding=\"async\" width=\"410\" height=\"974\" src=\"https:\/\/bokslukaren.org\/wp-content\/uploads\/2022\/02\/Bogbanan-8.png\" alt=\"\" class=\"wp-image-1728\" style=\"width:190px;height:487px\" srcset=\"https:\/\/bokslukaren.org\/wp-content\/uploads\/2022\/02\/Bogbanan-8.png 410w, https:\/\/bokslukaren.org\/wp-content\/uploads\/2022\/02\/Bogbanan-8-126x300.png 126w\" sizes=\"auto, (max-width: 410px) 100vw, 410px\" \/><\/figure>\n<\/div>\n\t\t<\/div>\n\t<\/div>\n\n\n\n<div class=\"col-12 col-sm-6 col-lg-4\">\n\t\t\t<div class=\"h-100 d-flex flex-column justify-content-center p-2\">\n\t\t\t\n\n<h3 style=\"text-align: center;\"><strong><span class=\"TextRun SCXW28417455 BCX0\" lang=\"IS-IS\" xml:lang=\"IS-IS\" data-contrast=\"auto\"><span class=\"NormalTextRun SCXW28417455 BCX0\"><span class=\"TextRun MacChromeBold SCXW257015333 BCX0\" lang=\"IS-IS\" xml:lang=\"IS-IS\" data-contrast=\"auto\"><span class=\"NormalTextRun SCXW257015333 BCX0\">Ertu a\u00f0 nota Norr\u00e6na b\u00f3kagleypinn \u00ed fyrsta sinn?<\/span><\/span><span class=\"EOP SCXW257015333 BCX0\" data-ccp-props=\"{&quot;335551550&quot;:2,&quot;335551620&quot;:2}\">\u00a0<\/span><\/span><\/span><\/strong><\/h3>\n<p style=\"text-align: center;\"><span class=\"TextRun SCXW28417455 BCX0\" lang=\"IS-IS\" xml:lang=\"IS-IS\" data-contrast=\"auto\"><span class=\"NormalTextRun SCXW28417455 BCX0\">Gott er a\u00f0 kynna s\u00e9r efni\u00f0 \u00e1\u00f0ur en byrja\u00f0 er a\u00f0 nota Norr\u00e6na b\u00f3kagleypinn. Not<\/span><span class=\"NormalTextRun SCXW28417455 BCX0\">i\u00f0<\/span><span class=\"NormalTextRun SCXW28417455 BCX0\"> leitarv\u00e9lina til a\u00f0 finna b\u00e6kur sem <\/span><span class=\"NormalTextRun SCXW28417455 BCX0\">ykkur<\/span> <span class=\"NormalTextRun SCXW28417455 BCX0\">g\u00e6ti <\/span><span class=\"NormalTextRun SCXW28417455 BCX0\">langa<\/span><span class=\"NormalTextRun SCXW28417455 BCX0\">\u00f0<\/span><span class=\"NormalTextRun SCXW28417455 BCX0\"> a\u00f0 vinna me\u00f0. S\u00e6k<\/span><span class=\"NormalTextRun SCXW28417455 BCX0\">i\u00f0<\/span><span class=\"NormalTextRun SCXW28417455 BCX0\"> efni\u00f0 og far<\/span><span class=\"NormalTextRun SCXW28417455 BCX0\">i\u00f0<\/span><span class=\"NormalTextRun SCXW28417455 BCX0\"> yfir \u00fea\u00f0, <\/span><span class=\"NormalTextRun SCXW28417455 BCX0\">ef til vill<\/span><span class=\"NormalTextRun SCXW28417455 BCX0\"> me\u00f0 starfsf\u00e9laga. Huglei<\/span><span class=\"NormalTextRun SCXW28417455 BCX0\">\u00f0i\u00f0 hvernig \u00fei\u00f0 vilji\u00f0<\/span><span class=\"NormalTextRun SCXW28417455 BCX0\"> nota efni\u00f0 <\/span><span class=\"NormalTextRun SCXW28417455 BCX0\">me\u00f0 b\u00f6rnunum<\/span><span class=\"NormalTextRun SCXW28417455 BCX0\">. <\/span><\/span><\/p>\n<p style=\"text-align: center;\"><span class=\"TextRun SCXW28417455 BCX0\" lang=\"IS-IS\" xml:lang=\"IS-IS\" data-contrast=\"auto\"><span class=\"NormalTextRun SCXW28417455 BCX0\">Norr\u00e6ni b\u00f3kagleypirinn er hugsa\u00f0ur sem <strong>hugmyndabanki<\/strong> \u2013 <\/span><span class=\"NormalTextRun SCXW28417455 BCX0\">\u00fea\u00f0 er <\/span><span class=\"NormalTextRun SCXW28417455 BCX0\">ykkar<\/span><span class=\"NormalTextRun SCXW28417455 BCX0\"> a\u00f0 \u00e1kve\u00f0a<\/span><span class=\"NormalTextRun SCXW28417455 BCX0\"> hvernig \u00fe<\/span><span class=\"NormalTextRun SCXW28417455 BCX0\">i\u00f0 noti\u00f0<\/span><span class=\"NormalTextRun SCXW28417455 BCX0\"> hann!<\/span><\/span><\/p>\n<p style=\"text-align: center;\"><span class=\"EOP SCXW28417455 BCX0\" data-ccp-props=\"{&quot;335551550&quot;:2,&quot;335551620&quot;:2}\">Lestu meira um <\/span><a href=\"https:\/\/www.norden.org\/is\/verdlaun-nordurlandarads-fyrir-barna-og-unglingabokmenntir\"><span class=\"NormalTextRun SCXW218401989 BCX0\">Barna- og unglingab\u00f3kaver\u00f0launa Nor\u00f0urlandar\u00e1\u00f0s<\/span><\/a><span class=\"NormalTextRun SCXW218401989 BCX0\">\u00a0h\u00e9r!<\/span><\/p>\n\n\t\t<\/div>\n\t<\/div>\n\n<\/div>\n\n<\/div>\n\n\n<div class=\"wp-bootstrap-blocks-container container-fluid mb-5\">\n\t\n<div class=\"wp-bootstrap-blocks-row row\">\n\t\n\n<div class=\"col-12\">\n\t\t\t<div class=\"h-100 d-flex flex-column justify-content-start\">\n\t\t\t\n<div class=\"wp-block-image right-up\">\n<figure class=\"alignright size-full\"><img loading=\"lazy\" decoding=\"async\" width=\"996\" height=\"310\" src=\"https:\/\/bokslukaren.org\/wp-content\/uploads\/2021\/09\/pen-right.png\" alt=\"\" class=\"wp-image-221\" srcset=\"https:\/\/bokslukaren.org\/wp-content\/uploads\/2021\/09\/pen-right.png 996w, https:\/\/bokslukaren.org\/wp-content\/uploads\/2021\/09\/pen-right-300x93.png 300w, https:\/\/bokslukaren.org\/wp-content\/uploads\/2021\/09\/pen-right-768x239.png 768w\" sizes=\"auto, (max-width: 996px) 100vw, 996px\" \/><\/figure>\n<\/div>\n\t\t<\/div>\n\t<\/div>\n\n<\/div>\n\n<\/div>\n","protected":false},"excerpt":{"rendered":"","protected":false},"author":1,"featured_media":473,"parent":0,"menu_order":0,"comment_status":"closed","ping_status":"closed","template":"","meta":{"_acf_changed":false,"_monsterinsights_skip_tracking":false,"_monsterinsights_sitenote_active":false,"_monsterinsights_sitenote_note":"","_monsterinsights_sitenote_category":0,"footnotes":""},"class_list":["post-412","page","type-page","status-publish","has-post-thumbnail","hentry"],"acf":[],"yoast_head":"<!-- This site is optimized with the Yoast SEO plugin v27.5 - https:\/\/yoast.com\/product\/yoast-seo-wordpress\/ -->\n<title>Hefjum lesturinn - Bokslukaren<\/title>\n<meta name=\"robots\" content=\"index, follow, max-snippet:-1, max-image-preview:large, max-video-preview:-1\" \/>\n<link rel=\"canonical\" href=\"https:\/\/bokslukaren.org\/is\/hefjum-lesturinn\/\" \/>\n<meta property=\"og:locale\" content=\"is_IS\" \/>\n<meta property=\"og:type\" content=\"article\" \/>\n<meta property=\"og:title\" content=\"Hefjum lesturinn - Bokslukaren\" \/>\n<meta property=\"og:url\" content=\"https:\/\/bokslukaren.org\/is\/hefjum-lesturinn\/\" \/>\n<meta property=\"og:site_name\" content=\"Bokslukaren\" \/>\n<meta property=\"article:publisher\" content=\"https:\/\/www.facebook.com\/nordiskkulturkontakt\/\" \/>\n<meta property=\"article:modified_time\" content=\"2025-09-09T07:48:12+00:00\" \/>\n<meta property=\"og:image\" content=\"https:\/\/bokslukaren.org\/wp-content\/uploads\/2021\/09\/bokslukaren-og.png\" \/>\n\t<meta property=\"og:image:width\" content=\"1200\" \/>\n\t<meta property=\"og:image:height\" content=\"630\" \/>\n\t<meta property=\"og:image:type\" content=\"image\/png\" \/>\n<meta name=\"twitter:card\" content=\"summary_large_image\" \/>\n<meta name=\"twitter:label1\" content=\"Est. reading time\" \/>\n\t<meta name=\"twitter:data1\" content=\"2 minutes\" \/>\n<script type=\"application\/ld+json\" class=\"yoast-schema-graph\">{\"@context\":\"https:\\\/\\\/schema.org\",\"@graph\":[{\"@type\":\"WebPage\",\"@id\":\"https:\\\/\\\/bokslukaren.org\\\/is\\\/hefjum-lesturinn\\\/\",\"url\":\"https:\\\/\\\/bokslukaren.org\\\/is\\\/hefjum-lesturinn\\\/\",\"name\":\"Hefjum lesturinn - Bokslukaren\",\"isPartOf\":{\"@id\":\"https:\\\/\\\/bokslukaren.org\\\/is\\\/#website\"},\"primaryImageOfPage\":{\"@id\":\"https:\\\/\\\/bokslukaren.org\\\/is\\\/hefjum-lesturinn\\\/#primaryimage\"},\"image\":{\"@id\":\"https:\\\/\\\/bokslukaren.org\\\/is\\\/hefjum-lesturinn\\\/#primaryimage\"},\"thumbnailUrl\":\"https:\\\/\\\/bokslukaren.org\\\/wp-content\\\/uploads\\\/2021\\\/09\\\/bokslukaren-og.png\",\"datePublished\":\"2021-09-13T21:35:44+00:00\",\"dateModified\":\"2025-09-09T07:48:12+00:00\",\"inLanguage\":\"is\",\"potentialAction\":[{\"@type\":\"ReadAction\",\"target\":[\"https:\\\/\\\/bokslukaren.org\\\/is\\\/hefjum-lesturinn\\\/\"]}]},{\"@type\":\"ImageObject\",\"inLanguage\":\"is\",\"@id\":\"https:\\\/\\\/bokslukaren.org\\\/is\\\/hefjum-lesturinn\\\/#primaryimage\",\"url\":\"https:\\\/\\\/bokslukaren.org\\\/wp-content\\\/uploads\\\/2021\\\/09\\\/bokslukaren-og.png\",\"contentUrl\":\"https:\\\/\\\/bokslukaren.org\\\/wp-content\\\/uploads\\\/2021\\\/09\\\/bokslukaren-og.png\",\"width\":1200,\"height\":630},{\"@type\":\"WebSite\",\"@id\":\"https:\\\/\\\/bokslukaren.org\\\/is\\\/#website\",\"url\":\"https:\\\/\\\/bokslukaren.org\\\/is\\\/\",\"name\":\"Bokslukaren\",\"description\":\"Test\",\"potentialAction\":[{\"@type\":\"SearchAction\",\"target\":{\"@type\":\"EntryPoint\",\"urlTemplate\":\"https:\\\/\\\/bokslukaren.org\\\/is\\\/?s={search_term_string}\"},\"query-input\":{\"@type\":\"PropertyValueSpecification\",\"valueRequired\":true,\"valueName\":\"search_term_string\"}}],\"inLanguage\":\"is\"}]}<\/script>\n<!-- \/ Yoast SEO plugin. -->","yoast_head_json":{"title":"Hefjum lesturinn - Bokslukaren","robots":{"index":"index","follow":"follow","max-snippet":"max-snippet:-1","max-image-preview":"max-image-preview:large","max-video-preview":"max-video-preview:-1"},"canonical":"https:\/\/bokslukaren.org\/is\/hefjum-lesturinn\/","og_locale":"is_IS","og_type":"article","og_title":"Hefjum lesturinn - Bokslukaren","og_url":"https:\/\/bokslukaren.org\/is\/hefjum-lesturinn\/","og_site_name":"Bokslukaren","article_publisher":"https:\/\/www.facebook.com\/nordiskkulturkontakt\/","article_modified_time":"2025-09-09T07:48:12+00:00","og_image":[{"width":1200,"height":630,"url":"https:\/\/bokslukaren.org\/wp-content\/uploads\/2021\/09\/bokslukaren-og.png","type":"image\/png"}],"twitter_card":"summary_large_image","twitter_misc":{"Est. reading time":"2 minutes"},"schema":{"@context":"https:\/\/schema.org","@graph":[{"@type":"WebPage","@id":"https:\/\/bokslukaren.org\/is\/hefjum-lesturinn\/","url":"https:\/\/bokslukaren.org\/is\/hefjum-lesturinn\/","name":"Hefjum lesturinn - Bokslukaren","isPartOf":{"@id":"https:\/\/bokslukaren.org\/is\/#website"},"primaryImageOfPage":{"@id":"https:\/\/bokslukaren.org\/is\/hefjum-lesturinn\/#primaryimage"},"image":{"@id":"https:\/\/bokslukaren.org\/is\/hefjum-lesturinn\/#primaryimage"},"thumbnailUrl":"https:\/\/bokslukaren.org\/wp-content\/uploads\/2021\/09\/bokslukaren-og.png","datePublished":"2021-09-13T21:35:44+00:00","dateModified":"2025-09-09T07:48:12+00:00","inLanguage":"is","potentialAction":[{"@type":"ReadAction","target":["https:\/\/bokslukaren.org\/is\/hefjum-lesturinn\/"]}]},{"@type":"ImageObject","inLanguage":"is","@id":"https:\/\/bokslukaren.org\/is\/hefjum-lesturinn\/#primaryimage","url":"https:\/\/bokslukaren.org\/wp-content\/uploads\/2021\/09\/bokslukaren-og.png","contentUrl":"https:\/\/bokslukaren.org\/wp-content\/uploads\/2021\/09\/bokslukaren-og.png","width":1200,"height":630},{"@type":"WebSite","@id":"https:\/\/bokslukaren.org\/is\/#website","url":"https:\/\/bokslukaren.org\/is\/","name":"Bokslukaren","description":"Test","potentialAction":[{"@type":"SearchAction","target":{"@type":"EntryPoint","urlTemplate":"https:\/\/bokslukaren.org\/is\/?s={search_term_string}"},"query-input":{"@type":"PropertyValueSpecification","valueRequired":true,"valueName":"search_term_string"}}],"inLanguage":"is"}]}},"_links":{"self":[{"href":"https:\/\/bokslukaren.org\/is\/wp-json\/wp\/v2\/pages\/412","targetHints":{"allow":["GET"]}}],"collection":[{"href":"https:\/\/bokslukaren.org\/is\/wp-json\/wp\/v2\/pages"}],"about":[{"href":"https:\/\/bokslukaren.org\/is\/wp-json\/wp\/v2\/types\/page"}],"author":[{"embeddable":true,"href":"https:\/\/bokslukaren.org\/is\/wp-json\/wp\/v2\/users\/1"}],"replies":[{"embeddable":true,"href":"https:\/\/bokslukaren.org\/is\/wp-json\/wp\/v2\/comments?post=412"}],"version-history":[{"count":33,"href":"https:\/\/bokslukaren.org\/is\/wp-json\/wp\/v2\/pages\/412\/revisions"}],"predecessor-version":[{"id":5328,"href":"https:\/\/bokslukaren.org\/is\/wp-json\/wp\/v2\/pages\/412\/revisions\/5328"}],"wp:featuredmedia":[{"embeddable":true,"href":"https:\/\/bokslukaren.org\/is\/wp-json\/wp\/v2\/media\/473"}],"wp:attachment":[{"href":"https:\/\/bokslukaren.org\/is\/wp-json\/wp\/v2\/media?parent=412"}],"curies":[{"name":"wp","href":"https:\/\/api.w.org\/{rel}","templated":true}]}}