{"id":21,"date":"2021-09-10T18:13:31","date_gmt":"2021-09-10T15:13:31","guid":{"rendered":"https:\/\/bokslukaren.org\/?page_id=21"},"modified":"2025-08-20T14:05:58","modified_gmt":"2025-08-20T11:05:58","slug":"forside","status":"publish","type":"page","link":"https:\/\/bokslukaren.org\/no\/","title":{"rendered":"Den nordiske bokslukeren"},"content":{"rendered":"<div class=\"wp-bootstrap-blocks-container container mb-5\">\n\t\n<div class=\"wp-bootstrap-blocks-row row justify-content-center align-items-center\">\n\t\n\n<div class=\"col-12 col-md-8 col-lg-7 col-xxl-6\">\n\t\t\t<div class=\"h-100 d-flex flex-column justify-content-center p-3\">\n\t\t\t\n<div class=\"wp-block-image\">\n<figure class=\"aligncenter size-full\"><img loading=\"lazy\" decoding=\"async\" width=\"1000\" height=\"400\" src=\"https:\/\/bokslukaren.org\/wp-content\/uploads\/2022\/02\/Bogbananen_nukkuu_optim.gif\" alt=\"\" class=\"wp-image-1684\"\/><\/figure>\n<\/div>\n\t\t<\/div>\n\t<\/div>\n\n<\/div>\n\n\n<div class=\"wp-bootstrap-blocks-row row justify-content-center align-items-center\">\n\t\n\n<div class=\"col-12 col-md-10 col-xxl-8\">\n\t\t\t<div class=\"h-100 d-flex flex-column justify-content-center\">\n\t\t\t\n\n<h1 class=\"wp-block-heading has-text-align-center\" id=\"den-nordiske-bokslukeren\"><strong>Den nordiske bokslukeren<\/strong><\/h1>\n\n\n\n<h3 style=\"text-align: center;\"><strong>\u2013 din snarvei til boksamtaler med barn<br \/>om bildeb\u00f8ker p\u00e5 andre nordiske spr\u00e5k!<\/strong><\/h3>\n<p style=\"text-align: center;\"><span data-contrast=\"auto\">Den nordiske bokslukeren skaper pedagogisk st\u00f8ttemateriell til bildeb\u00f8ker fra alle nordiske land, gratis og p\u00e5 alle nordiske spr\u00e5k. Materiellet kan brukes fritt som utgangspunkt for diskusjon i boksamtaler med barn b\u00e5de i skolen, p\u00e5 biblioteket og hjemme i sofaen. <\/span><span data-contrast=\"auto\">Materiellet er skapt rundt bildeb\u00f8kene <\/span><span data-contrast=\"auto\">som er nominert til Nordisk r\u00e5ds barne- og ungdomslitteraturpris<\/span><span data-contrast=\"auto\">.<\/span><\/p>\n<p>\u00a0<\/p>\n<h3 style=\"text-align: center;\"><strong>Hvorfor Den nordiske bokslukeren?\u00a0\u00a0<\/strong><\/h3>\n<p style=\"text-align: center;\"><span data-contrast=\"auto\">Vi vil n\u00e5 ut til voksne som leser med barn, men som vil ha mer inspirasjon og st\u00f8tte i sin lesefremmende virksomhet. Materiellet hjelper deg \u00e5 ta bildeb\u00f8ker p\u00e5 andre nordiske spr\u00e5k inni lesesamtaler med barn. P\u00e5 den m\u00e5ten vil vi \u00f8ke kunnskapen om den nordiske bildebokskatten v\u00e5r og skape nordisk samh\u00f8righet gjennom lesing.\u00a0<\/span><span data-ccp-props=\"{&quot;335551550&quot;:2,&quot;335551620&quot;:2,&quot;335559685&quot;:-180,&quot;335559737&quot;:-180,&quot;335559739&quot;:240}\">\u00a0<\/span><\/p>\n<p style=\"text-align: center;\"><span data-contrast=\"auto\">Det pedagogiske st\u00f8ttemateriellet produseres av en nordisk arbeidsgruppe som best\u00e5r av barnebibliotekarer, illustrat\u00f8rer, forfattere og andre leseagenter. Nordisk kulturkontakt i Helsingfors har initiert og leder prosjektet, som finansieres av Nordisk ministerr\u00e5d.<\/span><\/p>\n<p>\u00a0<\/p>\n<h3 style=\"text-align: center;\"><strong>Velkommen inn og la deg inspirere!\u00a0\u00a0<\/strong><\/h3>\n\n\t\t<\/div>\n\t<\/div>\n\n<\/div>\n\n<\/div>\n\n\n<div class=\"wp-bootstrap-blocks-container container-fluid mb-5\">\n\t\n<div class=\"wp-bootstrap-blocks-row row gx-0 gy-3\">\n\t\n\n<div class=\"col-12\">\n\t\t\t\n<div class=\"wp-block-image left-over\">\n<figure class=\"alignleft size-full\"><img loading=\"lazy\" decoding=\"async\" width=\"1107\" height=\"229\" src=\"https:\/\/bokslukaren.org\/wp-content\/uploads\/2021\/09\/kyna-2.png\" alt=\"\" class=\"wp-image-136\" srcset=\"https:\/\/bokslukaren.org\/wp-content\/uploads\/2021\/09\/kyna-2.png 1107w, https:\/\/bokslukaren.org\/wp-content\/uploads\/2021\/09\/kyna-2-300x62.png 300w, https:\/\/bokslukaren.org\/wp-content\/uploads\/2021\/09\/kyna-2-1024x212.png 1024w, https:\/\/bokslukaren.org\/wp-content\/uploads\/2021\/09\/kyna-2-768x159.png 768w\" sizes=\"auto, (max-width: 1107px) 100vw, 1107px\" \/><\/figure>\n<\/div>\n\t<\/div>\n\n<\/div>\n\n<\/div>\n\n\n<div class=\"wp-bootstrap-blocks-container container mb-5\">\n\t\n<div class=\"wp-bootstrap-blocks-row row justify-content-center align-items-center\">\n\t\n\n<div class=\"col-12 col-lg-10 col-xxl-8\">\n\t\t\t\t<\/div>\n\n<\/div>\n\n<\/div>\n","protected":false},"excerpt":{"rendered":"","protected":false},"author":1,"featured_media":474,"parent":0,"menu_order":0,"comment_status":"closed","ping_status":"closed","template":"","meta":{"_acf_changed":false,"_monsterinsights_skip_tracking":false,"_monsterinsights_sitenote_active":false,"_monsterinsights_sitenote_note":"","_monsterinsights_sitenote_category":0,"footnotes":""},"class_list":["post-21","page","type-page","status-publish","has-post-thumbnail","hentry"],"acf":[],"yoast_head":"<!-- This site is optimized with the Yoast SEO plugin v27.3 - https:\/\/yoast.com\/product\/yoast-seo-wordpress\/ -->\n<title>Den nordiske bokslukeren - Bokslukaren<\/title>\n<meta name=\"robots\" content=\"index, follow, max-snippet:-1, max-image-preview:large, max-video-preview:-1\" \/>\n<link rel=\"canonical\" href=\"https:\/\/bokslukaren.org\/no\/\" \/>\n<meta property=\"og:locale\" content=\"nb_NO\" \/>\n<meta property=\"og:type\" content=\"article\" \/>\n<meta property=\"og:title\" content=\"Den nordiske bokslukeren - Bokslukaren\" \/>\n<meta property=\"og:url\" content=\"https:\/\/bokslukaren.org\/no\/\" \/>\n<meta property=\"og:site_name\" content=\"Bokslukaren\" \/>\n<meta property=\"article:publisher\" content=\"https:\/\/www.facebook.com\/nordiskkulturkontakt\/\" \/>\n<meta property=\"article:modified_time\" content=\"2025-08-20T11:05:58+00:00\" \/>\n<meta property=\"og:image\" content=\"https:\/\/bokslukaren.org\/wp-content\/uploads\/2021\/09\/bokslukaren-og.png\" \/>\n\t<meta property=\"og:image:width\" content=\"1200\" \/>\n\t<meta property=\"og:image:height\" content=\"630\" \/>\n\t<meta property=\"og:image:type\" content=\"image\/png\" \/>\n<meta name=\"twitter:card\" content=\"summary_large_image\" \/>\n<meta name=\"twitter:label1\" content=\"Ansl. lesetid\" \/>\n\t<meta name=\"twitter:data1\" content=\"2 minutter\" \/>\n<script type=\"application\/ld+json\" class=\"yoast-schema-graph\">{\"@context\":\"https:\\\/\\\/schema.org\",\"@graph\":[{\"@type\":\"WebPage\",\"@id\":\"https:\\\/\\\/bokslukaren.org\\\/no\\\/\",\"url\":\"https:\\\/\\\/bokslukaren.org\\\/no\\\/\",\"name\":\"Den nordiske bokslukeren - Bokslukaren\",\"isPartOf\":{\"@id\":\"https:\\\/\\\/bokslukaren.org\\\/#website\"},\"primaryImageOfPage\":{\"@id\":\"https:\\\/\\\/bokslukaren.org\\\/no\\\/#primaryimage\"},\"image\":{\"@id\":\"https:\\\/\\\/bokslukaren.org\\\/no\\\/#primaryimage\"},\"thumbnailUrl\":\"https:\\\/\\\/bokslukaren.org\\\/wp-content\\\/uploads\\\/2021\\\/09\\\/bokslukaren-og.png\",\"datePublished\":\"2021-09-10T15:13:31+00:00\",\"dateModified\":\"2025-08-20T11:05:58+00:00\",\"inLanguage\":\"nb-NO\",\"potentialAction\":[{\"@type\":\"ReadAction\",\"target\":[\"https:\\\/\\\/bokslukaren.org\\\/no\\\/\"]}]},{\"@type\":\"ImageObject\",\"inLanguage\":\"nb-NO\",\"@id\":\"https:\\\/\\\/bokslukaren.org\\\/no\\\/#primaryimage\",\"url\":\"https:\\\/\\\/bokslukaren.org\\\/wp-content\\\/uploads\\\/2021\\\/09\\\/bokslukaren-og.png\",\"contentUrl\":\"https:\\\/\\\/bokslukaren.org\\\/wp-content\\\/uploads\\\/2021\\\/09\\\/bokslukaren-og.png\",\"width\":1200,\"height\":630},{\"@type\":\"WebSite\",\"@id\":\"https:\\\/\\\/bokslukaren.org\\\/#website\",\"url\":\"https:\\\/\\\/bokslukaren.org\\\/\",\"name\":\"Bokslukaren\",\"description\":\"Test\",\"potentialAction\":[{\"@type\":\"SearchAction\",\"target\":{\"@type\":\"EntryPoint\",\"urlTemplate\":\"https:\\\/\\\/bokslukaren.org\\\/?s={search_term_string}\"},\"query-input\":{\"@type\":\"PropertyValueSpecification\",\"valueRequired\":true,\"valueName\":\"search_term_string\"}}],\"inLanguage\":\"nb-NO\"}]}<\/script>\n<!-- \/ Yoast SEO plugin. -->","yoast_head_json":{"title":"Den nordiske bokslukeren - Bokslukaren","robots":{"index":"index","follow":"follow","max-snippet":"max-snippet:-1","max-image-preview":"max-image-preview:large","max-video-preview":"max-video-preview:-1"},"canonical":"https:\/\/bokslukaren.org\/no\/","og_locale":"nb_NO","og_type":"article","og_title":"Den nordiske bokslukeren - Bokslukaren","og_url":"https:\/\/bokslukaren.org\/no\/","og_site_name":"Bokslukaren","article_publisher":"https:\/\/www.facebook.com\/nordiskkulturkontakt\/","article_modified_time":"2025-08-20T11:05:58+00:00","og_image":[{"width":1200,"height":630,"url":"https:\/\/bokslukaren.org\/wp-content\/uploads\/2021\/09\/bokslukaren-og.png","type":"image\/png"}],"twitter_card":"summary_large_image","twitter_misc":{"Ansl. lesetid":"2 minutter"},"schema":{"@context":"https:\/\/schema.org","@graph":[{"@type":"WebPage","@id":"https:\/\/bokslukaren.org\/no\/","url":"https:\/\/bokslukaren.org\/no\/","name":"Den nordiske bokslukeren - Bokslukaren","isPartOf":{"@id":"https:\/\/bokslukaren.org\/#website"},"primaryImageOfPage":{"@id":"https:\/\/bokslukaren.org\/no\/#primaryimage"},"image":{"@id":"https:\/\/bokslukaren.org\/no\/#primaryimage"},"thumbnailUrl":"https:\/\/bokslukaren.org\/wp-content\/uploads\/2021\/09\/bokslukaren-og.png","datePublished":"2021-09-10T15:13:31+00:00","dateModified":"2025-08-20T11:05:58+00:00","inLanguage":"nb-NO","potentialAction":[{"@type":"ReadAction","target":["https:\/\/bokslukaren.org\/no\/"]}]},{"@type":"ImageObject","inLanguage":"nb-NO","@id":"https:\/\/bokslukaren.org\/no\/#primaryimage","url":"https:\/\/bokslukaren.org\/wp-content\/uploads\/2021\/09\/bokslukaren-og.png","contentUrl":"https:\/\/bokslukaren.org\/wp-content\/uploads\/2021\/09\/bokslukaren-og.png","width":1200,"height":630},{"@type":"WebSite","@id":"https:\/\/bokslukaren.org\/#website","url":"https:\/\/bokslukaren.org\/","name":"Bokslukaren","description":"Test","potentialAction":[{"@type":"SearchAction","target":{"@type":"EntryPoint","urlTemplate":"https:\/\/bokslukaren.org\/?s={search_term_string}"},"query-input":{"@type":"PropertyValueSpecification","valueRequired":true,"valueName":"search_term_string"}}],"inLanguage":"nb-NO"}]}},"_links":{"self":[{"href":"https:\/\/bokslukaren.org\/no\/wp-json\/wp\/v2\/pages\/21","targetHints":{"allow":["GET"]}}],"collection":[{"href":"https:\/\/bokslukaren.org\/no\/wp-json\/wp\/v2\/pages"}],"about":[{"href":"https:\/\/bokslukaren.org\/no\/wp-json\/wp\/v2\/types\/page"}],"author":[{"embeddable":true,"href":"https:\/\/bokslukaren.org\/no\/wp-json\/wp\/v2\/users\/1"}],"replies":[{"embeddable":true,"href":"https:\/\/bokslukaren.org\/no\/wp-json\/wp\/v2\/comments?post=21"}],"version-history":[{"count":19,"href":"https:\/\/bokslukaren.org\/no\/wp-json\/wp\/v2\/pages\/21\/revisions"}],"predecessor-version":[{"id":4943,"href":"https:\/\/bokslukaren.org\/no\/wp-json\/wp\/v2\/pages\/21\/revisions\/4943"}],"wp:featuredmedia":[{"embeddable":true,"href":"https:\/\/bokslukaren.org\/no\/wp-json\/wp\/v2\/media\/474"}],"wp:attachment":[{"href":"https:\/\/bokslukaren.org\/no\/wp-json\/wp\/v2\/media?parent=21"}],"curies":[{"name":"wp","href":"https:\/\/api.w.org\/{rel}","templated":true}]}}