{"id":413,"date":"2021-09-14T00:35:44","date_gmt":"2021-09-13T21:35:44","guid":{"rendered":"https:\/\/bokslukaren.org\/tietoa-hankkeesta\/"},"modified":"2025-09-09T10:48:56","modified_gmt":"2025-09-09T07:48:56","slug":"kom-i-gang","status":"publish","type":"page","link":"https:\/\/bokslukaren.org\/no\/kom-i-gang\/","title":{"rendered":"Kom i gang\u00a0"},"content":{"rendered":"<div class=\"wp-bootstrap-blocks-container container mb-5\">\n\t\n<div class=\"wp-bootstrap-blocks-row row justify-content-center align-items-center\">\n\t\n\n<div class=\"col-12 col-lg-10 col-xxl-8\">\n\t\t\t<div class=\"h-100 d-flex flex-column justify-content-center\">\n\t\t\t\n\n<h1 class=\"wp-block-heading has-text-align-center\" id=\"tanken-bak\"><strong><strong>Kom i gang<\/strong><\/strong><\/h1>\n\n\t\t<\/div>\n\t<\/div>\n\n<\/div>\n\n\n<div class=\"wp-bootstrap-blocks-row row justify-content-center align-items-center\">\n\t\n\n<div class=\"col-12 col-sm-6 col-lg-4\">\n\t\t\t<div class=\"h-100 d-flex flex-column justify-content-center p-2\">\n\t\t\t\n\n<h3 class=\"wp-block-heading has-text-align-center\"><strong>Introduser Den nordiske bokslukeren for din arbeidsplass ved hjelp av samtalekort!<\/strong><\/h3>\n\n\n\n<p class=\"has-text-align-center\">Vi har utarbeidet samtalekort som kan brukes for \u00e5 skape dialog og refleksjon rundt bildeb\u00f8ker og deres demokratiske potensial.<\/p>\n\n\n\n<p class=\"has-text-align-center\"><em><a href=\"https:\/\/bokslukaren.org\/wp-content\/uploads\/2025\/09\/Samtalekort.pdf\">Link to the cards<\/a><\/em><\/p>\n\n\n\n<p class=\"has-text-align-center\">Last ned kortene, skriv dem ut og bruk dem til \u00e5 f\u00e5 i gang de voksnes samtale om bildeb\u00f8ker og mulighetene med Den nordiske bokslukeren.<\/p>\n\n\t\t<\/div>\n\t<\/div>\n\n\n\n<div class=\"col-12 col-sm-6 col-lg-4\">\n\t\t\t<div class=\"h-100 d-flex flex-column justify-content-center p-3\">\n\t\t\t\n<div class=\"wp-block-image\">\n<figure class=\"aligncenter size-full\"><img loading=\"lazy\" decoding=\"async\" width=\"1000\" height=\"800\" src=\"https:\/\/bokslukaren.org\/wp-content\/uploads\/2022\/02\/Bogbanan_boken_optim.gif\" alt=\"\" class=\"wp-image-1740\"\/><\/figure>\n<\/div>\n\t\t<\/div>\n\t<\/div>\n\n<\/div>\n\n\n<div class=\"wp-bootstrap-blocks-row row justify-content-center align-items-center\">\n\t\n\n<div class=\"col-12 col-sm-6 col-lg-4\">\n\t\t\t<div class=\"h-100 d-flex flex-column justify-content-center p-3\">\n\t\t\t\n<div class=\"wp-block-image\">\n<figure class=\"aligncenter size-full is-resized\"><img loading=\"lazy\" decoding=\"async\" width=\"410\" height=\"974\" src=\"https:\/\/bokslukaren.org\/wp-content\/uploads\/2022\/02\/Bogbanan-8.png\" alt=\"\" class=\"wp-image-1729\" style=\"width:190px;height:487px\" srcset=\"https:\/\/bokslukaren.org\/wp-content\/uploads\/2022\/02\/Bogbanan-8.png 410w, https:\/\/bokslukaren.org\/wp-content\/uploads\/2022\/02\/Bogbanan-8-126x300.png 126w\" sizes=\"auto, (max-width: 410px) 100vw, 410px\" \/><\/figure>\n<\/div>\n\t\t<\/div>\n\t<\/div>\n\n\n\n<div class=\"col-12 col-sm-6 col-lg-4\">\n\t\t\t<div class=\"h-100 d-flex flex-column justify-content-center p-2\">\n\t\t\t\n\n<h3 style=\"text-align: center;\"><strong><span class=\"TextRun MacChromeBold SCXW73182742 BCX0\" lang=\"NB-NO\" xml:lang=\"NB-NO\" data-contrast=\"auto\"><span class=\"NormalTextRun SCXW73182742 BCX0\">Skal du bruke Den nordiske bokslukeren for f\u00f8rste gang?<\/span><\/span><span class=\"EOP SCXW73182742 BCX0\" data-ccp-props=\"{&quot;335551550&quot;:2,&quot;335551620&quot;:2}\">\u00a0<\/span><\/strong><\/h3>\n<p style=\"text-align: center;\"><span class=\"TextRun SCXW7927106 BCX0\" lang=\"NB-NO\" xml:lang=\"NB-NO\" data-contrast=\"auto\"><span class=\"NormalTextRun SCXW7927106 BCX0\">F\u00f8r du g\u00e5r i gang med \u00e5 bruke Den nordiske bokslukeren, kan det v\u00e6re lurt \u00e5 gj\u00f8re seg kjent med materiellet.<\/span> <span class=\"NormalTextRun SCXW7927106 BCX0\">Bruk s\u00f8kefunksjonen for \u00e5 finne ut hvilke titler du kunne tenke deg \u00e5 jobbe med.<\/span> <span class=\"NormalTextRun SCXW7927106 BCX0\">Last ned materiellet og g\u00e5 gjennom det, eventuelt sammen med en kollega.<\/span> <span class=\"NormalTextRun SCXW7927106 BCX0\">Tenk over hvordan du kan bruke materiellet med din barnegruppe.<\/span> <\/span><\/p>\n<p style=\"text-align: center;\"><span class=\"TextRun SCXW7927106 BCX0\" lang=\"NB-NO\" xml:lang=\"NB-NO\" data-contrast=\"auto\"><span class=\"NormalTextRun SCXW7927106 BCX0\">Den nordiske bokslukeren er tenkt \u00e5 v\u00e6re et <strong>inspirasjons<\/strong>materiell \u2013 det er opp til deg hvordan du vil bruke det!<\/span><\/span><span class=\"EOP SCXW7927106 BCX0\" data-ccp-props=\"{&quot;335551550&quot;:2,&quot;335551620&quot;:2}\">\u00a0<\/span><\/p>\n<p style=\"text-align: center;\">Les mer om <a class=\"Hyperlink SCXW257104089 BCX0\" href=\"https:\/\/www.norden.org\/da\/bulitpris\" target=\"_blank\" rel=\"noreferrer noopener\"><span class=\"TextRun Underlined SCXW257104089 BCX0\" lang=\"DA-DK\" xml:lang=\"DA-DK\" data-contrast=\"none\"><span class=\"NormalTextRun SCXW257104089 BCX0\" data-ccp-charstyle=\"Hyperlink\">Nordisk r\u00e5ds barne\u2013 og ungdomslitteraturpris<\/span><\/span><\/a><span class=\"EOP SCXW257104089 BCX0\" data-ccp-props=\"{&quot;335551550&quot;:2,&quot;335551620&quot;:2,&quot;335559685&quot;:-180,&quot;335559737&quot;:-180,&quot;335559739&quot;:240}\">\u00a0her.<\/span><\/p>\n\n\t\t<\/div>\n\t<\/div>\n\n<\/div>\n\n<\/div>\n\n\n<div class=\"wp-bootstrap-blocks-container container-fluid mb-5\">\n\t\n<div class=\"wp-bootstrap-blocks-row row\">\n\t\n\n<div class=\"col-12\">\n\t\t\t<div class=\"h-100 d-flex flex-column justify-content-start\">\n\t\t\t\n<div class=\"wp-block-image right-up\">\n<figure class=\"alignright size-full\"><img loading=\"lazy\" decoding=\"async\" width=\"996\" height=\"310\" src=\"https:\/\/bokslukaren.org\/wp-content\/uploads\/2021\/09\/pen-right.png\" alt=\"\" class=\"wp-image-222\" srcset=\"https:\/\/bokslukaren.org\/wp-content\/uploads\/2021\/09\/pen-right.png 996w, https:\/\/bokslukaren.org\/wp-content\/uploads\/2021\/09\/pen-right-300x93.png 300w, https:\/\/bokslukaren.org\/wp-content\/uploads\/2021\/09\/pen-right-768x239.png 768w\" sizes=\"auto, (max-width: 996px) 100vw, 996px\" \/><\/figure>\n<\/div>\n\t\t<\/div>\n\t<\/div>\n\n<\/div>\n\n<\/div>\n","protected":false},"excerpt":{"rendered":"","protected":false},"author":1,"featured_media":474,"parent":0,"menu_order":0,"comment_status":"closed","ping_status":"closed","template":"","meta":{"_acf_changed":false,"_monsterinsights_skip_tracking":false,"_monsterinsights_sitenote_active":false,"_monsterinsights_sitenote_note":"","_monsterinsights_sitenote_category":0,"footnotes":""},"class_list":["post-413","page","type-page","status-publish","has-post-thumbnail","hentry"],"acf":[],"yoast_head":"<!-- This site is optimized with the Yoast SEO plugin v27.4 - https:\/\/yoast.com\/product\/yoast-seo-wordpress\/ -->\n<title>Kom i gang\u00a0 - Bokslukaren<\/title>\n<meta name=\"robots\" content=\"index, follow, max-snippet:-1, max-image-preview:large, max-video-preview:-1\" \/>\n<link rel=\"canonical\" href=\"https:\/\/bokslukaren.org\/no\/kom-i-gang\/\" \/>\n<meta property=\"og:locale\" content=\"nb_NO\" \/>\n<meta property=\"og:type\" content=\"article\" \/>\n<meta property=\"og:title\" content=\"Kom i gang\u00a0 - Bokslukaren\" \/>\n<meta property=\"og:url\" content=\"https:\/\/bokslukaren.org\/no\/kom-i-gang\/\" \/>\n<meta property=\"og:site_name\" content=\"Bokslukaren\" \/>\n<meta property=\"article:publisher\" content=\"https:\/\/www.facebook.com\/nordiskkulturkontakt\/\" \/>\n<meta property=\"article:modified_time\" content=\"2025-09-09T07:48:56+00:00\" \/>\n<meta property=\"og:image\" content=\"https:\/\/bokslukaren.org\/wp-content\/uploads\/2021\/09\/bokslukaren-og.png\" \/>\n\t<meta property=\"og:image:width\" content=\"1200\" \/>\n\t<meta property=\"og:image:height\" content=\"630\" \/>\n\t<meta property=\"og:image:type\" content=\"image\/png\" \/>\n<meta name=\"twitter:card\" content=\"summary_large_image\" \/>\n<meta name=\"twitter:label1\" content=\"Ansl. lesetid\" \/>\n\t<meta name=\"twitter:data1\" content=\"2 minutter\" \/>\n<script type=\"application\/ld+json\" class=\"yoast-schema-graph\">{\"@context\":\"https:\\\/\\\/schema.org\",\"@graph\":[{\"@type\":\"WebPage\",\"@id\":\"https:\\\/\\\/bokslukaren.org\\\/no\\\/kom-i-gang\\\/\",\"url\":\"https:\\\/\\\/bokslukaren.org\\\/no\\\/kom-i-gang\\\/\",\"name\":\"Kom i gang\u00a0 - Bokslukaren\",\"isPartOf\":{\"@id\":\"https:\\\/\\\/bokslukaren.org\\\/#website\"},\"primaryImageOfPage\":{\"@id\":\"https:\\\/\\\/bokslukaren.org\\\/no\\\/kom-i-gang\\\/#primaryimage\"},\"image\":{\"@id\":\"https:\\\/\\\/bokslukaren.org\\\/no\\\/kom-i-gang\\\/#primaryimage\"},\"thumbnailUrl\":\"https:\\\/\\\/bokslukaren.org\\\/wp-content\\\/uploads\\\/2021\\\/09\\\/bokslukaren-og.png\",\"datePublished\":\"2021-09-13T21:35:44+00:00\",\"dateModified\":\"2025-09-09T07:48:56+00:00\",\"inLanguage\":\"nb-NO\",\"potentialAction\":[{\"@type\":\"ReadAction\",\"target\":[\"https:\\\/\\\/bokslukaren.org\\\/no\\\/kom-i-gang\\\/\"]}]},{\"@type\":\"ImageObject\",\"inLanguage\":\"nb-NO\",\"@id\":\"https:\\\/\\\/bokslukaren.org\\\/no\\\/kom-i-gang\\\/#primaryimage\",\"url\":\"https:\\\/\\\/bokslukaren.org\\\/wp-content\\\/uploads\\\/2021\\\/09\\\/bokslukaren-og.png\",\"contentUrl\":\"https:\\\/\\\/bokslukaren.org\\\/wp-content\\\/uploads\\\/2021\\\/09\\\/bokslukaren-og.png\",\"width\":1200,\"height\":630},{\"@type\":\"WebSite\",\"@id\":\"https:\\\/\\\/bokslukaren.org\\\/#website\",\"url\":\"https:\\\/\\\/bokslukaren.org\\\/\",\"name\":\"Bokslukaren\",\"description\":\"Test\",\"potentialAction\":[{\"@type\":\"SearchAction\",\"target\":{\"@type\":\"EntryPoint\",\"urlTemplate\":\"https:\\\/\\\/bokslukaren.org\\\/?s={search_term_string}\"},\"query-input\":{\"@type\":\"PropertyValueSpecification\",\"valueRequired\":true,\"valueName\":\"search_term_string\"}}],\"inLanguage\":\"nb-NO\"}]}<\/script>\n<!-- \/ Yoast SEO plugin. -->","yoast_head_json":{"title":"Kom i gang\u00a0 - Bokslukaren","robots":{"index":"index","follow":"follow","max-snippet":"max-snippet:-1","max-image-preview":"max-image-preview:large","max-video-preview":"max-video-preview:-1"},"canonical":"https:\/\/bokslukaren.org\/no\/kom-i-gang\/","og_locale":"nb_NO","og_type":"article","og_title":"Kom i gang\u00a0 - Bokslukaren","og_url":"https:\/\/bokslukaren.org\/no\/kom-i-gang\/","og_site_name":"Bokslukaren","article_publisher":"https:\/\/www.facebook.com\/nordiskkulturkontakt\/","article_modified_time":"2025-09-09T07:48:56+00:00","og_image":[{"width":1200,"height":630,"url":"https:\/\/bokslukaren.org\/wp-content\/uploads\/2021\/09\/bokslukaren-og.png","type":"image\/png"}],"twitter_card":"summary_large_image","twitter_misc":{"Ansl. lesetid":"2 minutter"},"schema":{"@context":"https:\/\/schema.org","@graph":[{"@type":"WebPage","@id":"https:\/\/bokslukaren.org\/no\/kom-i-gang\/","url":"https:\/\/bokslukaren.org\/no\/kom-i-gang\/","name":"Kom i gang\u00a0 - Bokslukaren","isPartOf":{"@id":"https:\/\/bokslukaren.org\/#website"},"primaryImageOfPage":{"@id":"https:\/\/bokslukaren.org\/no\/kom-i-gang\/#primaryimage"},"image":{"@id":"https:\/\/bokslukaren.org\/no\/kom-i-gang\/#primaryimage"},"thumbnailUrl":"https:\/\/bokslukaren.org\/wp-content\/uploads\/2021\/09\/bokslukaren-og.png","datePublished":"2021-09-13T21:35:44+00:00","dateModified":"2025-09-09T07:48:56+00:00","inLanguage":"nb-NO","potentialAction":[{"@type":"ReadAction","target":["https:\/\/bokslukaren.org\/no\/kom-i-gang\/"]}]},{"@type":"ImageObject","inLanguage":"nb-NO","@id":"https:\/\/bokslukaren.org\/no\/kom-i-gang\/#primaryimage","url":"https:\/\/bokslukaren.org\/wp-content\/uploads\/2021\/09\/bokslukaren-og.png","contentUrl":"https:\/\/bokslukaren.org\/wp-content\/uploads\/2021\/09\/bokslukaren-og.png","width":1200,"height":630},{"@type":"WebSite","@id":"https:\/\/bokslukaren.org\/#website","url":"https:\/\/bokslukaren.org\/","name":"Bokslukaren","description":"Test","potentialAction":[{"@type":"SearchAction","target":{"@type":"EntryPoint","urlTemplate":"https:\/\/bokslukaren.org\/?s={search_term_string}"},"query-input":{"@type":"PropertyValueSpecification","valueRequired":true,"valueName":"search_term_string"}}],"inLanguage":"nb-NO"}]}},"_links":{"self":[{"href":"https:\/\/bokslukaren.org\/no\/wp-json\/wp\/v2\/pages\/413","targetHints":{"allow":["GET"]}}],"collection":[{"href":"https:\/\/bokslukaren.org\/no\/wp-json\/wp\/v2\/pages"}],"about":[{"href":"https:\/\/bokslukaren.org\/no\/wp-json\/wp\/v2\/types\/page"}],"author":[{"embeddable":true,"href":"https:\/\/bokslukaren.org\/no\/wp-json\/wp\/v2\/users\/1"}],"replies":[{"embeddable":true,"href":"https:\/\/bokslukaren.org\/no\/wp-json\/wp\/v2\/comments?post=413"}],"version-history":[{"count":34,"href":"https:\/\/bokslukaren.org\/no\/wp-json\/wp\/v2\/pages\/413\/revisions"}],"predecessor-version":[{"id":5329,"href":"https:\/\/bokslukaren.org\/no\/wp-json\/wp\/v2\/pages\/413\/revisions\/5329"}],"wp:featuredmedia":[{"embeddable":true,"href":"https:\/\/bokslukaren.org\/no\/wp-json\/wp\/v2\/media\/474"}],"wp:attachment":[{"href":"https:\/\/bokslukaren.org\/no\/wp-json\/wp\/v2\/media?parent=413"}],"curies":[{"name":"wp","href":"https:\/\/api.w.org\/{rel}","templated":true}]}}